{"id":135387,"date":"2023-08-20T10:06:29","date_gmt":"2023-08-20T09:06:29","guid":{"rendered":"https:\/\/ivssuk.com\/localizacao-de-navios-e-cargas\/"},"modified":"2023-08-20T10:06:42","modified_gmt":"2023-08-20T09:06:42","slug":"localizacao-de-navios-e-cargas","status":"publish","type":"page","link":"https:\/\/ivssuk.com\/pt-pt\/localizacao-de-navios-e-cargas\/","title":{"rendered":"Localiza\u00e7\u00e3o de navios e cargas"},"content":{"rendered":"<p>[et_pb_section fb_built=&#8221;1&#8243; _builder_version=&#8221;4.16&#8243; global_colors_info=&#8221;{}&#8221;][et_pb_row _builder_version=&#8221;4.16&#8243; background_size=&#8221;initial&#8221; background_position=&#8221;top_left&#8221; background_repeat=&#8221;repeat&#8221; global_colors_info=&#8221;{}&#8221;][et_pb_column type=&#8221;4_4&#8243; _builder_version=&#8221;4.16&#8243; custom_padding=&#8221;|||&#8221; global_colors_info=&#8221;{}&#8221; custom_padding__hover=&#8221;|||&#8221;][et_pb_text _builder_version=&#8221;4.20.0&#8243; hover_enabled=&#8221;0&#8243; global_colors_info=&#8221;{}&#8221; sticky_enabled=&#8221;0&#8243;]<\/p>\n<h1><strong>Localiza\u00e7\u00e3o de navios e cargas<\/strong><\/h1>\n<p>&nbsp;<\/p>\n<p>Existem v\u00e1rias formas de seguir a sua carga e o navio em que se encontra. \u00c9 importante notar que nem todas as transportadoras fornecem o seguimento da carga em tempo real.<\/p>\n<ul>\n<li>  Sistema de rastreio das transportadoras &#8211; algumas, mas nem todas as empresas de transporte mar\u00edtimo, t\u00eam a possibilidade de rastrear a carga nos seus s\u00edtios Web.<\/li>\n<li>  Utilizar s\u00edtios Web de localiza\u00e7\u00e3o de embarca\u00e7\u00f5es de terceiros<\/li>\n<\/ul>\n<p>[\/et_pb_text][et_pb_text _builder_version=&#8221;4.20.0&#8243; hover_enabled=&#8221;0&#8243; global_colors_info=&#8221;{}&#8221; sticky_enabled=&#8221;0&#8243;]<\/p>\n<h3><strong>Rastreio de carga Roll on Roll Off<\/strong><\/h3>\n<p>Geralmente, para poder acompanhar a carga Roll on Roll Off, necessita do seu n\u00famero de reserva ou do n\u00famero do conhecimento de embarque; se n\u00e3o o tiver, contacte-nos e n\u00f3s fornec\u00ea-lo-emos. Tenha em aten\u00e7\u00e3o que, geralmente, pode demorar 1 a 3 dias \u00fateis para que os sistemas de rastreio sejam actualizados.<\/p>\n<h4><strong>Transportadoras com rastreio<\/strong><\/h4>\n<ul>\n<li>WWL (Wallenius Wilhelmsen) &#8211; fornece rastreio em tempo real no seu s\u00edtio <a href=\"https:\/\/www.walleniuswilhelmsen.com\/track-trace\">Web<\/a> &#8211; necessita da sua reserva ou do n\u00famero BL<\/li>\n<li>Hoegh Auto Liners &#8211; fornece um rastreio limitado em tempo real no seu s\u00edtio <a href=\"https:\/\/www.hoeghautoliners.com\/my-cargo\">Web <\/a> &#8211; necessitar\u00e1 do seu n\u00famero de identifica\u00e7\u00e3o<\/li>\n<li>K-Line &#8211; permite o acompanhamento em tempo real no seu s\u00edtio <a href=\"https:\/\/apps.klineglobalroro.com\/tracking\/search\">Web<\/a> &#8211; necessita da sua reserva ou do n\u00famero BL<\/li>\n<li>Eukor &#8211; fornece rastreio em tempo real no seu s\u00edtio <a href=\"https:\/\/www.eukor.com\/cargo-tracking\">Web<\/a> &#8211; necessitar\u00e1 do seu n\u00famero de BL<\/li>\n<li>ACL (Atlantic Container Line) &#8211; fornece rastreio em tempo real no seu s\u00edtio <a href=\"https:\/\/www.gnet.grimaldi-eservice.com\/GNET\/Pages_RoroTracking\/WFRoroTracking\">Web<\/a> &#8211; necessitar\u00e1 do seu n\u00famero BL e VIN<\/li>\n<li>Grimaldi &#8211; fornece rastreio em tempo real no seu s\u00edtio <a href=\"https:\/\/www.gnet.grimaldi-eservice.com\/GNET\/Pages_RoroTracking\/WFRoroTracking\">Web<\/a> &#8211; necessitar\u00e1 do seu n\u00famero BL e VIN<\/li>\n<li>MOL &#8211; fornece rastreio em tempo real no seu s\u00edtio <a href=\"https:\/\/www.molace.com\/TRK\/Search\">Web<\/a> &#8211; necessitar\u00e1 do seu n\u00famero BL<\/li>\n<\/ul>\n<h4><strong>Transportadoras sem rastreio<\/strong><\/h4>\n<p>No caso das transportadoras, sem o rastreio, ter\u00e1 de seguir o navio espec\u00edfico em s\u00edtios Web de terceiros, como o marine traffic, ou estar atento aos hor\u00e1rios, pois, dependendo da transportadora, os hor\u00e1rios podem n\u00e3o fornecer actualiza\u00e7\u00f5es em tempo real.<\/p>\n<ul>\n<li>NYK &#8211; n\u00e3o fornece rastreio em direto &#8211; ter\u00e1 de verificar os \u00faltimos hor\u00e1rios no seu s\u00edtio <a href=\"http:\/\/www.nykroro.com\/customer\/schedules.html\">Web<\/a><\/li>\n<\/ul>\n<p>[\/et_pb_text][et_pb_text _builder_version=&#8221;4.16&#8243; global_colors_info=&#8221;{}&#8221;]<\/p>\n<h2><strong>Localiza\u00e7\u00e3o de embarca\u00e7\u00f5es em direto<\/strong><\/h2>\n<p>Para localizar um navio espec\u00edfico, pode utilizar a funcionalidade de pesquisa no mapa abaixo, bastando para tal o nome do navio<\/p>\n<p><script type=\"text\/javascript\"> width='100%';\t\/\/ the width of the embedded map in pixels or percentage height='750';\t\/\/ the height of the embedded map in pixels or percentage border='1';\t\/\/ the width of the border around the map (zero means no border) shownames='false';\t\/\/ to display ship names on the map (true or false) latitude='37.4460';\t\/\/ the latitude of the center of the map, in decimal degrees longitude='24.9467';\t\/\/ the longitude of the center of the map, in decimal degrees zoom='9';\t\/\/ the zoom level of the map (values between 2 and 17) maptype='1';\t\/\/ use 0 for Normal Map, 1 for Satellite, 2 for OpenStreetMap trackvessel='0';\t\/\/ MMSI of a vessel (note: vessel will be displayed only if within range of the system) - overrides \"zoom\" option fleet='';\t\/\/ the registered email address of a user-defined fleet (user's default fleet is used) <\/script> <script type=\"text\/javascript\" src=\"\/\/www.marinetraffic.com\/js\/embed.js\"><\/script><\/p>\n<p>[\/et_pb_text][\/et_pb_column][\/et_pb_row][\/et_pb_section]<\/p>\n","protected":false},"excerpt":{"rendered":"<p>Localiza\u00e7\u00e3o de navios e cargas &nbsp; Existem v\u00e1rias formas de seguir a sua carga e o navio em que se encontra. \u00c9 importante notar que nem todas as transportadoras fornecem o seguimento da carga em tempo real. Sistema de rastreio das transportadoras &#8211; algumas, mas nem todas as empresas de transporte mar\u00edtimo, t\u00eam a possibilidade [&hellip;]<\/p>\n","protected":false},"author":1,"featured_media":0,"parent":0,"menu_order":0,"comment_status":"closed","ping_status":"closed","template":"","meta":{"_et_pb_use_builder":"on","_et_pb_old_content":"","_et_gb_content_width":"","content-type":"","footnotes":""},"class_list":["post-135387","page","type-page","status-publish","hentry"],"yoast_head":"<!-- This site is optimized with the Yoast SEO plugin v27.2 - https:\/\/yoast.com\/product\/yoast-seo-wordpress\/ -->\n<title>Rastreio de navios e cargas Roll on Roll Off (RORO)<\/title>\n<meta name=\"description\" content=\"RORO Rastreio de carga para transporte de ve\u00edculos, liga\u00e7\u00f5es e informa\u00e7\u00f5es sobre como e onde rastrear a carga ou o navio.\" \/>\n<meta name=\"robots\" content=\"index, follow, max-snippet:-1, max-image-preview:large, max-video-preview:-1\" \/>\n<link rel=\"canonical\" href=\"https:\/\/ivssuk.com\/pt-pt\/localizacao-de-navios-e-cargas\/\" \/>\n<meta property=\"og:locale\" content=\"pt_PT\" \/>\n<meta property=\"og:type\" content=\"article\" \/>\n<meta property=\"og:title\" content=\"Rastreio de navios e cargas Roll on Roll Off (RORO)\" \/>\n<meta property=\"og:description\" content=\"RORO Rastreio de carga para transporte de ve\u00edculos, liga\u00e7\u00f5es e informa\u00e7\u00f5es sobre como e onde rastrear a carga ou o navio.\" \/>\n<meta property=\"og:url\" content=\"https:\/\/ivssuk.com\/pt-pt\/localizacao-de-navios-e-cargas\/\" \/>\n<meta property=\"og:site_name\" content=\"IVSS\" \/>\n<meta property=\"article:publisher\" content=\"https:\/\/www.facebook.com\/IVSSUK\" \/>\n<meta property=\"article:modified_time\" content=\"2023-08-20T09:06:42+00:00\" \/>\n<meta name=\"twitter:card\" content=\"summary_large_image\" \/>\n<meta name=\"twitter:site\" content=\"@ivssuk\" \/>\n<meta name=\"twitter:label1\" content=\"Tempo estimado de leitura\" \/>\n\t<meta name=\"twitter:data1\" content=\"2 minutos\" \/>\n<script type=\"application\/ld+json\" class=\"yoast-schema-graph\">{\"@context\":\"https:\/\/schema.org\",\"@graph\":[{\"@type\":\"WebPage\",\"@id\":\"https:\/\/ivssuk.com\/pt-pt\/localizacao-de-navios-e-cargas\/\",\"url\":\"https:\/\/ivssuk.com\/pt-pt\/localizacao-de-navios-e-cargas\/\",\"name\":\"Rastreio de navios e cargas Roll on Roll Off (RORO)\",\"isPartOf\":{\"@id\":\"https:\/\/ivssuk.com\/pt-pt\/#website\"},\"datePublished\":\"2023-08-20T09:06:29+00:00\",\"dateModified\":\"2023-08-20T09:06:42+00:00\",\"description\":\"RORO Rastreio de carga para transporte de ve\u00edculos, liga\u00e7\u00f5es e informa\u00e7\u00f5es sobre como e onde rastrear a carga ou o navio.\",\"breadcrumb\":{\"@id\":\"https:\/\/ivssuk.com\/pt-pt\/localizacao-de-navios-e-cargas\/#breadcrumb\"},\"inLanguage\":\"pt-PT\",\"potentialAction\":[{\"@type\":\"ReadAction\",\"target\":[\"https:\/\/ivssuk.com\/pt-pt\/localizacao-de-navios-e-cargas\/\"]}]},{\"@type\":\"BreadcrumbList\",\"@id\":\"https:\/\/ivssuk.com\/pt-pt\/localizacao-de-navios-e-cargas\/#breadcrumb\",\"itemListElement\":[{\"@type\":\"ListItem\",\"position\":1,\"name\":\"In\u00edcio\",\"item\":\"https:\/\/ivssuk.com\/pt-pt\/inicio\/\"},{\"@type\":\"ListItem\",\"position\":2,\"name\":\"Localiza\u00e7\u00e3o de navios e cargas\"}]},{\"@type\":\"WebSite\",\"@id\":\"https:\/\/ivssuk.com\/pt-pt\/#website\",\"url\":\"https:\/\/ivssuk.com\/pt-pt\/\",\"name\":\"IVSS\",\"description\":\"\",\"publisher\":{\"@id\":\"https:\/\/ivssuk.com\/pt-pt\/#organization\"},\"alternateName\":\"International Vehicle Shipping Services\",\"inLanguage\":\"pt-PT\"},{\"@type\":\"Organization\",\"@id\":\"https:\/\/ivssuk.com\/pt-pt\/#organization\",\"name\":\"Servi\u00e7os de transporte internacional de ve\u00edculos\",\"alternateName\":\"IVSS\",\"url\":\"https:\/\/ivssuk.com\/pt-pt\/\",\"logo\":{\"@type\":\"ImageObject\",\"inLanguage\":\"pt-PT\",\"@id\":\"https:\/\/ivssuk.com\/pt-pt\/#\/schema\/logo\/image\/\",\"url\":\"https:\/\/i0.wp.com\/ivssuk.com\/wp-content\/uploads\/2017\/01\/IVSS-Logo-420web.png?fit=420%2C125&ssl=1\",\"contentUrl\":\"https:\/\/i0.wp.com\/ivssuk.com\/wp-content\/uploads\/2017\/01\/IVSS-Logo-420web.png?fit=420%2C125&ssl=1\",\"width\":420,\"height\":125,\"caption\":\"Servi\u00e7os de transporte internacional de ve\u00edculos\"},\"image\":{\"@id\":\"https:\/\/ivssuk.com\/pt-pt\/#\/schema\/logo\/image\/\"},\"sameAs\":[\"https:\/\/www.facebook.com\/IVSSUK\",\"https:\/\/x.com\/ivssuk\"]}]}<\/script>\n<!-- \/ Yoast SEO plugin. -->","yoast_head_json":{"title":"Rastreio de navios e cargas Roll on Roll Off (RORO)","description":"RORO Rastreio de carga para transporte de ve\u00edculos, liga\u00e7\u00f5es e informa\u00e7\u00f5es sobre como e onde rastrear a carga ou o navio.","robots":{"index":"index","follow":"follow","max-snippet":"max-snippet:-1","max-image-preview":"max-image-preview:large","max-video-preview":"max-video-preview:-1"},"canonical":"https:\/\/ivssuk.com\/pt-pt\/localizacao-de-navios-e-cargas\/","og_locale":"pt_PT","og_type":"article","og_title":"Rastreio de navios e cargas Roll on Roll Off (RORO)","og_description":"RORO Rastreio de carga para transporte de ve\u00edculos, liga\u00e7\u00f5es e informa\u00e7\u00f5es sobre como e onde rastrear a carga ou o navio.","og_url":"https:\/\/ivssuk.com\/pt-pt\/localizacao-de-navios-e-cargas\/","og_site_name":"IVSS","article_publisher":"https:\/\/www.facebook.com\/IVSSUK","article_modified_time":"2023-08-20T09:06:42+00:00","twitter_card":"summary_large_image","twitter_site":"@ivssuk","twitter_misc":{"Tempo estimado de leitura":"2 minutos"},"schema":{"@context":"https:\/\/schema.org","@graph":[{"@type":"WebPage","@id":"https:\/\/ivssuk.com\/pt-pt\/localizacao-de-navios-e-cargas\/","url":"https:\/\/ivssuk.com\/pt-pt\/localizacao-de-navios-e-cargas\/","name":"Rastreio de navios e cargas Roll on Roll Off (RORO)","isPartOf":{"@id":"https:\/\/ivssuk.com\/pt-pt\/#website"},"datePublished":"2023-08-20T09:06:29+00:00","dateModified":"2023-08-20T09:06:42+00:00","description":"RORO Rastreio de carga para transporte de ve\u00edculos, liga\u00e7\u00f5es e informa\u00e7\u00f5es sobre como e onde rastrear a carga ou o navio.","breadcrumb":{"@id":"https:\/\/ivssuk.com\/pt-pt\/localizacao-de-navios-e-cargas\/#breadcrumb"},"inLanguage":"pt-PT","potentialAction":[{"@type":"ReadAction","target":["https:\/\/ivssuk.com\/pt-pt\/localizacao-de-navios-e-cargas\/"]}]},{"@type":"BreadcrumbList","@id":"https:\/\/ivssuk.com\/pt-pt\/localizacao-de-navios-e-cargas\/#breadcrumb","itemListElement":[{"@type":"ListItem","position":1,"name":"In\u00edcio","item":"https:\/\/ivssuk.com\/pt-pt\/inicio\/"},{"@type":"ListItem","position":2,"name":"Localiza\u00e7\u00e3o de navios e cargas"}]},{"@type":"WebSite","@id":"https:\/\/ivssuk.com\/pt-pt\/#website","url":"https:\/\/ivssuk.com\/pt-pt\/","name":"IVSS","description":"","publisher":{"@id":"https:\/\/ivssuk.com\/pt-pt\/#organization"},"alternateName":"International Vehicle Shipping Services","inLanguage":"pt-PT"},{"@type":"Organization","@id":"https:\/\/ivssuk.com\/pt-pt\/#organization","name":"Servi\u00e7os de transporte internacional de ve\u00edculos","alternateName":"IVSS","url":"https:\/\/ivssuk.com\/pt-pt\/","logo":{"@type":"ImageObject","inLanguage":"pt-PT","@id":"https:\/\/ivssuk.com\/pt-pt\/#\/schema\/logo\/image\/","url":"https:\/\/i0.wp.com\/ivssuk.com\/wp-content\/uploads\/2017\/01\/IVSS-Logo-420web.png?fit=420%2C125&ssl=1","contentUrl":"https:\/\/i0.wp.com\/ivssuk.com\/wp-content\/uploads\/2017\/01\/IVSS-Logo-420web.png?fit=420%2C125&ssl=1","width":420,"height":125,"caption":"Servi\u00e7os de transporte internacional de ve\u00edculos"},"image":{"@id":"https:\/\/ivssuk.com\/pt-pt\/#\/schema\/logo\/image\/"},"sameAs":["https:\/\/www.facebook.com\/IVSSUK","https:\/\/x.com\/ivssuk"]}]}},"_links":{"self":[{"href":"https:\/\/ivssuk.com\/pt-pt\/wp-json\/wp\/v2\/pages\/135387","targetHints":{"allow":["GET"]}}],"collection":[{"href":"https:\/\/ivssuk.com\/pt-pt\/wp-json\/wp\/v2\/pages"}],"about":[{"href":"https:\/\/ivssuk.com\/pt-pt\/wp-json\/wp\/v2\/types\/page"}],"author":[{"embeddable":true,"href":"https:\/\/ivssuk.com\/pt-pt\/wp-json\/wp\/v2\/users\/1"}],"replies":[{"embeddable":true,"href":"https:\/\/ivssuk.com\/pt-pt\/wp-json\/wp\/v2\/comments?post=135387"}],"version-history":[{"count":0,"href":"https:\/\/ivssuk.com\/pt-pt\/wp-json\/wp\/v2\/pages\/135387\/revisions"}],"wp:attachment":[{"href":"https:\/\/ivssuk.com\/pt-pt\/wp-json\/wp\/v2\/media?parent=135387"}],"curies":[{"name":"wp","href":"https:\/\/api.w.org\/{rel}","templated":true}]}}