{"id":135383,"date":"2023-08-20T10:06:15","date_gmt":"2023-08-20T09:06:15","guid":{"rendered":"https:\/\/ivssuk.com\/sledzenie-statkow-i-ladunkow\/"},"modified":"2023-08-20T10:06:40","modified_gmt":"2023-08-20T09:06:40","slug":"sledzenie-statkow-i-ladunkow","status":"publish","type":"page","link":"https:\/\/ivssuk.com\/pl\/sledzenie-statkow-i-ladunkow\/","title":{"rendered":"\u015aledzenie statk\u00f3w i \u0142adunk\u00f3w"},"content":{"rendered":"<p>[et_pb_section fb_built=&#8221;1&#8243; _builder_version=&#8221;4.16&#8243; global_colors_info=&#8221;{}&#8221;][et_pb_row _builder_version=&#8221;4.16&#8243; background_size=&#8221;initial&#8221; background_position=&#8221;top_left&#8221; background_repeat=&#8221;repeat&#8221; global_colors_info=&#8221;{}&#8221;][et_pb_column type=&#8221;4_4&#8243; _builder_version=&#8221;4.16&#8243; custom_padding=&#8221;|||&#8221; global_colors_info=&#8221;{}&#8221; custom_padding__hover=&#8221;|||&#8221;][et_pb_text _builder_version=&#8221;4.20.0&#8243; hover_enabled=&#8221;0&#8243; global_colors_info=&#8221;{}&#8221; sticky_enabled=&#8221;0&#8243;]<\/p>\n<h1><strong>\u015aledzenie statk\u00f3w i \u0142adunk\u00f3w<\/strong><\/h1>\n<p>&nbsp;<\/p>\n<p>Istnieje kilka r\u00f3\u017cnych sposob\u00f3w \u015bledzenia \u0142adunku i statku, na kt\u00f3rym si\u0119 znajduje, przy czym nale\u017cy pami\u0119ta\u0107, \u017ce nie wszyscy przewo\u017anicy zapewniaj\u0105 mo\u017cliwo\u015b\u0107 \u015bledzenia \u0142adunku w czasie rzeczywistym.<\/p>\n<ul>\n<li>  System \u015bledzenia przewo\u017anik\u00f3w &#8211; niekt\u00f3re, ale nie wszystkie firmy przewozowe maj\u0105 mo\u017cliwo\u015b\u0107 \u015bledzenia \u0142adunku na swoich stronach internetowych.<\/li>\n<li>  Korzystanie z witryn do \u015bledzenia statk\u00f3w innych firm<\/li>\n<\/ul>\n<p>[\/et_pb_text][et_pb_text _builder_version=&#8221;4.20.0&#8243; hover_enabled=&#8221;0&#8243; global_colors_info=&#8221;{}&#8221; sticky_enabled=&#8221;0&#8243;]<\/p>\n<h3><strong>\u015aledzenie \u0142adunk\u00f3w w systemie Roll on Roll Off<\/strong><\/h3>\n<p>Og\u00f3lnie rzecz bior\u0105c, aby m\u00f3c \u015bledzi\u0107 \u0142adunki typu Roll on Roll Off, potrzebny b\u0119dzie numer rezerwacji lub numer konosamentu, je\u015bli go nie posiadasz, skontaktuj si\u0119 z nami, a my Ci go dostarczymy. Nale\u017cy pami\u0119ta\u0107, \u017ce aktualizacja system\u00f3w \u015bledzenia mo\u017ce potrwa\u0107 od 1 do 3 dni roboczych.<\/p>\n<h4><strong>Przewo\u017anicy z funkcj\u0105 \u015bledzenia<\/strong><\/h4>\n<ul>\n<li>WWL (Wallenius Wilhelmsen) &#8211; zapewniaj\u0105 \u015bledzenie w czasie rzeczywistym na swojej <a href=\"https:\/\/www.walleniuswilhelmsen.com\/track-trace\">stronie internetowej<\/a> &#8211; potrzebna b\u0119dzie rezerwacja lub numer BL.<\/li>\n<li>Hoegh Auto Liners &#8211; zapewnia ograniczone \u015bledzenie w czasie rzeczywistym na swojej <a href=\"https:\/\/www.hoeghautoliners.com\/my-cargo\">stronie <\/a> internetowej &#8211; b\u0119dziesz potrzebowa\u0107 numeru Vin<\/li>\n<li>K-Line &#8211; zapewniaj\u0105 \u015bledzenie w czasie rzeczywistym na swojej <a href=\"https:\/\/apps.klineglobalroro.com\/tracking\/search\">stronie internetowej<\/a> &#8211; b\u0119dziesz potrzebowa\u0107 swojej rezerwacji lub numeru BL.<\/li>\n<li>Eukor &#8211; zapewnia \u015bledzenie w czasie rzeczywistym na swojej <a href=\"https:\/\/www.eukor.com\/cargo-tracking\">stronie<\/a> internetowej &#8211; potrzebny b\u0119dzie numer BL.<\/li>\n<li>ACL (Atlantic Container Line) &#8211; zapewniaj\u0105 \u015bledzenie w czasie rzeczywistym na swojej <a href=\"https:\/\/www.gnet.grimaldi-eservice.com\/GNET\/Pages_RoroTracking\/WFRoroTracking\">stronie internetowej<\/a> &#8211; potrzebny b\u0119dzie numer BL i VIN.<\/li>\n<li>Grimaldi &#8211; zapewniaj\u0105 \u015bledzenie w czasie rzeczywistym na swojej <a href=\"https:\/\/www.gnet.grimaldi-eservice.com\/GNET\/Pages_RoroTracking\/WFRoroTracking\">stronie internetowej<\/a> &#8211; potrzebny b\u0119dzie numer BL i VIN.<\/li>\n<li>MOL &#8211; zapewniaj\u0105 \u015bledzenie w czasie rzeczywistym na swojej <a href=\"https:\/\/www.molace.com\/TRK\/Search\">stronie internetowej<\/a> &#8211; potrzebny b\u0119dzie numer BL.<\/li>\n<\/ul>\n<h4><strong>Przewo\u017anicy bez funkcji \u015bledzenia<\/strong><\/h4>\n<p>W przypadku przewo\u017anik\u00f3w, bez \u015bledzenia b\u0119dziesz musia\u0142 \u015bledzi\u0107 konkretny statek na stronach internetowych innych firm, takich jak Marine Traffic, lub mie\u0107 oko na harmonogramy, w zale\u017cno\u015bci od przewo\u017anika harmonogramy mog\u0105 nie zapewnia\u0107 aktualizacji w czasie rzeczywistym.<\/p>\n<ul>\n<li>NYK &#8211; nie zapewnia \u015bledzenia na \u017cywo &#8211; b\u0119dziesz musia\u0142 sprawdzi\u0107 najnowsze rozk\u0142ady na ich <a href=\"http:\/\/www.nykroro.com\/customer\/schedules.html\">stronie<\/a> internetowej.<\/li>\n<\/ul>\n<p>[\/et_pb_text][et_pb_text _builder_version=&#8221;4.16&#8243; global_colors_info=&#8221;{}&#8221;]<\/p>\n<h2><strong>\u015aledzenie statk\u00f3w na \u017cywo<\/strong><\/h2>\n<p>Aby \u015bledzi\u0107 konkretny statek, mo\u017cesz skorzysta\u0107 z funkcji wyszukiwania na poni\u017cszej mapie, wszystko czego potrzebujesz to nazwa statku<\/p>\n<p><script type=\"text\/javascript\"> width='100%';\t\/\/ the width of the embedded map in pixels or percentage height='750';\t\/\/ the height of the embedded map in pixels or percentage border='1';\t\/\/ the width of the border around the map (zero means no border) shownames='false';\t\/\/ to display ship names on the map (true or false) latitude='37.4460';\t\/\/ the latitude of the center of the map, in decimal degrees longitude='24.9467';\t\/\/ the longitude of the center of the map, in decimal degrees zoom='9';\t\/\/ the zoom level of the map (values between 2 and 17) maptype='1';\t\/\/ use 0 for Normal Map, 1 for Satellite, 2 for OpenStreetMap trackvessel='0';\t\/\/ MMSI of a vessel (note: vessel will be displayed only if within range of the system) - overrides \"zoom\" option fleet='';\t\/\/ the registered email address of a user-defined fleet (user's default fleet is used) <\/script> <script type=\"text\/javascript\" src=\"\/\/www.marinetraffic.com\/js\/embed.js\"><\/script><\/p>\n<p>[\/et_pb_text][\/et_pb_column][\/et_pb_row][\/et_pb_section]<\/p>\n","protected":false},"excerpt":{"rendered":"<p>\u015aledzenie statk\u00f3w i \u0142adunk\u00f3w &nbsp; Istnieje kilka r\u00f3\u017cnych sposob\u00f3w \u015bledzenia \u0142adunku i statku, na kt\u00f3rym si\u0119 znajduje, przy czym nale\u017cy pami\u0119ta\u0107, \u017ce nie wszyscy przewo\u017anicy zapewniaj\u0105 mo\u017cliwo\u015b\u0107 \u015bledzenia \u0142adunku w czasie rzeczywistym. System \u015bledzenia przewo\u017anik\u00f3w &#8211; niekt\u00f3re, ale nie wszystkie firmy przewozowe maj\u0105 mo\u017cliwo\u015b\u0107 \u015bledzenia \u0142adunku na swoich stronach internetowych. Korzystanie z witryn do \u015bledzenia [&hellip;]<\/p>\n","protected":false},"author":1,"featured_media":0,"parent":0,"menu_order":0,"comment_status":"closed","ping_status":"closed","template":"","meta":{"_et_pb_use_builder":"on","_et_pb_old_content":"","_et_gb_content_width":"","content-type":"","footnotes":""},"class_list":["post-135383","page","type-page","status-publish","hentry"],"yoast_head":"<!-- This site is optimized with the Yoast SEO plugin v27.2 - https:\/\/yoast.com\/product\/yoast-seo-wordpress\/ -->\n<title>\u015aledzenie statk\u00f3w i \u0142adunk\u00f3w w systemie Roll on Roll Off (RORO)<\/title>\n<meta name=\"description\" content=\"\u015aledzenie \u0142adunk\u00f3w RORO dla transportu samochodowego, linki i informacje, jak i gdzie \u015bledzi\u0107 \u0142adunek lub statek.\" \/>\n<meta name=\"robots\" content=\"index, follow, max-snippet:-1, max-image-preview:large, max-video-preview:-1\" \/>\n<link rel=\"canonical\" href=\"https:\/\/ivssuk.com\/pl\/sledzenie-statkow-i-ladunkow\/\" \/>\n<meta property=\"og:locale\" content=\"pl_PL\" \/>\n<meta property=\"og:type\" content=\"article\" \/>\n<meta property=\"og:title\" content=\"\u015aledzenie statk\u00f3w i \u0142adunk\u00f3w w systemie Roll on Roll Off (RORO)\" \/>\n<meta property=\"og:description\" content=\"\u015aledzenie \u0142adunk\u00f3w RORO dla transportu samochodowego, linki i informacje, jak i gdzie \u015bledzi\u0107 \u0142adunek lub statek.\" \/>\n<meta property=\"og:url\" content=\"https:\/\/ivssuk.com\/pl\/sledzenie-statkow-i-ladunkow\/\" \/>\n<meta property=\"og:site_name\" content=\"IVSS\" \/>\n<meta property=\"article:publisher\" content=\"https:\/\/www.facebook.com\/IVSSUK\" \/>\n<meta property=\"article:modified_time\" content=\"2023-08-20T09:06:40+00:00\" \/>\n<meta name=\"twitter:card\" content=\"summary_large_image\" \/>\n<meta name=\"twitter:site\" content=\"@ivssuk\" \/>\n<meta name=\"twitter:label1\" content=\"Szacowany czas czytania\" \/>\n\t<meta name=\"twitter:data1\" content=\"2 minuty\" \/>\n<script type=\"application\/ld+json\" class=\"yoast-schema-graph\">{\"@context\":\"https:\/\/schema.org\",\"@graph\":[{\"@type\":\"WebPage\",\"@id\":\"https:\/\/ivssuk.com\/pl\/sledzenie-statkow-i-ladunkow\/\",\"url\":\"https:\/\/ivssuk.com\/pl\/sledzenie-statkow-i-ladunkow\/\",\"name\":\"\u015aledzenie statk\u00f3w i \u0142adunk\u00f3w w systemie Roll on Roll Off (RORO)\",\"isPartOf\":{\"@id\":\"https:\/\/ivssuk.com\/pl\/#website\"},\"datePublished\":\"2023-08-20T09:06:15+00:00\",\"dateModified\":\"2023-08-20T09:06:40+00:00\",\"description\":\"\u015aledzenie \u0142adunk\u00f3w RORO dla transportu samochodowego, linki i informacje, jak i gdzie \u015bledzi\u0107 \u0142adunek lub statek.\",\"breadcrumb\":{\"@id\":\"https:\/\/ivssuk.com\/pl\/sledzenie-statkow-i-ladunkow\/#breadcrumb\"},\"inLanguage\":\"pl-PL\",\"potentialAction\":[{\"@type\":\"ReadAction\",\"target\":[\"https:\/\/ivssuk.com\/pl\/sledzenie-statkow-i-ladunkow\/\"]}]},{\"@type\":\"BreadcrumbList\",\"@id\":\"https:\/\/ivssuk.com\/pl\/sledzenie-statkow-i-ladunkow\/#breadcrumb\",\"itemListElement\":[{\"@type\":\"ListItem\",\"position\":1,\"name\":\"Strona g\u0142\u00f3wna\",\"item\":\"https:\/\/ivssuk.com\/pl\/strona-glowna\/\"},{\"@type\":\"ListItem\",\"position\":2,\"name\":\"\u015aledzenie statk\u00f3w i \u0142adunk\u00f3w\"}]},{\"@type\":\"WebSite\",\"@id\":\"https:\/\/ivssuk.com\/pl\/#website\",\"url\":\"https:\/\/ivssuk.com\/pl\/\",\"name\":\"IVSS\",\"description\":\"\",\"publisher\":{\"@id\":\"https:\/\/ivssuk.com\/pl\/#organization\"},\"alternateName\":\"International Vehicle Shipping Services\",\"inLanguage\":\"pl-PL\"},{\"@type\":\"Organization\",\"@id\":\"https:\/\/ivssuk.com\/pl\/#organization\",\"name\":\"Mi\u0119dzynarodowe us\u0142ugi wysy\u0142ki pojazd\u00f3w\",\"alternateName\":\"IVSS\",\"url\":\"https:\/\/ivssuk.com\/pl\/\",\"logo\":{\"@type\":\"ImageObject\",\"inLanguage\":\"pl-PL\",\"@id\":\"https:\/\/ivssuk.com\/pl\/#\/schema\/logo\/image\/\",\"url\":\"https:\/\/i0.wp.com\/ivssuk.com\/wp-content\/uploads\/2017\/01\/IVSS-Logo-420web.png?fit=420%2C125&ssl=1\",\"contentUrl\":\"https:\/\/i0.wp.com\/ivssuk.com\/wp-content\/uploads\/2017\/01\/IVSS-Logo-420web.png?fit=420%2C125&ssl=1\",\"width\":420,\"height\":125,\"caption\":\"Mi\u0119dzynarodowe us\u0142ugi wysy\u0142ki pojazd\u00f3w\"},\"image\":{\"@id\":\"https:\/\/ivssuk.com\/pl\/#\/schema\/logo\/image\/\"},\"sameAs\":[\"https:\/\/www.facebook.com\/IVSSUK\",\"https:\/\/x.com\/ivssuk\"]}]}<\/script>\n<!-- \/ Yoast SEO plugin. -->","yoast_head_json":{"title":"\u015aledzenie statk\u00f3w i \u0142adunk\u00f3w w systemie Roll on Roll Off (RORO)","description":"\u015aledzenie \u0142adunk\u00f3w RORO dla transportu samochodowego, linki i informacje, jak i gdzie \u015bledzi\u0107 \u0142adunek lub statek.","robots":{"index":"index","follow":"follow","max-snippet":"max-snippet:-1","max-image-preview":"max-image-preview:large","max-video-preview":"max-video-preview:-1"},"canonical":"https:\/\/ivssuk.com\/pl\/sledzenie-statkow-i-ladunkow\/","og_locale":"pl_PL","og_type":"article","og_title":"\u015aledzenie statk\u00f3w i \u0142adunk\u00f3w w systemie Roll on Roll Off (RORO)","og_description":"\u015aledzenie \u0142adunk\u00f3w RORO dla transportu samochodowego, linki i informacje, jak i gdzie \u015bledzi\u0107 \u0142adunek lub statek.","og_url":"https:\/\/ivssuk.com\/pl\/sledzenie-statkow-i-ladunkow\/","og_site_name":"IVSS","article_publisher":"https:\/\/www.facebook.com\/IVSSUK","article_modified_time":"2023-08-20T09:06:40+00:00","twitter_card":"summary_large_image","twitter_site":"@ivssuk","twitter_misc":{"Szacowany czas czytania":"2 minuty"},"schema":{"@context":"https:\/\/schema.org","@graph":[{"@type":"WebPage","@id":"https:\/\/ivssuk.com\/pl\/sledzenie-statkow-i-ladunkow\/","url":"https:\/\/ivssuk.com\/pl\/sledzenie-statkow-i-ladunkow\/","name":"\u015aledzenie statk\u00f3w i \u0142adunk\u00f3w w systemie Roll on Roll Off (RORO)","isPartOf":{"@id":"https:\/\/ivssuk.com\/pl\/#website"},"datePublished":"2023-08-20T09:06:15+00:00","dateModified":"2023-08-20T09:06:40+00:00","description":"\u015aledzenie \u0142adunk\u00f3w RORO dla transportu samochodowego, linki i informacje, jak i gdzie \u015bledzi\u0107 \u0142adunek lub statek.","breadcrumb":{"@id":"https:\/\/ivssuk.com\/pl\/sledzenie-statkow-i-ladunkow\/#breadcrumb"},"inLanguage":"pl-PL","potentialAction":[{"@type":"ReadAction","target":["https:\/\/ivssuk.com\/pl\/sledzenie-statkow-i-ladunkow\/"]}]},{"@type":"BreadcrumbList","@id":"https:\/\/ivssuk.com\/pl\/sledzenie-statkow-i-ladunkow\/#breadcrumb","itemListElement":[{"@type":"ListItem","position":1,"name":"Strona g\u0142\u00f3wna","item":"https:\/\/ivssuk.com\/pl\/strona-glowna\/"},{"@type":"ListItem","position":2,"name":"\u015aledzenie statk\u00f3w i \u0142adunk\u00f3w"}]},{"@type":"WebSite","@id":"https:\/\/ivssuk.com\/pl\/#website","url":"https:\/\/ivssuk.com\/pl\/","name":"IVSS","description":"","publisher":{"@id":"https:\/\/ivssuk.com\/pl\/#organization"},"alternateName":"International Vehicle Shipping Services","inLanguage":"pl-PL"},{"@type":"Organization","@id":"https:\/\/ivssuk.com\/pl\/#organization","name":"Mi\u0119dzynarodowe us\u0142ugi wysy\u0142ki pojazd\u00f3w","alternateName":"IVSS","url":"https:\/\/ivssuk.com\/pl\/","logo":{"@type":"ImageObject","inLanguage":"pl-PL","@id":"https:\/\/ivssuk.com\/pl\/#\/schema\/logo\/image\/","url":"https:\/\/i0.wp.com\/ivssuk.com\/wp-content\/uploads\/2017\/01\/IVSS-Logo-420web.png?fit=420%2C125&ssl=1","contentUrl":"https:\/\/i0.wp.com\/ivssuk.com\/wp-content\/uploads\/2017\/01\/IVSS-Logo-420web.png?fit=420%2C125&ssl=1","width":420,"height":125,"caption":"Mi\u0119dzynarodowe us\u0142ugi wysy\u0142ki pojazd\u00f3w"},"image":{"@id":"https:\/\/ivssuk.com\/pl\/#\/schema\/logo\/image\/"},"sameAs":["https:\/\/www.facebook.com\/IVSSUK","https:\/\/x.com\/ivssuk"]}]}},"_links":{"self":[{"href":"https:\/\/ivssuk.com\/pl\/wp-json\/wp\/v2\/pages\/135383","targetHints":{"allow":["GET"]}}],"collection":[{"href":"https:\/\/ivssuk.com\/pl\/wp-json\/wp\/v2\/pages"}],"about":[{"href":"https:\/\/ivssuk.com\/pl\/wp-json\/wp\/v2\/types\/page"}],"author":[{"embeddable":true,"href":"https:\/\/ivssuk.com\/pl\/wp-json\/wp\/v2\/users\/1"}],"replies":[{"embeddable":true,"href":"https:\/\/ivssuk.com\/pl\/wp-json\/wp\/v2\/comments?post=135383"}],"version-history":[{"count":0,"href":"https:\/\/ivssuk.com\/pl\/wp-json\/wp\/v2\/pages\/135383\/revisions"}],"wp:attachment":[{"href":"https:\/\/ivssuk.com\/pl\/wp-json\/wp\/v2\/media?parent=135383"}],"curies":[{"name":"wp","href":"https:\/\/api.w.org\/{rel}","templated":true}]}}