{"id":135092,"date":"2023-08-20T09:54:03","date_gmt":"2023-08-20T08:54:03","guid":{"rendered":"https:\/\/ivssuk.com\/polityka-dotyczaca-plikow-cookie\/"},"modified":"2025-03-18T09:57:05","modified_gmt":"2025-03-18T09:57:05","slug":"polityka-dotyczaca-plikow-cookie","status":"publish","type":"page","link":"https:\/\/ivssuk.com\/pl\/polityka-dotyczaca-plikow-cookie\/","title":{"rendered":"Polityka dotycz\u0105ca plik\u00f3w cookie"},"content":{"rendered":"<h3>Informacje o niniejszej polityce plik\u00f3w cookie<\/h3>\n<div>\n<p>Niniejsza Polityka dotycz\u0105ca plik\u00f3w cookie wyja\u015bnia, czym s\u0105 pliki cookie i w jaki spos\u00f3b ich u\u017cywamy. Nale\u017cy zapozna\u0107 si\u0119 z niniejsz\u0105 polityk\u0105, aby zrozumie\u0107, czym s\u0105 pliki cookie, w jaki spos\u00f3b ich u\u017cywamy, jakich rodzaj\u00f3w plik\u00f3w cookie u\u017cywamy, tj. jakie informacje zbieramy za pomoc\u0105 plik\u00f3w cookie i w jaki spos\u00f3b te informacje s\u0105 wykorzystywane oraz jak kontrolowa\u0107 preferencje dotycz\u0105ce plik\u00f3w cookie. Wi\u0119cej informacji na temat tego, w jaki spos\u00f3b wykorzystujemy, przechowujemy i zabezpieczamy dane osobowe u\u017cytkownik\u00f3w, mo\u017cna znale\u017a\u0107 w naszej Polityce prywatno\u015bci.<\/p>\n<p>U\u017cytkownik mo\u017ce w dowolnym momencie zmieni\u0107 lub wycofa\u0107 swoj\u0105 zgod\u0119 z O\u015bwiadczenia dotycz\u0105cego plik\u00f3w cookie na naszej stronie internetowej.<\/p>\n<p>Dowiedz si\u0119 wi\u0119cej o tym, kim jeste\u015bmy, jak mo\u017cesz si\u0119 z nami skontaktowa\u0107 i jak przetwarzamy dane osobowe w naszej Polityce prywatno\u015bci.<\/p>\n<p>Zgoda u\u017cytkownika dotyczy nast\u0119puj\u0105cych domen: <a href=\"https:\/\/ivssuk.com\">ivssuk.com<\/a><\/p>\n<p>[user_consent_state]<\/p>\n<\/div>\n<h3>Czym s\u0105 pliki cookie?<\/h3>\n<div>\n<p>Pliki cookie to ma\u0142e pliki tekstowe, kt\u00f3re s\u0142u\u017c\u0105 do przechowywania niewielkich fragment\u00f3w informacji. Pliki cookie s\u0105 przechowywane na urz\u0105dzeniu u\u017cytkownika po za\u0142adowaniu strony internetowej w przegl\u0105darce. Te pliki cookie pomagaj\u0105 nam w prawid\u0142owym funkcjonowaniu strony internetowej, zwi\u0119kszeniu jej bezpiecze\u0144stwa, zapewnieniu lepszych wra\u017ce\u0144 u\u017cytkownika i zrozumieniu, jak dzia\u0142a strona internetowa oraz analizowaniu, co dzia\u0142a, a co wymaga poprawy.<\/p>\n<\/div>\n<h3>Jak wykorzystujemy pliki cookie?<\/h3>\n<div>\n<p>Podobnie jak wi\u0119kszo\u015b\u0107 us\u0142ug online, nasza strona internetowa wykorzystuje pliki cookie w\u0142asne i zewn\u0119trzne do r\u00f3\u017cnych cel\u00f3w. W\u0142asne pliki cookie s\u0105 w wi\u0119kszo\u015bci niezb\u0119dne do prawid\u0142owego funkcjonowania witryny i nie gromadz\u0105 \u017cadnych danych osobowych u\u017cytkownika.<\/p>\n<p>Pliki cookie stron trzecich u\u017cywane w naszych witrynach internetowych s\u0105 wykorzystywane g\u0142\u00f3wnie w celu zrozumienia, w jaki spos\u00f3b witryna dzia\u0142a, w jaki spos\u00f3b u\u017cytkownik wchodzi w interakcj\u0119 z nasz\u0105 witryn\u0105, zapewnienia bezpiecze\u0144stwa naszych us\u0142ug, dostarczania reklam, kt\u00f3re s\u0105 odpowiednie dla u\u017cytkownika, a przede wszystkim zapewnienia lepszego i ulepszonego do\u015bwiadczenia u\u017cytkownika oraz pomocy w przyspieszeniu przysz\u0142ych interakcji z nasz\u0105 witryn\u0105.<\/p>\n<\/div>\n<h3>Jakich rodzaj\u00f3w plik\u00f3w cookie u\u017cywamy?<\/h3>\n<div>\n<p><span style=\"font-weight: bold;\">Niezb\u0119dne<\/span>: Niekt\u00f3re pliki cookie s\u0105 niezb\u0119dne do korzystania z pe\u0142nej funkcjonalno\u015bci naszej witryny. Pozwalaj\u0105 nam one utrzymywa\u0107 sesje u\u017cytkownik\u00f3w i zapobiega\u0107 wszelkim zagro\u017ceniom bezpiecze\u0144stwa. Nie gromadz\u0105 ani nie przechowuj\u0105 \u017cadnych danych osobowych. Te pliki cookie umo\u017cliwiaj\u0105 na przyk\u0142ad zalogowanie si\u0119 do konta, dodawanie produkt\u00f3w do koszyka i bezpieczne dokonywanie p\u0142atno\u015bci.<\/p>\n<p><span style=\"font-weight: bold;\">Statystyki:<\/span> Te pliki cookie przechowuj\u0105 informacje, takie jak liczba odwiedzaj\u0105cych witryn\u0119, liczba unikalnych odwiedzaj\u0105cych, kt\u00f3re strony witryny zosta\u0142y odwiedzone, \u017ar\u00f3d\u0142o odwiedzin itp. Dane te pomagaj\u0105 nam zrozumie\u0107 i przeanalizowa\u0107, jak dobrze dzia\u0142a strona internetowa i gdzie wymaga poprawy.<\/p>\n<p><span style=\"font-weight: bold;\">Marketing:<\/span> Nasza witryna wy\u015bwietla reklamy. Te pliki cookie s\u0142u\u017c\u0105 do personalizacji reklam, kt\u00f3re wy\u015bwietlamy u\u017cytkownikowi, tak aby by\u0142y one dla niego istotne. Te pliki cookie pomagaj\u0105 nam r\u00f3wnie\u017c \u015bledzi\u0107 skuteczno\u015b\u0107 tych kampanii reklamowych.<\/p>\n<p>Informacje przechowywane w tych plikach cookie mog\u0105 by\u0107 r\u00f3wnie\u017c wykorzystywane przez zewn\u0119trznych dostawc\u00f3w reklam do wy\u015bwietlania reklam na innych stronach internetowych w przegl\u0105darce.<\/p>\n<p><span style=\"font-weight: bold;\">Funkcjonalne:<\/span> S\u0105 to pliki cookie, kt\u00f3re pomagaj\u0105 w niekt\u00f3rych nieistotnych funkcjach naszej witryny. Funkcje te obejmuj\u0105 osadzanie tre\u015bci, takich jak filmy lub udost\u0119pnianie tre\u015bci na stronie internetowej na platformach medi\u00f3w spo\u0142eczno\u015bciowych.<\/p>\n<p><span style=\"font-weight: bold;\">Preferencje:<\/span> Te pliki cookie pomagaj\u0105 nam przechowywa\u0107 ustawienia i preferencje przegl\u0105dania, takie jak preferencje j\u0119zykowe, dzi\u0119ki czemu u\u017cytkownik ma lepsze i wydajniejsze do\u015bwiadczenia podczas przysz\u0142ych wizyt w witrynie.<\/p>\n<p>[cookie_audit columns=&#8221;cookie,description&#8221; heading=&#8221;The below list details the cookies used in our website.&#8221;]<\/p>\n<\/div>\n<h3>Jak mog\u0119 kontrolowa\u0107 preferencje dotycz\u0105ce plik\u00f3w cookie?<\/h3>\n<div>\n<p>Je\u015bli u\u017cytkownik zdecyduje si\u0119 zmieni\u0107 swoje preferencje w trakcie sesji przegl\u0105dania, mo\u017ce klikn\u0105\u0107 kart\u0119 &#8222;Polityka prywatno\u015bci i plik\u00f3w cookie&#8221; na ekranie. Spowoduje to ponowne wy\u015bwietlenie powiadomienia o zgodzie, umo\u017cliwiaj\u0105c u\u017cytkownikowi zmian\u0119 preferencji lub ca\u0142kowite wycofanie zgody.<\/p>\n<p>Ponadto r\u00f3\u017cne przegl\u0105darki oferuj\u0105 r\u00f3\u017cne metody blokowania i usuwania plik\u00f3w cookie u\u017cywanych przez strony internetowe. U\u017cytkownik mo\u017ce zmieni\u0107 ustawienia przegl\u0105darki, aby zablokowa\u0107\/usun\u0105\u0107 pliki cookie. Wi\u0119cej informacji na temat zarz\u0105dzania plikami cookie i ich usuwania mo\u017cna znale\u017a\u0107 na stronie <a href=\"https:\/\/en.wikipedia.org\/wiki\/HTTP_cookie\" target=\"_blank\" rel=\"nofollow noopener\">wikipedia.org<\/a>, <a href=\"http:\/\/www.allaboutcookies.org\/\" target=\"_blank\" rel=\"nofollow noopener\">www.allaboutcookies.org<\/a>.<\/p>\n<\/div>\n","protected":false},"excerpt":{"rendered":"<p>Informacje o niniejszej polityce plik\u00f3w cookie Niniejsza Polityka dotycz\u0105ca plik\u00f3w cookie wyja\u015bnia, czym s\u0105 pliki cookie i w jaki spos\u00f3b ich u\u017cywamy. Nale\u017cy zapozna\u0107 si\u0119 z niniejsz\u0105 polityk\u0105, aby zrozumie\u0107, czym s\u0105 pliki cookie, w jaki spos\u00f3b ich u\u017cywamy, jakich rodzaj\u00f3w plik\u00f3w cookie u\u017cywamy, tj. jakie informacje zbieramy za pomoc\u0105 plik\u00f3w cookie i w jaki [&hellip;]<\/p>\n","protected":false},"author":1,"featured_media":0,"parent":0,"menu_order":0,"comment_status":"closed","ping_status":"closed","template":"","meta":{"_et_pb_use_builder":"","_et_pb_old_content":"","_et_gb_content_width":"","content-type":"","footnotes":""},"class_list":["post-135092","page","type-page","status-publish","hentry"],"yoast_head":"<!-- This site is optimized with the Yoast SEO plugin v27.2 - https:\/\/yoast.com\/product\/yoast-seo-wordpress\/ -->\n<title>Polityka dotycz\u0105ca plik\u00f3w cookie - IVSS<\/title>\n<meta name=\"robots\" content=\"index, follow, max-snippet:-1, max-image-preview:large, max-video-preview:-1\" \/>\n<link rel=\"canonical\" href=\"https:\/\/ivssuk.com\/pl\/polityka-dotyczaca-plikow-cookie\/\" \/>\n<meta property=\"og:locale\" content=\"pl_PL\" \/>\n<meta property=\"og:type\" content=\"article\" \/>\n<meta property=\"og:title\" content=\"Polityka dotycz\u0105ca plik\u00f3w cookie - IVSS\" \/>\n<meta property=\"og:description\" content=\"Informacje o niniejszej polityce plik\u00f3w cookie Niniejsza Polityka dotycz\u0105ca plik\u00f3w cookie wyja\u015bnia, czym s\u0105 pliki cookie i w jaki spos\u00f3b ich u\u017cywamy. Nale\u017cy zapozna\u0107 si\u0119 z niniejsz\u0105 polityk\u0105, aby zrozumie\u0107, czym s\u0105 pliki cookie, w jaki spos\u00f3b ich u\u017cywamy, jakich rodzaj\u00f3w plik\u00f3w cookie u\u017cywamy, tj. jakie informacje zbieramy za pomoc\u0105 plik\u00f3w cookie i w jaki [&hellip;]\" \/>\n<meta property=\"og:url\" content=\"https:\/\/ivssuk.com\/pl\/polityka-dotyczaca-plikow-cookie\/\" \/>\n<meta property=\"og:site_name\" content=\"IVSS\" \/>\n<meta property=\"article:publisher\" content=\"https:\/\/www.facebook.com\/IVSSUK\" \/>\n<meta property=\"article:modified_time\" content=\"2025-03-18T09:57:05+00:00\" \/>\n<meta name=\"twitter:card\" content=\"summary_large_image\" \/>\n<meta name=\"twitter:site\" content=\"@ivssuk\" \/>\n<meta name=\"twitter:label1\" content=\"Szacowany czas czytania\" \/>\n\t<meta name=\"twitter:data1\" content=\"4 minuty\" \/>\n<script type=\"application\/ld+json\" class=\"yoast-schema-graph\">{\"@context\":\"https:\/\/schema.org\",\"@graph\":[{\"@type\":\"WebPage\",\"@id\":\"https:\/\/ivssuk.com\/pl\/polityka-dotyczaca-plikow-cookie\/\",\"url\":\"https:\/\/ivssuk.com\/pl\/polityka-dotyczaca-plikow-cookie\/\",\"name\":\"Polityka dotycz\u0105ca plik\u00f3w cookie - IVSS\",\"isPartOf\":{\"@id\":\"https:\/\/ivssuk.com\/pl\/#website\"},\"datePublished\":\"2023-08-20T08:54:03+00:00\",\"dateModified\":\"2025-03-18T09:57:05+00:00\",\"breadcrumb\":{\"@id\":\"https:\/\/ivssuk.com\/pl\/polityka-dotyczaca-plikow-cookie\/#breadcrumb\"},\"inLanguage\":\"pl-PL\",\"potentialAction\":[{\"@type\":\"ReadAction\",\"target\":[\"https:\/\/ivssuk.com\/pl\/polityka-dotyczaca-plikow-cookie\/\"]}]},{\"@type\":\"BreadcrumbList\",\"@id\":\"https:\/\/ivssuk.com\/pl\/polityka-dotyczaca-plikow-cookie\/#breadcrumb\",\"itemListElement\":[{\"@type\":\"ListItem\",\"position\":1,\"name\":\"Strona g\u0142\u00f3wna\",\"item\":\"https:\/\/ivssuk.com\/pl\/strona-glowna\/\"},{\"@type\":\"ListItem\",\"position\":2,\"name\":\"Polityka dotycz\u0105ca plik\u00f3w cookie\"}]},{\"@type\":\"WebSite\",\"@id\":\"https:\/\/ivssuk.com\/pl\/#website\",\"url\":\"https:\/\/ivssuk.com\/pl\/\",\"name\":\"IVSS\",\"description\":\"\",\"publisher\":{\"@id\":\"https:\/\/ivssuk.com\/pl\/#organization\"},\"alternateName\":\"International Vehicle Shipping Services\",\"inLanguage\":\"pl-PL\"},{\"@type\":\"Organization\",\"@id\":\"https:\/\/ivssuk.com\/pl\/#organization\",\"name\":\"Mi\u0119dzynarodowe us\u0142ugi wysy\u0142ki pojazd\u00f3w\",\"alternateName\":\"IVSS\",\"url\":\"https:\/\/ivssuk.com\/pl\/\",\"logo\":{\"@type\":\"ImageObject\",\"inLanguage\":\"pl-PL\",\"@id\":\"https:\/\/ivssuk.com\/pl\/#\/schema\/logo\/image\/\",\"url\":\"https:\/\/i0.wp.com\/ivssuk.com\/wp-content\/uploads\/2017\/01\/IVSS-Logo-420web.png?fit=420%2C125&ssl=1\",\"contentUrl\":\"https:\/\/i0.wp.com\/ivssuk.com\/wp-content\/uploads\/2017\/01\/IVSS-Logo-420web.png?fit=420%2C125&ssl=1\",\"width\":420,\"height\":125,\"caption\":\"Mi\u0119dzynarodowe us\u0142ugi wysy\u0142ki pojazd\u00f3w\"},\"image\":{\"@id\":\"https:\/\/ivssuk.com\/pl\/#\/schema\/logo\/image\/\"},\"sameAs\":[\"https:\/\/www.facebook.com\/IVSSUK\",\"https:\/\/x.com\/ivssuk\"]}]}<\/script>\n<!-- \/ Yoast SEO plugin. -->","yoast_head_json":{"title":"Polityka dotycz\u0105ca plik\u00f3w cookie - IVSS","robots":{"index":"index","follow":"follow","max-snippet":"max-snippet:-1","max-image-preview":"max-image-preview:large","max-video-preview":"max-video-preview:-1"},"canonical":"https:\/\/ivssuk.com\/pl\/polityka-dotyczaca-plikow-cookie\/","og_locale":"pl_PL","og_type":"article","og_title":"Polityka dotycz\u0105ca plik\u00f3w cookie - IVSS","og_description":"Informacje o niniejszej polityce plik\u00f3w cookie Niniejsza Polityka dotycz\u0105ca plik\u00f3w cookie wyja\u015bnia, czym s\u0105 pliki cookie i w jaki spos\u00f3b ich u\u017cywamy. Nale\u017cy zapozna\u0107 si\u0119 z niniejsz\u0105 polityk\u0105, aby zrozumie\u0107, czym s\u0105 pliki cookie, w jaki spos\u00f3b ich u\u017cywamy, jakich rodzaj\u00f3w plik\u00f3w cookie u\u017cywamy, tj. jakie informacje zbieramy za pomoc\u0105 plik\u00f3w cookie i w jaki [&hellip;]","og_url":"https:\/\/ivssuk.com\/pl\/polityka-dotyczaca-plikow-cookie\/","og_site_name":"IVSS","article_publisher":"https:\/\/www.facebook.com\/IVSSUK","article_modified_time":"2025-03-18T09:57:05+00:00","twitter_card":"summary_large_image","twitter_site":"@ivssuk","twitter_misc":{"Szacowany czas czytania":"4 minuty"},"schema":{"@context":"https:\/\/schema.org","@graph":[{"@type":"WebPage","@id":"https:\/\/ivssuk.com\/pl\/polityka-dotyczaca-plikow-cookie\/","url":"https:\/\/ivssuk.com\/pl\/polityka-dotyczaca-plikow-cookie\/","name":"Polityka dotycz\u0105ca plik\u00f3w cookie - IVSS","isPartOf":{"@id":"https:\/\/ivssuk.com\/pl\/#website"},"datePublished":"2023-08-20T08:54:03+00:00","dateModified":"2025-03-18T09:57:05+00:00","breadcrumb":{"@id":"https:\/\/ivssuk.com\/pl\/polityka-dotyczaca-plikow-cookie\/#breadcrumb"},"inLanguage":"pl-PL","potentialAction":[{"@type":"ReadAction","target":["https:\/\/ivssuk.com\/pl\/polityka-dotyczaca-plikow-cookie\/"]}]},{"@type":"BreadcrumbList","@id":"https:\/\/ivssuk.com\/pl\/polityka-dotyczaca-plikow-cookie\/#breadcrumb","itemListElement":[{"@type":"ListItem","position":1,"name":"Strona g\u0142\u00f3wna","item":"https:\/\/ivssuk.com\/pl\/strona-glowna\/"},{"@type":"ListItem","position":2,"name":"Polityka dotycz\u0105ca plik\u00f3w cookie"}]},{"@type":"WebSite","@id":"https:\/\/ivssuk.com\/pl\/#website","url":"https:\/\/ivssuk.com\/pl\/","name":"IVSS","description":"","publisher":{"@id":"https:\/\/ivssuk.com\/pl\/#organization"},"alternateName":"International Vehicle Shipping Services","inLanguage":"pl-PL"},{"@type":"Organization","@id":"https:\/\/ivssuk.com\/pl\/#organization","name":"Mi\u0119dzynarodowe us\u0142ugi wysy\u0142ki pojazd\u00f3w","alternateName":"IVSS","url":"https:\/\/ivssuk.com\/pl\/","logo":{"@type":"ImageObject","inLanguage":"pl-PL","@id":"https:\/\/ivssuk.com\/pl\/#\/schema\/logo\/image\/","url":"https:\/\/i0.wp.com\/ivssuk.com\/wp-content\/uploads\/2017\/01\/IVSS-Logo-420web.png?fit=420%2C125&ssl=1","contentUrl":"https:\/\/i0.wp.com\/ivssuk.com\/wp-content\/uploads\/2017\/01\/IVSS-Logo-420web.png?fit=420%2C125&ssl=1","width":420,"height":125,"caption":"Mi\u0119dzynarodowe us\u0142ugi wysy\u0142ki pojazd\u00f3w"},"image":{"@id":"https:\/\/ivssuk.com\/pl\/#\/schema\/logo\/image\/"},"sameAs":["https:\/\/www.facebook.com\/IVSSUK","https:\/\/x.com\/ivssuk"]}]}},"_links":{"self":[{"href":"https:\/\/ivssuk.com\/pl\/wp-json\/wp\/v2\/pages\/135092","targetHints":{"allow":["GET"]}}],"collection":[{"href":"https:\/\/ivssuk.com\/pl\/wp-json\/wp\/v2\/pages"}],"about":[{"href":"https:\/\/ivssuk.com\/pl\/wp-json\/wp\/v2\/types\/page"}],"author":[{"embeddable":true,"href":"https:\/\/ivssuk.com\/pl\/wp-json\/wp\/v2\/users\/1"}],"replies":[{"embeddable":true,"href":"https:\/\/ivssuk.com\/pl\/wp-json\/wp\/v2\/comments?post=135092"}],"version-history":[{"count":0,"href":"https:\/\/ivssuk.com\/pl\/wp-json\/wp\/v2\/pages\/135092\/revisions"}],"wp:attachment":[{"href":"https:\/\/ivssuk.com\/pl\/wp-json\/wp\/v2\/media?parent=135092"}],"curies":[{"name":"wp","href":"https:\/\/api.w.org\/{rel}","templated":true}]}}