{"id":135392,"date":"2023-08-20T10:06:53","date_gmt":"2023-08-20T09:06:53","guid":{"rendered":"https:\/\/ivssuk.com\/informativa-sui-cookie-2\/"},"modified":"2025-03-18T09:54:54","modified_gmt":"2025-03-18T09:54:54","slug":"informativa-sui-cookie-2","status":"publish","type":"page","link":"https:\/\/ivssuk.com\/it\/informativa-sui-cookie-2\/","title":{"rendered":"Informativa sui cookie"},"content":{"rendered":"<div class=\"cli_pg_page_contaner\">\n<h3>Informazioni sulla politica dei cookie<\/h3>\n<div>\n<p>La presente Informativa sui cookie spiega cosa sono i cookie e come li utilizziamo. L&#8217;utente dovrebbe leggere questa politica per capire cosa sono i cookie, come li utilizziamo, i tipi di cookie che utilizziamo, ovvero le informazioni che raccogliamo utilizzando i cookie e come vengono utilizzate e come controllare le preferenze dei cookie. Per ulteriori informazioni su come utilizziamo, memorizziamo e manteniamo sicuri i vostri dati personali, consultate la nostra Informativa sulla privacy.<\/p>\n<p>L&#8217;utente pu\u00f2 in qualsiasi momento modificare o ritirare il proprio consenso dalla Dichiarazione sui cookie sul nostro sito web.<\/p>\n<p>Per saperne di pi\u00f9 su chi siamo, come potete contattarci e come trattiamo i dati personali, consultate la nostra Informativa sulla privacy.<\/p>\n<p>Il vostro consenso si applica ai seguenti domini: <a href=\"https:\/\/ivssuk.com\">ivssuk.com<\/a><\/p>\n<p>[user_consent_state]<\/p>\n<\/div>\n<h3>Cosa sono i cookie?<\/h3>\n<div>\n<p>I cookie sono piccoli file di testo utilizzati per memorizzare piccole informazioni. I cookie vengono memorizzati sul vostro dispositivo quando il sito web viene caricato sul vostro browser. Questi cookie ci aiutano a far funzionare correttamente il sito web, a renderlo pi\u00f9 sicuro, a fornire una migliore esperienza all&#8217;utente, a capire come funziona il sito web e ad analizzare cosa funziona e dove deve essere migliorato.<\/p>\n<\/div>\n<h3>Come utilizziamo i cookie?<\/h3>\n<div>\n<p>Come la maggior parte dei servizi online, il nostro sito web utilizza cookie di prima parte e di terze parti per una serie di scopi. I cookie di prima parte sono per lo pi\u00f9 necessari per il corretto funzionamento del sito web e non raccolgono alcun dato personale dell&#8217;utente.<\/p>\n<p>I cookie di terze parti utilizzati sui nostri siti web servono principalmente a capire come funziona il sito web, come interagite con il nostro sito web, a mantenere sicuri i nostri servizi, a fornire annunci pubblicitari rilevanti per voi e, in generale, a fornirvi un&#8217;esperienza utente migliore e migliorata e a velocizzare le vostre future interazioni con il nostro sito web.<\/p>\n<\/div>\n<h3>Quali tipi di cookie utilizziamo?<\/h3>\n<div>\n<p><span style=\"font-weight: bold;\">Essenziale<\/span>: Alcuni cookie sono essenziali per poter usufruire di tutte le funzionalit\u00e0 del nostro sito. Ci permettono di mantenere le sessioni degli utenti e di prevenire eventuali minacce alla sicurezza. Non raccolgono n\u00e9 memorizzano alcuna informazione personale. Ad esempio, questi cookie consentono di accedere al proprio account, di aggiungere prodotti al carrello e di effettuare il checkout in modo sicuro.<\/p>\n<p><span style=\"font-weight: bold;\">Statistiche:<\/span> Questi cookie memorizzano informazioni come il numero di visitatori del sito web, il numero di visitatori unici, quali pagine del sito web sono state visitate, la fonte della visita, ecc. Questi dati ci aiutano a capire e ad analizzare le prestazioni del sito web e i punti da migliorare.<\/p>\n<p><span style=\"font-weight: bold;\">Marketing:<\/span> Il nostro sito web visualizza annunci pubblicitari. Questi cookie vengono utilizzati per personalizzare le pubblicit\u00e0 che vi mostriamo in modo che siano significative per voi. Questi cookie ci aiutano anche a tenere traccia dell&#8217;efficienza di queste campagne pubblicitarie.<\/p>\n<p>Le informazioni memorizzate in questi cookie possono essere utilizzate anche dai fornitori di annunci di terze parti per mostrarvi annunci anche su altri siti web del browser.<\/p>\n<p><span style=\"font-weight: bold;\">Funzionali:<\/span> Sono i cookie che aiutano alcune funzionalit\u00e0 non essenziali del nostro sito web. Queste funzionalit\u00e0 includono l&#8217;incorporazione di contenuti come i video o la condivisione dei contenuti del sito web sulle piattaforme dei social media.<\/p>\n<p><span style=\"font-weight: bold;\">Preferenze:<\/span> Questi cookie ci aiutano a memorizzare le impostazioni e le preferenze di navigazione dell&#8217;utente, come le preferenze di lingua, in modo che l&#8217;esperienza dell&#8217;utente sia migliore ed efficiente nelle visite future al sito web.<\/p>\n<p>[cookie_audit columns=&#8221;cookie,description&#8221; heading=&#8221;The below list details the cookies used in our website.&#8221;]<\/p>\n<\/div>\n<h3>Come posso controllare le preferenze dei cookie?<\/h3>\n<div>\n<p>Qualora l&#8217;utente decida di modificare le proprie preferenze nel corso della sessione di navigazione, pu\u00f2 fare clic sulla scheda &#8220;Privacy &amp; Cookie Policy&#8221; presente sullo schermo. In questo modo verr\u00e0 visualizzata nuovamente l&#8217;informativa sul consenso che vi consentir\u00e0 di modificare le vostre preferenze o di revocare completamente il vostro consenso.<\/p>\n<p>Inoltre, i diversi browser offrono metodi diversi per bloccare ed eliminare i cookie utilizzati dai siti web. \u00c8 possibile modificare le impostazioni del browser per bloccare\/eliminare i cookie. Per saperne di pi\u00f9 su come gestire ed eliminare i cookie, visitare il sito <a href=\"https:\/\/en.wikipedia.org\/wiki\/HTTP_cookie\" target=\"_blank\" rel=\"nofollow noopener\">wikipedia.org<\/a>, <a href=\"http:\/\/www.allaboutcookies.org\/\" target=\"_blank\" rel=\"nofollow noopener\">www.allaboutcookies.org.<\/a><\/p>\n<\/div>\n<\/div>\n","protected":false},"excerpt":{"rendered":"<p>Informazioni sulla politica dei cookie La presente Informativa sui cookie spiega cosa sono i cookie e come li utilizziamo. L&#8217;utente dovrebbe leggere questa politica per capire cosa sono i cookie, come li utilizziamo, i tipi di cookie che utilizziamo, ovvero le informazioni che raccogliamo utilizzando i cookie e come vengono utilizzate e come controllare le [&hellip;]<\/p>\n","protected":false},"author":1,"featured_media":0,"parent":0,"menu_order":0,"comment_status":"closed","ping_status":"closed","template":"","meta":{"_et_pb_use_builder":"","_et_pb_old_content":"","_et_gb_content_width":"","content-type":"","footnotes":""},"class_list":["post-135392","page","type-page","status-publish","hentry"],"yoast_head":"<!-- This site is optimized with the Yoast SEO plugin v27.2 - https:\/\/yoast.com\/product\/yoast-seo-wordpress\/ -->\n<title>Informativa sui cookie - IVSS<\/title>\n<meta name=\"robots\" content=\"index, follow, max-snippet:-1, max-image-preview:large, max-video-preview:-1\" \/>\n<link rel=\"canonical\" href=\"https:\/\/ivssuk.com\/it\/informativa-sui-cookie-2\/\" \/>\n<meta property=\"og:locale\" content=\"it_IT\" \/>\n<meta property=\"og:type\" content=\"article\" \/>\n<meta property=\"og:title\" content=\"Informativa sui cookie - IVSS\" \/>\n<meta property=\"og:description\" content=\"Informazioni sulla politica dei cookie La presente Informativa sui cookie spiega cosa sono i cookie e come li utilizziamo. L&#8217;utente dovrebbe leggere questa politica per capire cosa sono i cookie, come li utilizziamo, i tipi di cookie che utilizziamo, ovvero le informazioni che raccogliamo utilizzando i cookie e come vengono utilizzate e come controllare le [&hellip;]\" \/>\n<meta property=\"og:url\" content=\"https:\/\/ivssuk.com\/it\/informativa-sui-cookie-2\/\" \/>\n<meta property=\"og:site_name\" content=\"IVSS\" \/>\n<meta property=\"article:publisher\" content=\"https:\/\/www.facebook.com\/IVSSUK\" \/>\n<meta property=\"article:modified_time\" content=\"2025-03-18T09:54:54+00:00\" \/>\n<meta name=\"twitter:card\" content=\"summary_large_image\" \/>\n<meta name=\"twitter:site\" content=\"@ivssuk\" \/>\n<meta name=\"twitter:label1\" content=\"Tempo di lettura stimato\" \/>\n\t<meta name=\"twitter:data1\" content=\"3 minuti\" \/>\n<script type=\"application\/ld+json\" class=\"yoast-schema-graph\">{\"@context\":\"https:\/\/schema.org\",\"@graph\":[{\"@type\":\"WebPage\",\"@id\":\"https:\/\/ivssuk.com\/it\/informativa-sui-cookie-2\/\",\"url\":\"https:\/\/ivssuk.com\/it\/informativa-sui-cookie-2\/\",\"name\":\"Informativa sui cookie - IVSS\",\"isPartOf\":{\"@id\":\"https:\/\/ivssuk.com\/it\/#website\"},\"datePublished\":\"2023-08-20T09:06:53+00:00\",\"dateModified\":\"2025-03-18T09:54:54+00:00\",\"breadcrumb\":{\"@id\":\"https:\/\/ivssuk.com\/it\/informativa-sui-cookie-2\/#breadcrumb\"},\"inLanguage\":\"it-IT\",\"potentialAction\":[{\"@type\":\"ReadAction\",\"target\":[\"https:\/\/ivssuk.com\/it\/informativa-sui-cookie-2\/\"]}]},{\"@type\":\"BreadcrumbList\",\"@id\":\"https:\/\/ivssuk.com\/it\/informativa-sui-cookie-2\/#breadcrumb\",\"itemListElement\":[{\"@type\":\"ListItem\",\"position\":1,\"name\":\"Casa\",\"item\":\"https:\/\/ivssuk.com\/it\/casa\/\"},{\"@type\":\"ListItem\",\"position\":2,\"name\":\"Informativa sui cookie\"}]},{\"@type\":\"WebSite\",\"@id\":\"https:\/\/ivssuk.com\/it\/#website\",\"url\":\"https:\/\/ivssuk.com\/it\/\",\"name\":\"IVSS\",\"description\":\"\",\"publisher\":{\"@id\":\"https:\/\/ivssuk.com\/it\/#organization\"},\"alternateName\":\"International Vehicle Shipping Services\",\"inLanguage\":\"it-IT\"},{\"@type\":\"Organization\",\"@id\":\"https:\/\/ivssuk.com\/it\/#organization\",\"name\":\"Servizi di spedizione internazionale di veicoli\",\"alternateName\":\"IVSS\",\"url\":\"https:\/\/ivssuk.com\/it\/\",\"logo\":{\"@type\":\"ImageObject\",\"inLanguage\":\"it-IT\",\"@id\":\"https:\/\/ivssuk.com\/it\/#\/schema\/logo\/image\/\",\"url\":\"https:\/\/i0.wp.com\/ivssuk.com\/wp-content\/uploads\/2017\/01\/IVSS-Logo-420web.png?fit=420%2C125&ssl=1\",\"contentUrl\":\"https:\/\/i0.wp.com\/ivssuk.com\/wp-content\/uploads\/2017\/01\/IVSS-Logo-420web.png?fit=420%2C125&ssl=1\",\"width\":420,\"height\":125,\"caption\":\"Servizi di spedizione internazionale di veicoli\"},\"image\":{\"@id\":\"https:\/\/ivssuk.com\/it\/#\/schema\/logo\/image\/\"},\"sameAs\":[\"https:\/\/www.facebook.com\/IVSSUK\",\"https:\/\/x.com\/ivssuk\"]}]}<\/script>\n<!-- \/ Yoast SEO plugin. -->","yoast_head_json":{"title":"Informativa sui cookie - IVSS","robots":{"index":"index","follow":"follow","max-snippet":"max-snippet:-1","max-image-preview":"max-image-preview:large","max-video-preview":"max-video-preview:-1"},"canonical":"https:\/\/ivssuk.com\/it\/informativa-sui-cookie-2\/","og_locale":"it_IT","og_type":"article","og_title":"Informativa sui cookie - IVSS","og_description":"Informazioni sulla politica dei cookie La presente Informativa sui cookie spiega cosa sono i cookie e come li utilizziamo. L&#8217;utente dovrebbe leggere questa politica per capire cosa sono i cookie, come li utilizziamo, i tipi di cookie che utilizziamo, ovvero le informazioni che raccogliamo utilizzando i cookie e come vengono utilizzate e come controllare le [&hellip;]","og_url":"https:\/\/ivssuk.com\/it\/informativa-sui-cookie-2\/","og_site_name":"IVSS","article_publisher":"https:\/\/www.facebook.com\/IVSSUK","article_modified_time":"2025-03-18T09:54:54+00:00","twitter_card":"summary_large_image","twitter_site":"@ivssuk","twitter_misc":{"Tempo di lettura stimato":"3 minuti"},"schema":{"@context":"https:\/\/schema.org","@graph":[{"@type":"WebPage","@id":"https:\/\/ivssuk.com\/it\/informativa-sui-cookie-2\/","url":"https:\/\/ivssuk.com\/it\/informativa-sui-cookie-2\/","name":"Informativa sui cookie - IVSS","isPartOf":{"@id":"https:\/\/ivssuk.com\/it\/#website"},"datePublished":"2023-08-20T09:06:53+00:00","dateModified":"2025-03-18T09:54:54+00:00","breadcrumb":{"@id":"https:\/\/ivssuk.com\/it\/informativa-sui-cookie-2\/#breadcrumb"},"inLanguage":"it-IT","potentialAction":[{"@type":"ReadAction","target":["https:\/\/ivssuk.com\/it\/informativa-sui-cookie-2\/"]}]},{"@type":"BreadcrumbList","@id":"https:\/\/ivssuk.com\/it\/informativa-sui-cookie-2\/#breadcrumb","itemListElement":[{"@type":"ListItem","position":1,"name":"Casa","item":"https:\/\/ivssuk.com\/it\/casa\/"},{"@type":"ListItem","position":2,"name":"Informativa sui cookie"}]},{"@type":"WebSite","@id":"https:\/\/ivssuk.com\/it\/#website","url":"https:\/\/ivssuk.com\/it\/","name":"IVSS","description":"","publisher":{"@id":"https:\/\/ivssuk.com\/it\/#organization"},"alternateName":"International Vehicle Shipping Services","inLanguage":"it-IT"},{"@type":"Organization","@id":"https:\/\/ivssuk.com\/it\/#organization","name":"Servizi di spedizione internazionale di veicoli","alternateName":"IVSS","url":"https:\/\/ivssuk.com\/it\/","logo":{"@type":"ImageObject","inLanguage":"it-IT","@id":"https:\/\/ivssuk.com\/it\/#\/schema\/logo\/image\/","url":"https:\/\/i0.wp.com\/ivssuk.com\/wp-content\/uploads\/2017\/01\/IVSS-Logo-420web.png?fit=420%2C125&ssl=1","contentUrl":"https:\/\/i0.wp.com\/ivssuk.com\/wp-content\/uploads\/2017\/01\/IVSS-Logo-420web.png?fit=420%2C125&ssl=1","width":420,"height":125,"caption":"Servizi di spedizione internazionale di veicoli"},"image":{"@id":"https:\/\/ivssuk.com\/it\/#\/schema\/logo\/image\/"},"sameAs":["https:\/\/www.facebook.com\/IVSSUK","https:\/\/x.com\/ivssuk"]}]}},"_links":{"self":[{"href":"https:\/\/ivssuk.com\/it\/wp-json\/wp\/v2\/pages\/135392","targetHints":{"allow":["GET"]}}],"collection":[{"href":"https:\/\/ivssuk.com\/it\/wp-json\/wp\/v2\/pages"}],"about":[{"href":"https:\/\/ivssuk.com\/it\/wp-json\/wp\/v2\/types\/page"}],"author":[{"embeddable":true,"href":"https:\/\/ivssuk.com\/it\/wp-json\/wp\/v2\/users\/1"}],"replies":[{"embeddable":true,"href":"https:\/\/ivssuk.com\/it\/wp-json\/wp\/v2\/comments?post=135392"}],"version-history":[{"count":0,"href":"https:\/\/ivssuk.com\/it\/wp-json\/wp\/v2\/pages\/135392\/revisions"}],"wp:attachment":[{"href":"https:\/\/ivssuk.com\/it\/wp-json\/wp\/v2\/media?parent=135392"}],"curies":[{"name":"wp","href":"https:\/\/api.w.org\/{rel}","templated":true}]}}