{"id":135379,"date":"2023-08-20T10:06:03","date_gmt":"2023-08-20T09:06:03","guid":{"rendered":"https:\/\/ivssuk.com\/tracciabilita-delle-navi-e-dei-carichi\/"},"modified":"2023-08-20T10:06:38","modified_gmt":"2023-08-20T09:06:38","slug":"tracciabilita-delle-navi-e-dei-carichi","status":"publish","type":"page","link":"https:\/\/ivssuk.com\/it\/tracciabilita-delle-navi-e-dei-carichi\/","title":{"rendered":"Tracciabilit\u00e0 delle navi e dei carichi"},"content":{"rendered":"<p>[et_pb_section fb_built=&#8221;1&#8243; _builder_version=&#8221;4.16&#8243; global_colors_info=&#8221;{}&#8221;][et_pb_row _builder_version=&#8221;4.16&#8243; background_size=&#8221;initial&#8221; background_position=&#8221;top_left&#8221; background_repeat=&#8221;repeat&#8221; global_colors_info=&#8221;{}&#8221;][et_pb_column type=&#8221;4_4&#8243; _builder_version=&#8221;4.16&#8243; custom_padding=&#8221;|||&#8221; global_colors_info=&#8221;{}&#8221; custom_padding__hover=&#8221;|||&#8221;][et_pb_text _builder_version=&#8221;4.20.0&#8243; hover_enabled=&#8221;0&#8243; global_colors_info=&#8221;{}&#8221; sticky_enabled=&#8221;0&#8243;]<\/p>\n<h1><strong>Tracciabilit\u00e0 delle navi e dei carichi<\/strong><\/h1>\n<p>&nbsp;<\/p>\n<p>Esistono diversi modi per tracciare il vostro carico e la nave su cui si trova, ma \u00e8 importante notare che non tutti i vettori forniscono la tracciabilit\u00e0 del carico in tempo reale.<\/p>\n<ul>\n<li>  Sistema di tracciamento dei vettori &#8211; alcune compagnie di navigazione, ma non tutte, hanno la possibilit\u00e0 di tracciare il carico sui loro siti web.<\/li>\n<li>  Utilizzo di siti web di terze parti per il tracciamento delle imbarcazioni<\/li>\n<\/ul>\n<p>[\/et_pb_text][et_pb_text _builder_version=&#8221;4.20.0&#8243; hover_enabled=&#8221;0&#8243; global_colors_info=&#8221;{}&#8221; sticky_enabled=&#8221;0&#8243;]<\/p>\n<h3><strong>Tracciabilit\u00e0 del carico Roll on Roll off<\/strong><\/h3>\n<p>In genere, per poter tracciare il carico Roll on Roll off \u00e8 necessario il numero di prenotazione o il numero della polizza di carico, se non lo avete contattateci e ve lo forniremo. In genere possono essere necessari da 1 a 3 giorni lavorativi per l&#8217;aggiornamento dei sistemi di tracciamento.<\/p>\n<h4><strong>Vettori con tracciamento<\/strong><\/h4>\n<ul>\n<li>WWL (Wallenius Wilhelmsen) &#8211; forniscono il tracking in tempo reale sul loro <a href=\"https:\/\/www.walleniuswilhelmsen.com\/track-trace\">sito web<\/a> &#8211; \u00e8 necessario avere la prenotazione o il numero di BL<\/li>\n<li>Hoegh Auto Liners &#8211; fornisce una tracciabilit\u00e0 limitata in tempo reale sul proprio <a href=\"https:\/\/www.hoeghautoliners.com\/my-cargo\">sito web <\/a> &#8211; \u00e8 necessario il numero di codice fiscale.<\/li>\n<li>K-Line &#8211; forniscono il tracking in tempo reale sul loro <a href=\"https:\/\/apps.klineglobalroro.com\/tracking\/search\">sito web<\/a> &#8211; \u00e8 necessario avere la prenotazione o il numero BL<\/li>\n<li>Eukor &#8211; forniscono il tracking in tempo reale sul loro <a href=\"https:\/\/www.eukor.com\/cargo-tracking\">sito web<\/a> &#8211; \u00e8 necessario il numero di BL<\/li>\n<li>ACL (Atlantic Container Line) &#8211; forniscono il tracking in tempo reale sul loro <a href=\"https:\/\/www.gnet.grimaldi-eservice.com\/GNET\/Pages_RoroTracking\/WFRoroTracking\">sito web<\/a> &#8211; \u00e8 necessario il numero BL e il VIN<\/li>\n<li>Grimaldi &#8211; forniscono il tracking in tempo reale sul loro <a href=\"https:\/\/www.gnet.grimaldi-eservice.com\/GNET\/Pages_RoroTracking\/WFRoroTracking\">sito web<\/a> &#8211; \u00e8 necessario il numero BL e il VIN<\/li>\n<li>MOL &#8211; forniscono il tracking in tempo reale sul loro <a href=\"https:\/\/www.molace.com\/TRK\/Search\">sito web<\/a> &#8211; \u00e8 necessario il numero di BL<\/li>\n<\/ul>\n<h4><strong>Vettori senza tracciamento<\/strong><\/h4>\n<p>Per quanto riguarda i vettori, senza il tracciamento dovrete seguire la nave specifica su siti web di terzi come Marine Traffic, oppure tenere d&#8217;occhio gli orari, che a seconda del vettore potrebbero non fornire aggiornamenti in tempo reale.<\/p>\n<ul>\n<li>NYK &#8211; non fornisce il tracking in tempo reale &#8211; dovrete controllare gli orari pi\u00f9 recenti sul loro <a href=\"http:\/\/www.nykroro.com\/customer\/schedules.html\">sito web<\/a>.<\/li>\n<\/ul>\n<p>[\/et_pb_text][et_pb_text _builder_version=&#8221;4.16&#8243; global_colors_info=&#8221;{}&#8221;]<\/p>\n<h2><strong>Tracciamento dei natanti in tempo reale<\/strong><\/h2>\n<p>Per rintracciare un&#8217;imbarcazione specifica, \u00e8 possibile utilizzare la funzionalit\u00e0 di ricerca sulla mappa sottostante, tutto ci\u00f2 che serve \u00e8 il nome dell&#8217;imbarcazione.<\/p>\n<p><script type=\"text\/javascript\"> width='100%';\t\/\/ the width of the embedded map in pixels or percentage height='750';\t\/\/ the height of the embedded map in pixels or percentage border='1';\t\/\/ the width of the border around the map (zero means no border) shownames='false';\t\/\/ to display ship names on the map (true or false) latitude='37.4460';\t\/\/ the latitude of the center of the map, in decimal degrees longitude='24.9467';\t\/\/ the longitude of the center of the map, in decimal degrees zoom='9';\t\/\/ the zoom level of the map (values between 2 and 17) maptype='1';\t\/\/ use 0 for Normal Map, 1 for Satellite, 2 for OpenStreetMap trackvessel='0';\t\/\/ MMSI of a vessel (note: vessel will be displayed only if within range of the system) - overrides \"zoom\" option fleet='';\t\/\/ the registered email address of a user-defined fleet (user's default fleet is used) <\/script> <script type=\"text\/javascript\" src=\"\/\/www.marinetraffic.com\/js\/embed.js\"><\/script><\/p>\n<p>[\/et_pb_text][\/et_pb_column][\/et_pb_row][\/et_pb_section]<\/p>\n","protected":false},"excerpt":{"rendered":"<p>Tracciabilit\u00e0 delle navi e dei carichi &nbsp; Esistono diversi modi per tracciare il vostro carico e la nave su cui si trova, ma \u00e8 importante notare che non tutti i vettori forniscono la tracciabilit\u00e0 del carico in tempo reale. Sistema di tracciamento dei vettori &#8211; alcune compagnie di navigazione, ma non tutte, hanno la possibilit\u00e0 [&hellip;]<\/p>\n","protected":false},"author":1,"featured_media":0,"parent":0,"menu_order":0,"comment_status":"closed","ping_status":"closed","template":"","meta":{"_et_pb_use_builder":"on","_et_pb_old_content":"","_et_gb_content_width":"","content-type":"","footnotes":""},"class_list":["post-135379","page","type-page","status-publish","hentry"],"yoast_head":"<!-- This site is optimized with the Yoast SEO plugin v27.5 - https:\/\/yoast.com\/product\/yoast-seo-wordpress\/ -->\n<title>Tracciamento di navi e carichi Roll on Roll Off (RORO)<\/title>\n<meta name=\"description\" content=\"RORO Cargo tracking per la spedizione di veicoli, link e informazioni su come e dove tracciare il carico o la nave.\" \/>\n<meta name=\"robots\" content=\"index, follow, max-snippet:-1, max-image-preview:large, max-video-preview:-1\" \/>\n<link rel=\"canonical\" href=\"https:\/\/ivssuk.com\/it\/tracciabilita-delle-navi-e-dei-carichi\/\" \/>\n<meta property=\"og:locale\" content=\"it_IT\" \/>\n<meta property=\"og:type\" content=\"article\" \/>\n<meta property=\"og:title\" content=\"Tracciamento di navi e carichi Roll on Roll Off (RORO)\" \/>\n<meta property=\"og:description\" content=\"RORO Cargo tracking per la spedizione di veicoli, link e informazioni su come e dove tracciare il carico o la nave.\" \/>\n<meta property=\"og:url\" content=\"https:\/\/ivssuk.com\/it\/tracciabilita-delle-navi-e-dei-carichi\/\" \/>\n<meta property=\"og:site_name\" content=\"IVSS\" \/>\n<meta property=\"article:publisher\" content=\"https:\/\/www.facebook.com\/IVSSUK\" \/>\n<meta property=\"article:modified_time\" content=\"2023-08-20T09:06:38+00:00\" \/>\n<meta name=\"twitter:card\" content=\"summary_large_image\" \/>\n<meta name=\"twitter:site\" content=\"@ivssuk\" \/>\n<meta name=\"twitter:label1\" content=\"Tempo di lettura stimato\" \/>\n\t<meta name=\"twitter:data1\" content=\"2 minuti\" \/>\n<script type=\"application\/ld+json\" class=\"yoast-schema-graph\">{\"@context\":\"https:\\\/\\\/schema.org\",\"@graph\":[{\"@type\":\"WebPage\",\"@id\":\"https:\\\/\\\/ivssuk.com\\\/it\\\/tracciabilita-delle-navi-e-dei-carichi\\\/\",\"url\":\"https:\\\/\\\/ivssuk.com\\\/it\\\/tracciabilita-delle-navi-e-dei-carichi\\\/\",\"name\":\"Tracciamento di navi e carichi Roll on Roll Off (RORO)\",\"isPartOf\":{\"@id\":\"https:\\\/\\\/ivssuk.com\\\/it\\\/#website\"},\"datePublished\":\"2023-08-20T09:06:03+00:00\",\"dateModified\":\"2023-08-20T09:06:38+00:00\",\"description\":\"RORO Cargo tracking per la spedizione di veicoli, link e informazioni su come e dove tracciare il carico o la nave.\",\"breadcrumb\":{\"@id\":\"https:\\\/\\\/ivssuk.com\\\/it\\\/tracciabilita-delle-navi-e-dei-carichi\\\/#breadcrumb\"},\"inLanguage\":\"it-IT\",\"potentialAction\":[{\"@type\":\"ReadAction\",\"target\":[\"https:\\\/\\\/ivssuk.com\\\/it\\\/tracciabilita-delle-navi-e-dei-carichi\\\/\"]}]},{\"@type\":\"BreadcrumbList\",\"@id\":\"https:\\\/\\\/ivssuk.com\\\/it\\\/tracciabilita-delle-navi-e-dei-carichi\\\/#breadcrumb\",\"itemListElement\":[{\"@type\":\"ListItem\",\"position\":1,\"name\":\"Casa\",\"item\":\"https:\\\/\\\/ivssuk.com\\\/it\\\/casa\\\/\"},{\"@type\":\"ListItem\",\"position\":2,\"name\":\"Tracciabilit\u00e0 delle navi e dei carichi\"}]},{\"@type\":\"WebSite\",\"@id\":\"https:\\\/\\\/ivssuk.com\\\/it\\\/#website\",\"url\":\"https:\\\/\\\/ivssuk.com\\\/it\\\/\",\"name\":\"IVSS\",\"description\":\"\",\"publisher\":{\"@id\":\"https:\\\/\\\/ivssuk.com\\\/it\\\/#organization\"},\"alternateName\":\"International Vehicle Shipping Services\",\"inLanguage\":\"it-IT\"},{\"@type\":\"Organization\",\"@id\":\"https:\\\/\\\/ivssuk.com\\\/it\\\/#organization\",\"name\":\"Servizi di spedizione internazionale di veicoli\",\"alternateName\":\"IVSS\",\"url\":\"https:\\\/\\\/ivssuk.com\\\/it\\\/\",\"logo\":{\"@type\":\"ImageObject\",\"inLanguage\":\"it-IT\",\"@id\":\"https:\\\/\\\/ivssuk.com\\\/it\\\/#\\\/schema\\\/logo\\\/image\\\/\",\"url\":\"https:\\\/\\\/i0.wp.com\\\/ivssuk.com\\\/wp-content\\\/uploads\\\/2017\\\/01\\\/IVSS-Logo-420web.png?fit=420%2C125&ssl=1\",\"contentUrl\":\"https:\\\/\\\/i0.wp.com\\\/ivssuk.com\\\/wp-content\\\/uploads\\\/2017\\\/01\\\/IVSS-Logo-420web.png?fit=420%2C125&ssl=1\",\"width\":420,\"height\":125,\"caption\":\"Servizi di spedizione internazionale di veicoli\"},\"image\":{\"@id\":\"https:\\\/\\\/ivssuk.com\\\/it\\\/#\\\/schema\\\/logo\\\/image\\\/\"},\"sameAs\":[\"https:\\\/\\\/www.facebook.com\\\/IVSSUK\",\"https:\\\/\\\/x.com\\\/ivssuk\"]}]}<\/script>\n<!-- \/ Yoast SEO plugin. -->","yoast_head_json":{"title":"Tracciamento di navi e carichi Roll on Roll Off (RORO)","description":"RORO Cargo tracking per la spedizione di veicoli, link e informazioni su come e dove tracciare il carico o la nave.","robots":{"index":"index","follow":"follow","max-snippet":"max-snippet:-1","max-image-preview":"max-image-preview:large","max-video-preview":"max-video-preview:-1"},"canonical":"https:\/\/ivssuk.com\/it\/tracciabilita-delle-navi-e-dei-carichi\/","og_locale":"it_IT","og_type":"article","og_title":"Tracciamento di navi e carichi Roll on Roll Off (RORO)","og_description":"RORO Cargo tracking per la spedizione di veicoli, link e informazioni su come e dove tracciare il carico o la nave.","og_url":"https:\/\/ivssuk.com\/it\/tracciabilita-delle-navi-e-dei-carichi\/","og_site_name":"IVSS","article_publisher":"https:\/\/www.facebook.com\/IVSSUK","article_modified_time":"2023-08-20T09:06:38+00:00","twitter_card":"summary_large_image","twitter_site":"@ivssuk","twitter_misc":{"Tempo di lettura stimato":"2 minuti"},"schema":{"@context":"https:\/\/schema.org","@graph":[{"@type":"WebPage","@id":"https:\/\/ivssuk.com\/it\/tracciabilita-delle-navi-e-dei-carichi\/","url":"https:\/\/ivssuk.com\/it\/tracciabilita-delle-navi-e-dei-carichi\/","name":"Tracciamento di navi e carichi Roll on Roll Off (RORO)","isPartOf":{"@id":"https:\/\/ivssuk.com\/it\/#website"},"datePublished":"2023-08-20T09:06:03+00:00","dateModified":"2023-08-20T09:06:38+00:00","description":"RORO Cargo tracking per la spedizione di veicoli, link e informazioni su come e dove tracciare il carico o la nave.","breadcrumb":{"@id":"https:\/\/ivssuk.com\/it\/tracciabilita-delle-navi-e-dei-carichi\/#breadcrumb"},"inLanguage":"it-IT","potentialAction":[{"@type":"ReadAction","target":["https:\/\/ivssuk.com\/it\/tracciabilita-delle-navi-e-dei-carichi\/"]}]},{"@type":"BreadcrumbList","@id":"https:\/\/ivssuk.com\/it\/tracciabilita-delle-navi-e-dei-carichi\/#breadcrumb","itemListElement":[{"@type":"ListItem","position":1,"name":"Casa","item":"https:\/\/ivssuk.com\/it\/casa\/"},{"@type":"ListItem","position":2,"name":"Tracciabilit\u00e0 delle navi e dei carichi"}]},{"@type":"WebSite","@id":"https:\/\/ivssuk.com\/it\/#website","url":"https:\/\/ivssuk.com\/it\/","name":"IVSS","description":"","publisher":{"@id":"https:\/\/ivssuk.com\/it\/#organization"},"alternateName":"International Vehicle Shipping Services","inLanguage":"it-IT"},{"@type":"Organization","@id":"https:\/\/ivssuk.com\/it\/#organization","name":"Servizi di spedizione internazionale di veicoli","alternateName":"IVSS","url":"https:\/\/ivssuk.com\/it\/","logo":{"@type":"ImageObject","inLanguage":"it-IT","@id":"https:\/\/ivssuk.com\/it\/#\/schema\/logo\/image\/","url":"https:\/\/i0.wp.com\/ivssuk.com\/wp-content\/uploads\/2017\/01\/IVSS-Logo-420web.png?fit=420%2C125&ssl=1","contentUrl":"https:\/\/i0.wp.com\/ivssuk.com\/wp-content\/uploads\/2017\/01\/IVSS-Logo-420web.png?fit=420%2C125&ssl=1","width":420,"height":125,"caption":"Servizi di spedizione internazionale di veicoli"},"image":{"@id":"https:\/\/ivssuk.com\/it\/#\/schema\/logo\/image\/"},"sameAs":["https:\/\/www.facebook.com\/IVSSUK","https:\/\/x.com\/ivssuk"]}]}},"_links":{"self":[{"href":"https:\/\/ivssuk.com\/it\/wp-json\/wp\/v2\/pages\/135379","targetHints":{"allow":["GET"]}}],"collection":[{"href":"https:\/\/ivssuk.com\/it\/wp-json\/wp\/v2\/pages"}],"about":[{"href":"https:\/\/ivssuk.com\/it\/wp-json\/wp\/v2\/types\/page"}],"author":[{"embeddable":true,"href":"https:\/\/ivssuk.com\/it\/wp-json\/wp\/v2\/users\/1"}],"replies":[{"embeddable":true,"href":"https:\/\/ivssuk.com\/it\/wp-json\/wp\/v2\/comments?post=135379"}],"version-history":[{"count":0,"href":"https:\/\/ivssuk.com\/it\/wp-json\/wp\/v2\/pages\/135379\/revisions"}],"wp:attachment":[{"href":"https:\/\/ivssuk.com\/it\/wp-json\/wp\/v2\/media?parent=135379"}],"curies":[{"name":"wp","href":"https:\/\/api.w.org\/{rel}","templated":true}]}}