{"id":134454,"date":"2023-08-18T22:34:00","date_gmt":"2023-08-18T21:34:00","guid":{"rendered":"https:\/\/ivssuk.com\/suivi-des-navires-et-des-cargaisons\/"},"modified":"2023-08-18T22:34:26","modified_gmt":"2023-08-18T21:34:26","slug":"suivi-des-navires-et-des-cargaisons","status":"publish","type":"page","link":"https:\/\/ivssuk.com\/fr\/suivi-des-navires-et-des-cargaisons\/","title":{"rendered":"Suivi des navires et des cargaisons"},"content":{"rendered":"<p>[et_pb_section fb_built=\u00a0\u00bb1&Prime; _builder_version=\u00a0\u00bb4.16&Prime; global_colors_info=\u00a0\u00bb{}\u00a0\u00bb][et_pb_row _builder_version=\u00a0\u00bb4.16&Prime; background_size=\u00a0\u00bbinitial\u00a0\u00bb background_position=\u00a0\u00bbtop_left\u00a0\u00bb background_repeat=\u00a0\u00bbrepeat\u00a0\u00bb global_colors_info=\u00a0\u00bb{}\u00a0\u00bb][et_pb_column type=\u00a0\u00bb4_4&Prime; _builder_version=\u00a0\u00bb4.16&Prime; custom_padding=\u00a0\u00bb|||\u00a0\u00bb global_colors_info=\u00a0\u00bb{}\u00a0\u00bb custom_padding__hover=\u00a0\u00bb|||\u00a0\u00bb][et_pb_text _builder_version=\u00a0\u00bb4.20.0&Prime; hover_enabled=\u00a0\u00bb0&Prime; global_colors_info=\u00a0\u00bb{}\u00a0\u00bb sticky_enabled=\u00a0\u00bb0&Prime;]<\/p>\n<h1><strong>Suivi des navires et des cargaisons<\/strong><\/h1>\n<p>&nbsp;<\/p>\n<p>Il existe plusieurs fa\u00e7ons de suivre votre cargaison et le navire sur lequel elle se trouve. Il est important de noter que tous les transporteurs n&rsquo;offrent pas un suivi en temps r\u00e9el de la cargaison.<\/p>\n<ul>\n<li>  Syst\u00e8me de suivi des transporteurs &#8211; certaines compagnies maritimes, mais pas toutes, ont la possibilit\u00e9 de suivre les cargaisons sur leur site web.<\/li>\n<li>  Utilisation de sites web tiers de suivi des navires<\/li>\n<\/ul>\n<p>[\/et_pb_text][et_pb_text _builder_version=\u00a0\u00bb4.20.0&Prime; hover_enabled=\u00a0\u00bb0&Prime; global_colors_info=\u00a0\u00bb{}\u00a0\u00bb sticky_enabled=\u00a0\u00bb0&Prime;]<\/p>\n<h3><strong>Suivi des cargaisons de type Roll on Roll Off<\/strong><\/h3>\n<p>En r\u00e8gle g\u00e9n\u00e9rale, pour pouvoir suivre un chargement Roll on Roll Off, vous aurez besoin de votre num\u00e9ro de r\u00e9servation ou de votre num\u00e9ro de connaissement. Si vous ne l&rsquo;avez pas, veuillez nous contacter et nous vous le fournirons. Veuillez noter que la mise \u00e0 jour des syst\u00e8mes de suivi peut prendre de 1 \u00e0 3 jours ouvrables.<\/p>\n<h4><strong>Transporteurs avec suivi<\/strong><\/h4>\n<ul>\n<li>WWL (Wallenius Wilhelmsen) &#8211; fournit un suivi en temps r\u00e9el sur son <a href=\"https:\/\/www.walleniuswilhelmsen.com\/track-trace\">site web<\/a> &#8211; vous aurez besoin de votre r\u00e9servation ou du num\u00e9ro BL.<\/li>\n<li>Hoegh Auto Liners &#8211; offre un suivi limit\u00e9 en temps r\u00e9el sur son <a href=\"https:\/\/www.hoeghautoliners.com\/my-cargo\">site web <\/a> &#8211; vous aurez besoin de votre num\u00e9ro d&rsquo;identification.<\/li>\n<li>K-Line &#8211; fournit un suivi en temps r\u00e9el sur son <a href=\"https:\/\/apps.klineglobalroro.com\/tracking\/search\">site web<\/a> &#8211; vous aurez besoin de votre r\u00e9servation ou du num\u00e9ro de BL.<\/li>\n<li>Eukor &#8211; fournit un suivi en temps r\u00e9el sur son <a href=\"https:\/\/www.eukor.com\/cargo-tracking\">site web<\/a> &#8211; vous aurez besoin de votre num\u00e9ro BL<\/li>\n<li>ACL (Atlantic Container Line) &#8211; fournit un suivi en temps r\u00e9el sur son <a href=\"https:\/\/www.gnet.grimaldi-eservice.com\/GNET\/Pages_RoroTracking\/WFRoroTracking\">site web<\/a> &#8211; vous aurez besoin de votre num\u00e9ro BL et de votre num\u00e9ro d&rsquo;identification de v\u00e9hicule (VIN).<\/li>\n<li>Grimaldi &#8211; fournit un suivi en temps r\u00e9el sur son <a href=\"https:\/\/www.gnet.grimaldi-eservice.com\/GNET\/Pages_RoroTracking\/WFRoroTracking\">site web<\/a> &#8211; vous aurez besoin de votre num\u00e9ro BL et de votre num\u00e9ro d&rsquo;identification de v\u00e9hicule (VIN).<\/li>\n<li>MOL &#8211; fournit un suivi en temps r\u00e9el sur son <a href=\"https:\/\/www.molace.com\/TRK\/Search\">site web<\/a> &#8211; vous aurez besoin de votre num\u00e9ro BL<\/li>\n<\/ul>\n<h4><strong>Transporteurs sans suivi<\/strong><\/h4>\n<p>Pour les transporteurs, sans suivi, vous devrez suivre le navire sp\u00e9cifique sur des sites web tiers comme le trafic maritime, ou garder un \u0153il sur les horaires, selon le transporteur, les horaires peuvent ne pas fournir de mises \u00e0 jour en temps r\u00e9el.<\/p>\n<ul>\n<li>NYK &#8211; ne fournit pas de suivi en direct &#8211; vous devrez v\u00e9rifier les derniers horaires sur leur <a href=\"http:\/\/www.nykroro.com\/customer\/schedules.html\">site web<\/a>.<\/li>\n<\/ul>\n<p>[\/et_pb_text][et_pb_text _builder_version=\u00a0\u00bb4.16&Prime; global_colors_info=\u00a0\u00bb{}\u00a0\u00bb]<\/p>\n<h2><strong>Suivi des navires en direct<\/strong><\/h2>\n<p>Pour suivre un navire sp\u00e9cifique, vous pouvez utiliser la fonctionnalit\u00e9 de recherche sur la carte ci-dessous, tout ce dont vous avez besoin est le nom du navire.<\/p>\n<p><script type=\"text\/javascript\"> width='100%';\t\/\/ the width of the embedded map in pixels or percentage height='750';\t\/\/ the height of the embedded map in pixels or percentage border='1';\t\/\/ the width of the border around the map (zero means no border) shownames='false';\t\/\/ to display ship names on the map (true or false) latitude='37.4460';\t\/\/ the latitude of the center of the map, in decimal degrees longitude='24.9467';\t\/\/ the longitude of the center of the map, in decimal degrees zoom='9';\t\/\/ the zoom level of the map (values between 2 and 17) maptype='1';\t\/\/ use 0 for Normal Map, 1 for Satellite, 2 for OpenStreetMap trackvessel='0';\t\/\/ MMSI of a vessel (note: vessel will be displayed only if within range of the system) - overrides \"zoom\" option fleet='';\t\/\/ the registered email address of a user-defined fleet (user's default fleet is used) <\/script> <script type=\"text\/javascript\" src=\"\/\/www.marinetraffic.com\/js\/embed.js\"><\/script><\/p>\n<p>[\/et_pb_text][\/et_pb_column][\/et_pb_row][\/et_pb_section]<\/p>\n","protected":false},"excerpt":{"rendered":"<p>Suivi des navires et des cargaisons &nbsp; Il existe plusieurs fa\u00e7ons de suivre votre cargaison et le navire sur lequel elle se trouve. Il est important de noter que tous les transporteurs n&rsquo;offrent pas un suivi en temps r\u00e9el de la cargaison. Syst\u00e8me de suivi des transporteurs &#8211; certaines compagnies maritimes, mais pas toutes, ont [&hellip;]<\/p>\n","protected":false},"author":1,"featured_media":0,"parent":0,"menu_order":0,"comment_status":"closed","ping_status":"closed","template":"","meta":{"_et_pb_use_builder":"on","_et_pb_old_content":"","_et_gb_content_width":"","content-type":"","footnotes":""},"class_list":["post-134454","page","type-page","status-publish","hentry"],"yoast_head":"<!-- This site is optimized with the Yoast SEO plugin v27.2 - https:\/\/yoast.com\/product\/yoast-seo-wordpress\/ -->\n<title>Suivi des navires et des cargaisons par transroulage (RORO)<\/title>\n<meta name=\"description\" content=\"RORO Suivi de cargaison pour l&#039;exp\u00e9dition de v\u00e9hicules, liens et informations sur comment et o\u00f9 suivre la cargaison ou le navire.\" \/>\n<meta name=\"robots\" content=\"index, follow, max-snippet:-1, max-image-preview:large, max-video-preview:-1\" \/>\n<link rel=\"canonical\" href=\"https:\/\/ivssuk.com\/fr\/suivi-des-navires-et-des-cargaisons\/\" \/>\n<meta property=\"og:locale\" content=\"fr_FR\" \/>\n<meta property=\"og:type\" content=\"article\" \/>\n<meta property=\"og:title\" content=\"Suivi des navires et des cargaisons par transroulage (RORO)\" \/>\n<meta property=\"og:description\" content=\"RORO Suivi de cargaison pour l&#039;exp\u00e9dition de v\u00e9hicules, liens et informations sur comment et o\u00f9 suivre la cargaison ou le navire.\" \/>\n<meta property=\"og:url\" content=\"https:\/\/ivssuk.com\/fr\/suivi-des-navires-et-des-cargaisons\/\" \/>\n<meta property=\"og:site_name\" content=\"IVSS\" \/>\n<meta property=\"article:publisher\" content=\"https:\/\/www.facebook.com\/IVSSUK\" \/>\n<meta property=\"article:modified_time\" content=\"2023-08-18T21:34:26+00:00\" \/>\n<meta name=\"twitter:card\" content=\"summary_large_image\" \/>\n<meta name=\"twitter:site\" content=\"@ivssuk\" \/>\n<meta name=\"twitter:label1\" content=\"Dur\u00e9e de lecture estim\u00e9e\" \/>\n\t<meta name=\"twitter:data1\" content=\"3 minutes\" \/>\n<script type=\"application\/ld+json\" class=\"yoast-schema-graph\">{\"@context\":\"https:\/\/schema.org\",\"@graph\":[{\"@type\":\"WebPage\",\"@id\":\"https:\/\/ivssuk.com\/fr\/suivi-des-navires-et-des-cargaisons\/\",\"url\":\"https:\/\/ivssuk.com\/fr\/suivi-des-navires-et-des-cargaisons\/\",\"name\":\"Suivi des navires et des cargaisons par transroulage (RORO)\",\"isPartOf\":{\"@id\":\"https:\/\/ivssuk.com\/fr\/#website\"},\"datePublished\":\"2023-08-18T21:34:00+00:00\",\"dateModified\":\"2023-08-18T21:34:26+00:00\",\"description\":\"RORO Suivi de cargaison pour l'exp\u00e9dition de v\u00e9hicules, liens et informations sur comment et o\u00f9 suivre la cargaison ou le navire.\",\"breadcrumb\":{\"@id\":\"https:\/\/ivssuk.com\/fr\/suivi-des-navires-et-des-cargaisons\/#breadcrumb\"},\"inLanguage\":\"fr-FR\",\"potentialAction\":[{\"@type\":\"ReadAction\",\"target\":[\"https:\/\/ivssuk.com\/fr\/suivi-des-navires-et-des-cargaisons\/\"]}]},{\"@type\":\"BreadcrumbList\",\"@id\":\"https:\/\/ivssuk.com\/fr\/suivi-des-navires-et-des-cargaisons\/#breadcrumb\",\"itemListElement\":[{\"@type\":\"ListItem\",\"position\":1,\"name\":\"Accueil\",\"item\":\"https:\/\/ivssuk.com\/fr\/accueil\/\"},{\"@type\":\"ListItem\",\"position\":2,\"name\":\"Suivi des navires et des cargaisons\"}]},{\"@type\":\"WebSite\",\"@id\":\"https:\/\/ivssuk.com\/fr\/#website\",\"url\":\"https:\/\/ivssuk.com\/fr\/\",\"name\":\"IVSS\",\"description\":\"\",\"publisher\":{\"@id\":\"https:\/\/ivssuk.com\/fr\/#organization\"},\"alternateName\":\"International Vehicle Shipping Services\",\"inLanguage\":\"fr-FR\"},{\"@type\":\"Organization\",\"@id\":\"https:\/\/ivssuk.com\/fr\/#organization\",\"name\":\"Services internationaux de transport de v\u00e9hicules\",\"alternateName\":\"IVSS\",\"url\":\"https:\/\/ivssuk.com\/fr\/\",\"logo\":{\"@type\":\"ImageObject\",\"inLanguage\":\"fr-FR\",\"@id\":\"https:\/\/ivssuk.com\/fr\/#\/schema\/logo\/image\/\",\"url\":\"https:\/\/i0.wp.com\/ivssuk.com\/wp-content\/uploads\/2017\/01\/IVSS-Logo-420web.png?fit=420%2C125&ssl=1\",\"contentUrl\":\"https:\/\/i0.wp.com\/ivssuk.com\/wp-content\/uploads\/2017\/01\/IVSS-Logo-420web.png?fit=420%2C125&ssl=1\",\"width\":420,\"height\":125,\"caption\":\"Services internationaux de transport de v\u00e9hicules\"},\"image\":{\"@id\":\"https:\/\/ivssuk.com\/fr\/#\/schema\/logo\/image\/\"},\"sameAs\":[\"https:\/\/www.facebook.com\/IVSSUK\",\"https:\/\/x.com\/ivssuk\"]}]}<\/script>\n<!-- \/ Yoast SEO plugin. -->","yoast_head_json":{"title":"Suivi des navires et des cargaisons par transroulage (RORO)","description":"RORO Suivi de cargaison pour l'exp\u00e9dition de v\u00e9hicules, liens et informations sur comment et o\u00f9 suivre la cargaison ou le navire.","robots":{"index":"index","follow":"follow","max-snippet":"max-snippet:-1","max-image-preview":"max-image-preview:large","max-video-preview":"max-video-preview:-1"},"canonical":"https:\/\/ivssuk.com\/fr\/suivi-des-navires-et-des-cargaisons\/","og_locale":"fr_FR","og_type":"article","og_title":"Suivi des navires et des cargaisons par transroulage (RORO)","og_description":"RORO Suivi de cargaison pour l'exp\u00e9dition de v\u00e9hicules, liens et informations sur comment et o\u00f9 suivre la cargaison ou le navire.","og_url":"https:\/\/ivssuk.com\/fr\/suivi-des-navires-et-des-cargaisons\/","og_site_name":"IVSS","article_publisher":"https:\/\/www.facebook.com\/IVSSUK","article_modified_time":"2023-08-18T21:34:26+00:00","twitter_card":"summary_large_image","twitter_site":"@ivssuk","twitter_misc":{"Dur\u00e9e de lecture estim\u00e9e":"3 minutes"},"schema":{"@context":"https:\/\/schema.org","@graph":[{"@type":"WebPage","@id":"https:\/\/ivssuk.com\/fr\/suivi-des-navires-et-des-cargaisons\/","url":"https:\/\/ivssuk.com\/fr\/suivi-des-navires-et-des-cargaisons\/","name":"Suivi des navires et des cargaisons par transroulage (RORO)","isPartOf":{"@id":"https:\/\/ivssuk.com\/fr\/#website"},"datePublished":"2023-08-18T21:34:00+00:00","dateModified":"2023-08-18T21:34:26+00:00","description":"RORO Suivi de cargaison pour l'exp\u00e9dition de v\u00e9hicules, liens et informations sur comment et o\u00f9 suivre la cargaison ou le navire.","breadcrumb":{"@id":"https:\/\/ivssuk.com\/fr\/suivi-des-navires-et-des-cargaisons\/#breadcrumb"},"inLanguage":"fr-FR","potentialAction":[{"@type":"ReadAction","target":["https:\/\/ivssuk.com\/fr\/suivi-des-navires-et-des-cargaisons\/"]}]},{"@type":"BreadcrumbList","@id":"https:\/\/ivssuk.com\/fr\/suivi-des-navires-et-des-cargaisons\/#breadcrumb","itemListElement":[{"@type":"ListItem","position":1,"name":"Accueil","item":"https:\/\/ivssuk.com\/fr\/accueil\/"},{"@type":"ListItem","position":2,"name":"Suivi des navires et des cargaisons"}]},{"@type":"WebSite","@id":"https:\/\/ivssuk.com\/fr\/#website","url":"https:\/\/ivssuk.com\/fr\/","name":"IVSS","description":"","publisher":{"@id":"https:\/\/ivssuk.com\/fr\/#organization"},"alternateName":"International Vehicle Shipping Services","inLanguage":"fr-FR"},{"@type":"Organization","@id":"https:\/\/ivssuk.com\/fr\/#organization","name":"Services internationaux de transport de v\u00e9hicules","alternateName":"IVSS","url":"https:\/\/ivssuk.com\/fr\/","logo":{"@type":"ImageObject","inLanguage":"fr-FR","@id":"https:\/\/ivssuk.com\/fr\/#\/schema\/logo\/image\/","url":"https:\/\/i0.wp.com\/ivssuk.com\/wp-content\/uploads\/2017\/01\/IVSS-Logo-420web.png?fit=420%2C125&ssl=1","contentUrl":"https:\/\/i0.wp.com\/ivssuk.com\/wp-content\/uploads\/2017\/01\/IVSS-Logo-420web.png?fit=420%2C125&ssl=1","width":420,"height":125,"caption":"Services internationaux de transport de v\u00e9hicules"},"image":{"@id":"https:\/\/ivssuk.com\/fr\/#\/schema\/logo\/image\/"},"sameAs":["https:\/\/www.facebook.com\/IVSSUK","https:\/\/x.com\/ivssuk"]}]}},"_links":{"self":[{"href":"https:\/\/ivssuk.com\/fr\/wp-json\/wp\/v2\/pages\/134454","targetHints":{"allow":["GET"]}}],"collection":[{"href":"https:\/\/ivssuk.com\/fr\/wp-json\/wp\/v2\/pages"}],"about":[{"href":"https:\/\/ivssuk.com\/fr\/wp-json\/wp\/v2\/types\/page"}],"author":[{"embeddable":true,"href":"https:\/\/ivssuk.com\/fr\/wp-json\/wp\/v2\/users\/1"}],"replies":[{"embeddable":true,"href":"https:\/\/ivssuk.com\/fr\/wp-json\/wp\/v2\/comments?post=134454"}],"version-history":[{"count":0,"href":"https:\/\/ivssuk.com\/fr\/wp-json\/wp\/v2\/pages\/134454\/revisions"}],"wp:attachment":[{"href":"https:\/\/ivssuk.com\/fr\/wp-json\/wp\/v2\/media?parent=134454"}],"curies":[{"name":"wp","href":"https:\/\/api.w.org\/{rel}","templated":true}]}}