{"id":134257,"date":"2023-08-18T22:18:39","date_gmt":"2023-08-18T21:18:39","guid":{"rendered":"https:\/\/ivssuk.com\/strategie-cookie-2\/"},"modified":"2025-03-18T09:54:57","modified_gmt":"2025-03-18T09:54:57","slug":"strategie-cookie-2","status":"publish","type":"page","link":"https:\/\/ivssuk.com\/fr\/strategie-cookie-2\/","title":{"rendered":"Strat\u00e9gie cookie"},"content":{"rendered":"<div class=\"cli_pg_page_contaner\">\n<h3>\u00c0 propos de cette politique en mati\u00e8re de cookies<\/h3>\n<div>\n<p>La pr\u00e9sente politique en mati\u00e8re de cookies explique ce que sont les cookies et comment nous les utilisons. Vous devez lire cette politique pour comprendre ce que sont les cookies, comment nous les utilisons, les types de cookies que nous utilisons, c&rsquo;est-\u00e0-dire les informations que nous collectons \u00e0 l&rsquo;aide des cookies et comment ces informations sont utilis\u00e9es, et comment contr\u00f4ler les pr\u00e9f\u00e9rences en mati\u00e8re de cookies. Pour plus d&rsquo;informations sur la mani\u00e8re dont nous utilisons, stockons et s\u00e9curisons vos donn\u00e9es personnelles, consultez notre politique de confidentialit\u00e9.<\/p>\n<p>Vous pouvez \u00e0 tout moment modifier ou retirer votre consentement \u00e0 la d\u00e9claration sur les cookies sur notre site web.<\/p>\n<p>Pour en savoir plus sur qui nous sommes, comment vous pouvez nous contacter et comment nous traitons les donn\u00e9es personnelles, consultez notre politique de confidentialit\u00e9.<\/p>\n<p>Votre consentement s&rsquo;applique aux domaines suivants : <a href=\"https:\/\/ivssuk.com\">ivssuk.com<\/a><\/p>\n<p>[user_consent_state]<\/p>\n<\/div>\n<h3>Qu&rsquo;est-ce qu&rsquo;un cookie ?<\/h3>\n<div>\n<p>Les cookies sont de petits fichiers texte utilis\u00e9s pour stocker de petits \u00e9l\u00e9ments d&rsquo;information. Les cookies sont stock\u00e9s sur votre appareil lorsque le site web est charg\u00e9 sur votre navigateur. Ces cookies nous aident \u00e0 faire fonctionner le site web correctement, \u00e0 le rendre plus s\u00fbr, \u00e0 offrir une meilleure exp\u00e9rience \u00e0 l&rsquo;utilisateur, \u00e0 comprendre comment le site web fonctionne et \u00e0 analyser ce qui fonctionne et ce qui doit \u00eatre am\u00e9lior\u00e9.<\/p>\n<\/div>\n<h3>Comment utilisons-nous les cookies ?<\/h3>\n<div>\n<p>Comme la plupart des services en ligne, notre site web utilise des cookies de premi\u00e8re partie et de tierce partie pour un certain nombre de raisons. Les cookies de premi\u00e8re partie sont essentiellement n\u00e9cessaires au bon fonctionnement du site web et ne collectent aucune de vos donn\u00e9es personnelles identifiables.<\/p>\n<p>Les cookies de tiers utilis\u00e9s sur nos sites web servent principalement \u00e0 comprendre comment le site web fonctionne, comment vous interagissez avec notre site web, \u00e0 assurer la s\u00e9curit\u00e9 de nos services, \u00e0 fournir des publicit\u00e9s pertinentes pour vous et, dans l&rsquo;ensemble, \u00e0 vous offrir une exp\u00e9rience utilisateur meilleure et am\u00e9lior\u00e9e et \u00e0 acc\u00e9l\u00e9rer vos interactions futures avec notre site web.<\/p>\n<\/div>\n<h3>Quels types de cookies utilisons-nous ?<\/h3>\n<div>\n<p><span style=\"font-weight: bold;\">Essentiel<\/span>: Certains cookies sont essentiels pour que vous puissiez b\u00e9n\u00e9ficier de toutes les fonctionnalit\u00e9s de notre site. Ils nous permettent de maintenir les sessions des utilisateurs et de pr\u00e9venir toute menace \u00e0 la s\u00e9curit\u00e9. Ils ne collectent ni ne conservent aucune information personnelle. Par exemple, ces cookies vous permettent de vous connecter \u00e0 votre compte, d&rsquo;ajouter des produits \u00e0 votre panier et de passer \u00e0 la caisse en toute s\u00e9curit\u00e9.<\/p>\n<p><span style=\"font-weight: bold;\">Statistiques :<\/span> Ces cookies stockent des informations telles que le nombre de visiteurs sur le site web, le nombre de visiteurs uniques, les pages du site web qui ont \u00e9t\u00e9 visit\u00e9es, la source de la visite, etc. Ces donn\u00e9es nous aident \u00e0 comprendre et \u00e0 analyser les performances du site web et les points \u00e0 am\u00e9liorer.<\/p>\n<p><span style=\"font-weight: bold;\">Marketing :<\/span> Notre site web affiche des publicit\u00e9s. Ces cookies sont utilis\u00e9s pour personnaliser les publicit\u00e9s que nous vous montrons afin qu&rsquo;elles soient significatives pour vous. Ces cookies nous permettent \u00e9galement de suivre l&rsquo;efficacit\u00e9 de ces campagnes publicitaires.<\/p>\n<p>Les informations stock\u00e9es dans ces cookies peuvent \u00e9galement \u00eatre utilis\u00e9es par les fournisseurs de publicit\u00e9 tiers pour vous montrer des publicit\u00e9s sur d&rsquo;autres sites web sur le navigateur \u00e9galement.<\/p>\n<p><span style=\"font-weight: bold;\">Fonctionnels :<\/span> Il s&rsquo;agit des cookies qui facilitent certaines fonctionnalit\u00e9s non essentielles de notre site web. Ces fonctionnalit\u00e9s comprennent l&rsquo;int\u00e9gration de contenus tels que des vid\u00e9os ou le partage de contenus du site web sur des plateformes de m\u00e9dias sociaux.<\/p>\n<p><span style=\"font-weight: bold;\">Pr\u00e9f\u00e9rences :<\/span> Ces cookies nous aident \u00e0 m\u00e9moriser vos param\u00e8tres et pr\u00e9f\u00e9rences de navigation, comme les pr\u00e9f\u00e9rences linguistiques, afin de vous offrir une exp\u00e9rience meilleure et plus efficace lors de vos prochaines visites sur le site web.<\/p>\n<p>[cookie_audit columns=\u00a0\u00bbcookie,description\u00a0\u00bb heading=\u00a0\u00bbThe below list details the cookies used in our website.\u00a0\u00bb]<\/p>\n<\/div>\n<h3>Comment puis-je contr\u00f4ler les pr\u00e9f\u00e9rences en mati\u00e8re de cookies ?<\/h3>\n<div>\n<p>Si vous d\u00e9cidez de modifier vos pr\u00e9f\u00e9rences plus tard au cours de votre session de navigation, vous pouvez cliquer sur l&rsquo;onglet \u00ab\u00a0Politique en mati\u00e8re de confidentialit\u00e9 et de cookies\u00a0\u00bb sur votre \u00e9cran. L&rsquo;avis de consentement s&rsquo;affichera \u00e0 nouveau, ce qui vous permettra de modifier vos pr\u00e9f\u00e9rences ou de retirer enti\u00e8rement votre consentement.<\/p>\n<p>En outre, les navigateurs proposent des m\u00e9thodes diff\u00e9rentes pour bloquer et supprimer les cookies utilis\u00e9s par les sites web. Vous pouvez modifier les param\u00e8tres de votre navigateur pour bloquer\/supprimer les cookies. Pour en savoir plus sur la gestion et la suppression des cookies, consultez le site <a href=\"https:\/\/en.wikipedia.org\/wiki\/HTTP_cookie\" target=\"_blank\" rel=\"nofollow noopener\">wikipedia.org<\/a>, <a href=\"http:\/\/www.allaboutcookies.org\/\" target=\"_blank\" rel=\"nofollow noopener\">www.allaboutcookies.org<\/a>.<\/p>\n<\/div>\n<\/div>\n","protected":false},"excerpt":{"rendered":"<p>\u00c0 propos de cette politique en mati\u00e8re de cookies La pr\u00e9sente politique en mati\u00e8re de cookies explique ce que sont les cookies et comment nous les utilisons. Vous devez lire cette politique pour comprendre ce que sont les cookies, comment nous les utilisons, les types de cookies que nous utilisons, c&rsquo;est-\u00e0-dire les informations que nous [&hellip;]<\/p>\n","protected":false},"author":1,"featured_media":0,"parent":0,"menu_order":0,"comment_status":"closed","ping_status":"closed","template":"","meta":{"_et_pb_use_builder":"","_et_pb_old_content":"","_et_gb_content_width":"","content-type":"","footnotes":""},"class_list":["post-134257","page","type-page","status-publish","hentry"],"yoast_head":"<!-- This site is optimized with the Yoast SEO plugin v27.2 - https:\/\/yoast.com\/product\/yoast-seo-wordpress\/ -->\n<title>Strat\u00e9gie cookie - IVSS<\/title>\n<meta name=\"robots\" content=\"index, follow, max-snippet:-1, max-image-preview:large, max-video-preview:-1\" \/>\n<link rel=\"canonical\" href=\"https:\/\/ivssuk.com\/fr\/strategie-cookie-2\/\" \/>\n<meta property=\"og:locale\" content=\"fr_FR\" \/>\n<meta property=\"og:type\" content=\"article\" \/>\n<meta property=\"og:title\" content=\"Strat\u00e9gie cookie - IVSS\" \/>\n<meta property=\"og:description\" content=\"\u00c0 propos de cette politique en mati\u00e8re de cookies La pr\u00e9sente politique en mati\u00e8re de cookies explique ce que sont les cookies et comment nous les utilisons. Vous devez lire cette politique pour comprendre ce que sont les cookies, comment nous les utilisons, les types de cookies que nous utilisons, c&rsquo;est-\u00e0-dire les informations que nous [&hellip;]\" \/>\n<meta property=\"og:url\" content=\"https:\/\/ivssuk.com\/fr\/strategie-cookie-2\/\" \/>\n<meta property=\"og:site_name\" content=\"IVSS\" \/>\n<meta property=\"article:publisher\" content=\"https:\/\/www.facebook.com\/IVSSUK\" \/>\n<meta property=\"article:modified_time\" content=\"2025-03-18T09:54:57+00:00\" \/>\n<meta name=\"twitter:card\" content=\"summary_large_image\" \/>\n<meta name=\"twitter:site\" content=\"@ivssuk\" \/>\n<meta name=\"twitter:label1\" content=\"Dur\u00e9e de lecture estim\u00e9e\" \/>\n\t<meta name=\"twitter:data1\" content=\"4 minutes\" \/>\n<script type=\"application\/ld+json\" class=\"yoast-schema-graph\">{\"@context\":\"https:\/\/schema.org\",\"@graph\":[{\"@type\":\"WebPage\",\"@id\":\"https:\/\/ivssuk.com\/fr\/strategie-cookie-2\/\",\"url\":\"https:\/\/ivssuk.com\/fr\/strategie-cookie-2\/\",\"name\":\"Strat\u00e9gie cookie - IVSS\",\"isPartOf\":{\"@id\":\"https:\/\/ivssuk.com\/fr\/#website\"},\"datePublished\":\"2023-08-18T21:18:39+00:00\",\"dateModified\":\"2025-03-18T09:54:57+00:00\",\"breadcrumb\":{\"@id\":\"https:\/\/ivssuk.com\/fr\/strategie-cookie-2\/#breadcrumb\"},\"inLanguage\":\"fr-FR\",\"potentialAction\":[{\"@type\":\"ReadAction\",\"target\":[\"https:\/\/ivssuk.com\/fr\/strategie-cookie-2\/\"]}]},{\"@type\":\"BreadcrumbList\",\"@id\":\"https:\/\/ivssuk.com\/fr\/strategie-cookie-2\/#breadcrumb\",\"itemListElement\":[{\"@type\":\"ListItem\",\"position\":1,\"name\":\"Accueil\",\"item\":\"https:\/\/ivssuk.com\/fr\/accueil\/\"},{\"@type\":\"ListItem\",\"position\":2,\"name\":\"Strat\u00e9gie cookie\"}]},{\"@type\":\"WebSite\",\"@id\":\"https:\/\/ivssuk.com\/fr\/#website\",\"url\":\"https:\/\/ivssuk.com\/fr\/\",\"name\":\"IVSS\",\"description\":\"\",\"publisher\":{\"@id\":\"https:\/\/ivssuk.com\/fr\/#organization\"},\"alternateName\":\"International Vehicle Shipping Services\",\"inLanguage\":\"fr-FR\"},{\"@type\":\"Organization\",\"@id\":\"https:\/\/ivssuk.com\/fr\/#organization\",\"name\":\"Services internationaux de transport de v\u00e9hicules\",\"alternateName\":\"IVSS\",\"url\":\"https:\/\/ivssuk.com\/fr\/\",\"logo\":{\"@type\":\"ImageObject\",\"inLanguage\":\"fr-FR\",\"@id\":\"https:\/\/ivssuk.com\/fr\/#\/schema\/logo\/image\/\",\"url\":\"https:\/\/i0.wp.com\/ivssuk.com\/wp-content\/uploads\/2017\/01\/IVSS-Logo-420web.png?fit=420%2C125&ssl=1\",\"contentUrl\":\"https:\/\/i0.wp.com\/ivssuk.com\/wp-content\/uploads\/2017\/01\/IVSS-Logo-420web.png?fit=420%2C125&ssl=1\",\"width\":420,\"height\":125,\"caption\":\"Services internationaux de transport de v\u00e9hicules\"},\"image\":{\"@id\":\"https:\/\/ivssuk.com\/fr\/#\/schema\/logo\/image\/\"},\"sameAs\":[\"https:\/\/www.facebook.com\/IVSSUK\",\"https:\/\/x.com\/ivssuk\"]}]}<\/script>\n<!-- \/ Yoast SEO plugin. -->","yoast_head_json":{"title":"Strat\u00e9gie cookie - IVSS","robots":{"index":"index","follow":"follow","max-snippet":"max-snippet:-1","max-image-preview":"max-image-preview:large","max-video-preview":"max-video-preview:-1"},"canonical":"https:\/\/ivssuk.com\/fr\/strategie-cookie-2\/","og_locale":"fr_FR","og_type":"article","og_title":"Strat\u00e9gie cookie - IVSS","og_description":"\u00c0 propos de cette politique en mati\u00e8re de cookies La pr\u00e9sente politique en mati\u00e8re de cookies explique ce que sont les cookies et comment nous les utilisons. Vous devez lire cette politique pour comprendre ce que sont les cookies, comment nous les utilisons, les types de cookies que nous utilisons, c&rsquo;est-\u00e0-dire les informations que nous [&hellip;]","og_url":"https:\/\/ivssuk.com\/fr\/strategie-cookie-2\/","og_site_name":"IVSS","article_publisher":"https:\/\/www.facebook.com\/IVSSUK","article_modified_time":"2025-03-18T09:54:57+00:00","twitter_card":"summary_large_image","twitter_site":"@ivssuk","twitter_misc":{"Dur\u00e9e de lecture estim\u00e9e":"4 minutes"},"schema":{"@context":"https:\/\/schema.org","@graph":[{"@type":"WebPage","@id":"https:\/\/ivssuk.com\/fr\/strategie-cookie-2\/","url":"https:\/\/ivssuk.com\/fr\/strategie-cookie-2\/","name":"Strat\u00e9gie cookie - IVSS","isPartOf":{"@id":"https:\/\/ivssuk.com\/fr\/#website"},"datePublished":"2023-08-18T21:18:39+00:00","dateModified":"2025-03-18T09:54:57+00:00","breadcrumb":{"@id":"https:\/\/ivssuk.com\/fr\/strategie-cookie-2\/#breadcrumb"},"inLanguage":"fr-FR","potentialAction":[{"@type":"ReadAction","target":["https:\/\/ivssuk.com\/fr\/strategie-cookie-2\/"]}]},{"@type":"BreadcrumbList","@id":"https:\/\/ivssuk.com\/fr\/strategie-cookie-2\/#breadcrumb","itemListElement":[{"@type":"ListItem","position":1,"name":"Accueil","item":"https:\/\/ivssuk.com\/fr\/accueil\/"},{"@type":"ListItem","position":2,"name":"Strat\u00e9gie cookie"}]},{"@type":"WebSite","@id":"https:\/\/ivssuk.com\/fr\/#website","url":"https:\/\/ivssuk.com\/fr\/","name":"IVSS","description":"","publisher":{"@id":"https:\/\/ivssuk.com\/fr\/#organization"},"alternateName":"International Vehicle Shipping Services","inLanguage":"fr-FR"},{"@type":"Organization","@id":"https:\/\/ivssuk.com\/fr\/#organization","name":"Services internationaux de transport de v\u00e9hicules","alternateName":"IVSS","url":"https:\/\/ivssuk.com\/fr\/","logo":{"@type":"ImageObject","inLanguage":"fr-FR","@id":"https:\/\/ivssuk.com\/fr\/#\/schema\/logo\/image\/","url":"https:\/\/i0.wp.com\/ivssuk.com\/wp-content\/uploads\/2017\/01\/IVSS-Logo-420web.png?fit=420%2C125&ssl=1","contentUrl":"https:\/\/i0.wp.com\/ivssuk.com\/wp-content\/uploads\/2017\/01\/IVSS-Logo-420web.png?fit=420%2C125&ssl=1","width":420,"height":125,"caption":"Services internationaux de transport de v\u00e9hicules"},"image":{"@id":"https:\/\/ivssuk.com\/fr\/#\/schema\/logo\/image\/"},"sameAs":["https:\/\/www.facebook.com\/IVSSUK","https:\/\/x.com\/ivssuk"]}]}},"_links":{"self":[{"href":"https:\/\/ivssuk.com\/fr\/wp-json\/wp\/v2\/pages\/134257","targetHints":{"allow":["GET"]}}],"collection":[{"href":"https:\/\/ivssuk.com\/fr\/wp-json\/wp\/v2\/pages"}],"about":[{"href":"https:\/\/ivssuk.com\/fr\/wp-json\/wp\/v2\/types\/page"}],"author":[{"embeddable":true,"href":"https:\/\/ivssuk.com\/fr\/wp-json\/wp\/v2\/users\/1"}],"replies":[{"embeddable":true,"href":"https:\/\/ivssuk.com\/fr\/wp-json\/wp\/v2\/comments?post=134257"}],"version-history":[{"count":0,"href":"https:\/\/ivssuk.com\/fr\/wp-json\/wp\/v2\/pages\/134257\/revisions"}],"wp:attachment":[{"href":"https:\/\/ivssuk.com\/fr\/wp-json\/wp\/v2\/media?parent=134257"}],"curies":[{"name":"wp","href":"https:\/\/api.w.org\/{rel}","templated":true}]}}