{"id":134450,"date":"2023-08-18T22:33:47","date_gmt":"2023-08-18T21:33:47","guid":{"rendered":"https:\/\/ivssuk.com\/seguimiento-de-buques-y-mercancias\/"},"modified":"2023-08-18T22:34:24","modified_gmt":"2023-08-18T21:34:24","slug":"seguimiento-de-buques-y-mercancias","status":"publish","type":"page","link":"https:\/\/ivssuk.com\/es\/seguimiento-de-buques-y-mercancias\/","title":{"rendered":"Seguimiento de buques y mercanc\u00edas"},"content":{"rendered":"<p>[et_pb_section fb_built=\u00bb1&#8243; _builder_version=\u00bb4.16&#8243; global_colors_info=\u00bb{}\u00bb][et_pb_row _builder_version=\u00bb4.16&#8243; background_size=\u00bbinitial\u00bb background_position=\u00bbtop_left\u00bb background_repeat=\u00bbrepeat\u00bb global_colors_info=\u00bb{}\u00bb][et_pb_column type=\u00bb4_4&#8243; _builder_version=\u00bb4.16&#8243; custom_padding=\u00bb|||\u00bb global_colors_info=\u00bb{}\u00bb custom_padding__hover=\u00bb|||\u00bb][et_pb_text _builder_version=\u00bb4.20.0&#8243; hover_enabled=\u00bb0&#8243; global_colors_info=\u00bb{}\u00bb sticky_enabled=\u00bb0&#8243;]<\/p>\n<h1><strong>Seguimiento de buques y mercanc\u00edas<\/strong><\/h1>\n<p>&nbsp;<\/p>\n<p>Hay varias maneras de rastrear su carga y el buque en el que se encuentra, es importante tener en cuenta que no todos los transportistas proporcionan un seguimiento en tiempo real de la carga.<\/p>\n<ul>\n<li>  Sistema de seguimiento de los transportistas: algunas compa\u00f1\u00edas navieras, aunque no todas, ofrecen la posibilidad de realizar un seguimiento de la carga en sus sitios web.<\/li>\n<li>  Uso de sitios web de seguimiento de buques de terceros<\/li>\n<\/ul>\n<p>[\/et_pb_text][et_pb_text _builder_version=\u00bb4.20.0&#8243; hover_enabled=\u00bb0&#8243; global_colors_info=\u00bb{}\u00bb sticky_enabled=\u00bb0&#8243;]<\/p>\n<h3><strong>Seguimiento de cargas rodantes<\/strong><\/h3>\n<p>Generalmente, para poder realizar el seguimiento de la carga Roll on Roll Off necesitar\u00e1 su n\u00famero de reserva o n\u00famero de conocimiento de embarque. Si no lo tiene, p\u00f3ngase en contacto con nosotros y se lo proporcionaremos. Tenga en cuenta que los sistemas de seguimiento pueden tardar de 1 a 3 d\u00edas laborables en actualizarse.<\/p>\n<h4><strong>Transportistas con seguimiento<\/strong><\/h4>\n<ul>\n<li>WWL (Wallenius Wilhelmsen): proporciona seguimiento en tiempo real en su <a href=\"https:\/\/www.walleniuswilhelmsen.com\/track-trace\">sitio<\/a> web; necesitar\u00e1 su reserva o el n\u00famero BL.<\/li>\n<li>Hoegh Auto Liners &#8211; proporciona un seguimiento limitado en tiempo real en su <a href=\"https:\/\/www.hoeghautoliners.com\/my-cargo\">sitio web <\/a> &#8211; usted necesitar\u00e1 su n\u00famero de Vin<\/li>\n<li>K-Line &#8211; ofrece seguimiento en tiempo real en su <a href=\"https:\/\/apps.klineglobalroro.com\/tracking\/search\">sitio<\/a> web &#8211; necesitar\u00e1 su reserva o el n\u00famero BL<\/li>\n<li>Eukor &#8211; proporciona seguimiento en tiempo real en su <a href=\"https:\/\/www.eukor.com\/cargo-tracking\">sitio<\/a> web &#8211; necesitar\u00e1 su n\u00famero BL<\/li>\n<li>ACL (Atlantic Container Line): proporciona seguimiento en tiempo real en su <a href=\"https:\/\/www.gnet.grimaldi-eservice.com\/GNET\/Pages_RoroTracking\/WFRoroTracking\">sitio<\/a> web. Necesitar\u00e1 su n\u00famero BL y VIN.<\/li>\n<li>Grimaldi &#8211; proporcionan seguimiento en tiempo real en su <a href=\"https:\/\/www.gnet.grimaldi-eservice.com\/GNET\/Pages_RoroTracking\/WFRoroTracking\">sitio web<\/a> &#8211; usted necesitar\u00e1 su n\u00famero BL &amp; VIN<\/li>\n<li>MOL &#8211; proporciona seguimiento en tiempo real en su <a href=\"https:\/\/www.molace.com\/TRK\/Search\">sitio<\/a> web &#8211; necesitar\u00e1 su n\u00famero BL<\/li>\n<\/ul>\n<h4><strong>Transportistas sin seguimiento<\/strong><\/h4>\n<p>En el caso de los transportistas, sin seguimiento tendr\u00e1 que rastrear el buque espec\u00edfico en sitios web de terceros como marine traffic, o estar atento a los horarios, dependiendo del transportista los horarios pueden no proporcionar actualizaciones en tiempo real.<\/p>\n<ul>\n<li>NYK &#8211; no proporciona seguimiento en directo &#8211; tendr\u00e1 que comprobar los \u00faltimos horarios en su <a href=\"http:\/\/www.nykroro.com\/customer\/schedules.html\">p\u00e1gina web<\/a><\/li>\n<\/ul>\n<p>[\/et_pb_text][et_pb_text _builder_version=\u00bb4.16&#8243; global_colors_info=\u00bb{}\u00bb]<\/p>\n<h2><strong>Seguimiento de buques en directo<\/strong><\/h2>\n<p>Para rastrear un buque concreto, puede utilizar la funci\u00f3n de b\u00fasqueda en el mapa que aparece a continuaci\u00f3n, s\u00f3lo necesita el nombre del buque<\/p>\n<p><script type=\"text\/javascript\"> width='100%';\t\/\/ the width of the embedded map in pixels or percentage height='750';\t\/\/ the height of the embedded map in pixels or percentage border='1';\t\/\/ the width of the border around the map (zero means no border) shownames='false';\t\/\/ to display ship names on the map (true or false) latitude='37.4460';\t\/\/ the latitude of the center of the map, in decimal degrees longitude='24.9467';\t\/\/ the longitude of the center of the map, in decimal degrees zoom='9';\t\/\/ the zoom level of the map (values between 2 and 17) maptype='1';\t\/\/ use 0 for Normal Map, 1 for Satellite, 2 for OpenStreetMap trackvessel='0';\t\/\/ MMSI of a vessel (note: vessel will be displayed only if within range of the system) - overrides \"zoom\" option fleet='';\t\/\/ the registered email address of a user-defined fleet (user's default fleet is used) <\/script> <script type=\"text\/javascript\" src=\"\/\/www.marinetraffic.com\/js\/embed.js\"><\/script><\/p>\n<p>[\/et_pb_text][\/et_pb_column][\/et_pb_row][\/et_pb_section]<\/p>\n","protected":false},"excerpt":{"rendered":"<p>Seguimiento de buques y mercanc\u00edas &nbsp; Hay varias maneras de rastrear su carga y el buque en el que se encuentra, es importante tener en cuenta que no todos los transportistas proporcionan un seguimiento en tiempo real de la carga. Sistema de seguimiento de los transportistas: algunas compa\u00f1\u00edas navieras, aunque no todas, ofrecen la posibilidad [&hellip;]<\/p>\n","protected":false},"author":1,"featured_media":0,"parent":0,"menu_order":0,"comment_status":"closed","ping_status":"closed","template":"","meta":{"_et_pb_use_builder":"on","_et_pb_old_content":"","_et_gb_content_width":"","content-type":"","footnotes":""},"class_list":["post-134450","page","type-page","status-publish","hentry"],"yoast_head":"<!-- This site is optimized with the Yoast SEO plugin v27.5 - https:\/\/yoast.com\/product\/yoast-seo-wordpress\/ -->\n<title>Roll on Roll Off (RORO) Seguimiento de buques y cargas<\/title>\n<meta name=\"description\" content=\"Rastreo de carga RORO para el env\u00edo de veh\u00edculos, enlaces e informaci\u00f3n sobre c\u00f3mo y d\u00f3nde rastrear la carga o el buque.\" \/>\n<meta name=\"robots\" content=\"index, follow, max-snippet:-1, max-image-preview:large, max-video-preview:-1\" \/>\n<link rel=\"canonical\" href=\"https:\/\/ivssuk.com\/es\/seguimiento-de-buques-y-mercancias\/\" \/>\n<meta property=\"og:locale\" content=\"es_ES\" \/>\n<meta property=\"og:type\" content=\"article\" \/>\n<meta property=\"og:title\" content=\"Roll on Roll Off (RORO) Seguimiento de buques y cargas\" \/>\n<meta property=\"og:description\" content=\"Rastreo de carga RORO para el env\u00edo de veh\u00edculos, enlaces e informaci\u00f3n sobre c\u00f3mo y d\u00f3nde rastrear la carga o el buque.\" \/>\n<meta property=\"og:url\" content=\"https:\/\/ivssuk.com\/es\/seguimiento-de-buques-y-mercancias\/\" \/>\n<meta property=\"og:site_name\" content=\"IVSS\" \/>\n<meta property=\"article:publisher\" content=\"https:\/\/www.facebook.com\/IVSSUK\" \/>\n<meta property=\"article:modified_time\" content=\"2023-08-18T21:34:24+00:00\" \/>\n<meta name=\"twitter:card\" content=\"summary_large_image\" \/>\n<meta name=\"twitter:site\" content=\"@ivssuk\" \/>\n<meta name=\"twitter:label1\" content=\"Tiempo de lectura\" \/>\n\t<meta name=\"twitter:data1\" content=\"2 minutos\" \/>\n<script type=\"application\/ld+json\" class=\"yoast-schema-graph\">{\"@context\":\"https:\\\/\\\/schema.org\",\"@graph\":[{\"@type\":\"WebPage\",\"@id\":\"https:\\\/\\\/ivssuk.com\\\/es\\\/seguimiento-de-buques-y-mercancias\\\/\",\"url\":\"https:\\\/\\\/ivssuk.com\\\/es\\\/seguimiento-de-buques-y-mercancias\\\/\",\"name\":\"Roll on Roll Off (RORO) Seguimiento de buques y cargas\",\"isPartOf\":{\"@id\":\"https:\\\/\\\/ivssuk.com\\\/es\\\/#website\"},\"datePublished\":\"2023-08-18T21:33:47+00:00\",\"dateModified\":\"2023-08-18T21:34:24+00:00\",\"description\":\"Rastreo de carga RORO para el env\u00edo de veh\u00edculos, enlaces e informaci\u00f3n sobre c\u00f3mo y d\u00f3nde rastrear la carga o el buque.\",\"breadcrumb\":{\"@id\":\"https:\\\/\\\/ivssuk.com\\\/es\\\/seguimiento-de-buques-y-mercancias\\\/#breadcrumb\"},\"inLanguage\":\"es\",\"potentialAction\":[{\"@type\":\"ReadAction\",\"target\":[\"https:\\\/\\\/ivssuk.com\\\/es\\\/seguimiento-de-buques-y-mercancias\\\/\"]}]},{\"@type\":\"BreadcrumbList\",\"@id\":\"https:\\\/\\\/ivssuk.com\\\/es\\\/seguimiento-de-buques-y-mercancias\\\/#breadcrumb\",\"itemListElement\":[{\"@type\":\"ListItem\",\"position\":1,\"name\":\"Casa\",\"item\":\"https:\\\/\\\/ivssuk.com\\\/es\\\/casa\\\/\"},{\"@type\":\"ListItem\",\"position\":2,\"name\":\"Seguimiento de buques y mercanc\u00edas\"}]},{\"@type\":\"WebSite\",\"@id\":\"https:\\\/\\\/ivssuk.com\\\/es\\\/#website\",\"url\":\"https:\\\/\\\/ivssuk.com\\\/es\\\/\",\"name\":\"IVSS\",\"description\":\"\",\"publisher\":{\"@id\":\"https:\\\/\\\/ivssuk.com\\\/es\\\/#organization\"},\"alternateName\":\"International Vehicle Shipping Services\",\"inLanguage\":\"es\"},{\"@type\":\"Organization\",\"@id\":\"https:\\\/\\\/ivssuk.com\\\/es\\\/#organization\",\"name\":\"Servicios internacionales de transporte de veh\u00edculos\",\"alternateName\":\"IVSS\",\"url\":\"https:\\\/\\\/ivssuk.com\\\/es\\\/\",\"logo\":{\"@type\":\"ImageObject\",\"inLanguage\":\"es\",\"@id\":\"https:\\\/\\\/ivssuk.com\\\/es\\\/#\\\/schema\\\/logo\\\/image\\\/\",\"url\":\"https:\\\/\\\/i0.wp.com\\\/ivssuk.com\\\/wp-content\\\/uploads\\\/2017\\\/01\\\/IVSS-Logo-420web.png?fit=420%2C125&ssl=1\",\"contentUrl\":\"https:\\\/\\\/i0.wp.com\\\/ivssuk.com\\\/wp-content\\\/uploads\\\/2017\\\/01\\\/IVSS-Logo-420web.png?fit=420%2C125&ssl=1\",\"width\":420,\"height\":125,\"caption\":\"Servicios internacionales de transporte de veh\u00edculos\"},\"image\":{\"@id\":\"https:\\\/\\\/ivssuk.com\\\/es\\\/#\\\/schema\\\/logo\\\/image\\\/\"},\"sameAs\":[\"https:\\\/\\\/www.facebook.com\\\/IVSSUK\",\"https:\\\/\\\/x.com\\\/ivssuk\"]}]}<\/script>\n<!-- \/ Yoast SEO plugin. -->","yoast_head_json":{"title":"Roll on Roll Off (RORO) Seguimiento de buques y cargas","description":"Rastreo de carga RORO para el env\u00edo de veh\u00edculos, enlaces e informaci\u00f3n sobre c\u00f3mo y d\u00f3nde rastrear la carga o el buque.","robots":{"index":"index","follow":"follow","max-snippet":"max-snippet:-1","max-image-preview":"max-image-preview:large","max-video-preview":"max-video-preview:-1"},"canonical":"https:\/\/ivssuk.com\/es\/seguimiento-de-buques-y-mercancias\/","og_locale":"es_ES","og_type":"article","og_title":"Roll on Roll Off (RORO) Seguimiento de buques y cargas","og_description":"Rastreo de carga RORO para el env\u00edo de veh\u00edculos, enlaces e informaci\u00f3n sobre c\u00f3mo y d\u00f3nde rastrear la carga o el buque.","og_url":"https:\/\/ivssuk.com\/es\/seguimiento-de-buques-y-mercancias\/","og_site_name":"IVSS","article_publisher":"https:\/\/www.facebook.com\/IVSSUK","article_modified_time":"2023-08-18T21:34:24+00:00","twitter_card":"summary_large_image","twitter_site":"@ivssuk","twitter_misc":{"Tiempo de lectura":"2 minutos"},"schema":{"@context":"https:\/\/schema.org","@graph":[{"@type":"WebPage","@id":"https:\/\/ivssuk.com\/es\/seguimiento-de-buques-y-mercancias\/","url":"https:\/\/ivssuk.com\/es\/seguimiento-de-buques-y-mercancias\/","name":"Roll on Roll Off (RORO) Seguimiento de buques y cargas","isPartOf":{"@id":"https:\/\/ivssuk.com\/es\/#website"},"datePublished":"2023-08-18T21:33:47+00:00","dateModified":"2023-08-18T21:34:24+00:00","description":"Rastreo de carga RORO para el env\u00edo de veh\u00edculos, enlaces e informaci\u00f3n sobre c\u00f3mo y d\u00f3nde rastrear la carga o el buque.","breadcrumb":{"@id":"https:\/\/ivssuk.com\/es\/seguimiento-de-buques-y-mercancias\/#breadcrumb"},"inLanguage":"es","potentialAction":[{"@type":"ReadAction","target":["https:\/\/ivssuk.com\/es\/seguimiento-de-buques-y-mercancias\/"]}]},{"@type":"BreadcrumbList","@id":"https:\/\/ivssuk.com\/es\/seguimiento-de-buques-y-mercancias\/#breadcrumb","itemListElement":[{"@type":"ListItem","position":1,"name":"Casa","item":"https:\/\/ivssuk.com\/es\/casa\/"},{"@type":"ListItem","position":2,"name":"Seguimiento de buques y mercanc\u00edas"}]},{"@type":"WebSite","@id":"https:\/\/ivssuk.com\/es\/#website","url":"https:\/\/ivssuk.com\/es\/","name":"IVSS","description":"","publisher":{"@id":"https:\/\/ivssuk.com\/es\/#organization"},"alternateName":"International Vehicle Shipping Services","inLanguage":"es"},{"@type":"Organization","@id":"https:\/\/ivssuk.com\/es\/#organization","name":"Servicios internacionales de transporte de veh\u00edculos","alternateName":"IVSS","url":"https:\/\/ivssuk.com\/es\/","logo":{"@type":"ImageObject","inLanguage":"es","@id":"https:\/\/ivssuk.com\/es\/#\/schema\/logo\/image\/","url":"https:\/\/i0.wp.com\/ivssuk.com\/wp-content\/uploads\/2017\/01\/IVSS-Logo-420web.png?fit=420%2C125&ssl=1","contentUrl":"https:\/\/i0.wp.com\/ivssuk.com\/wp-content\/uploads\/2017\/01\/IVSS-Logo-420web.png?fit=420%2C125&ssl=1","width":420,"height":125,"caption":"Servicios internacionales de transporte de veh\u00edculos"},"image":{"@id":"https:\/\/ivssuk.com\/es\/#\/schema\/logo\/image\/"},"sameAs":["https:\/\/www.facebook.com\/IVSSUK","https:\/\/x.com\/ivssuk"]}]}},"_links":{"self":[{"href":"https:\/\/ivssuk.com\/es\/wp-json\/wp\/v2\/pages\/134450","targetHints":{"allow":["GET"]}}],"collection":[{"href":"https:\/\/ivssuk.com\/es\/wp-json\/wp\/v2\/pages"}],"about":[{"href":"https:\/\/ivssuk.com\/es\/wp-json\/wp\/v2\/types\/page"}],"author":[{"embeddable":true,"href":"https:\/\/ivssuk.com\/es\/wp-json\/wp\/v2\/users\/1"}],"replies":[{"embeddable":true,"href":"https:\/\/ivssuk.com\/es\/wp-json\/wp\/v2\/comments?post=134450"}],"version-history":[{"count":0,"href":"https:\/\/ivssuk.com\/es\/wp-json\/wp\/v2\/pages\/134450\/revisions"}],"wp:attachment":[{"href":"https:\/\/ivssuk.com\/es\/wp-json\/wp\/v2\/media?parent=134450"}],"curies":[{"name":"wp","href":"https:\/\/api.w.org\/{rel}","templated":true}]}}