{"id":134256,"date":"2023-08-18T22:18:36","date_gmt":"2023-08-18T21:18:36","guid":{"rendered":"https:\/\/ivssuk.com\/politica-de-cookies-2\/"},"modified":"2025-03-18T09:55:00","modified_gmt":"2025-03-18T09:55:00","slug":"politica-de-cookies-2","status":"publish","type":"page","link":"https:\/\/ivssuk.com\/es\/politica-de-cookies-2\/","title":{"rendered":"Pol\u00edtica de cookies"},"content":{"rendered":"<div class=\"cli_pg_page_contaner\">\n<h3>Acerca de esta pol\u00edtica de cookies<\/h3>\n<div>\n<p>Esta Pol\u00edtica de Cookies explica qu\u00e9 son las cookies y c\u00f3mo las utilizamos. Deber\u00eda leer esta pol\u00edtica para entender qu\u00e9 son las cookies, c\u00f3mo las utilizamos, los tipos de cookies que utilizamos, es decir, la informaci\u00f3n que recopilamos utilizando cookies y c\u00f3mo se utiliza esa informaci\u00f3n y c\u00f3mo controlar las preferencias de cookies. Para m\u00e1s informaci\u00f3n sobre c\u00f3mo utilizamos, almacenamos y mantenemos seguros sus datos personales, consulte nuestra Pol\u00edtica de privacidad.<\/p>\n<p>En cualquier momento puede modificar o retirar su consentimiento en la Declaraci\u00f3n de Cookies de nuestro sitio web.<\/p>\n<p>Obtenga m\u00e1s informaci\u00f3n sobre qui\u00e9nes somos, c\u00f3mo puede ponerse en contacto con nosotros y c\u00f3mo tratamos los datos personales en nuestra Pol\u00edtica de privacidad.<\/p>\n<p>Su consentimiento se aplica a los siguientes dominios: <a href=\"https:\/\/ivssuk.com\">ivssuk.com<\/a><\/p>\n<p>[user_consent_state]<\/p>\n<\/div>\n<h3>\u00bfQu\u00e9 son las cookies?<\/h3>\n<div>\n<p>Las cookies son peque\u00f1os archivos de texto que se utilizan para almacenar peque\u00f1as piezas de informaci\u00f3n. Las cookies se almacenan en su dispositivo cuando se carga el sitio web en su navegador. Estas cookies nos ayudan a que el sitio web funcione correctamente, a que el sitio web sea m\u00e1s seguro, a proporcionar una mejor experiencia al usuario y a comprender c\u00f3mo funciona el sitio web y analizar qu\u00e9 funciona y qu\u00e9 aspectos deben mejorarse.<\/p>\n<\/div>\n<h3>\u00bfC\u00f3mo utilizamos las cookies?<\/h3>\n<div>\n<p>Como la mayor\u00eda de los servicios en l\u00ednea, nuestro sitio web utiliza cookies propias y de terceros para diversos fines. Las cookies de origen son en su mayor\u00eda necesarias para que el sitio web funcione correctamente, y no recogen ning\u00fan dato personal que pueda identificarle.<\/p>\n<p>Las cookies de terceros utilizadas en nuestros sitios web se emplean principalmente para comprender el funcionamiento del sitio web, c\u00f3mo interact\u00faa usted con nuestro sitio web, mantener la seguridad de nuestros servicios, proporcionar anuncios que sean relevantes para usted y, en definitiva, proporcionarle una experiencia de usuario mejor y m\u00e1s r\u00e1pida y ayudarle a agilizar sus futuras interacciones con nuestro sitio web.<\/p>\n<\/div>\n<h3>\u00bfQu\u00e9 tipos de cookies utilizamos?<\/h3>\n<div>\n<p><span style=\"font-weight: bold;\">Imprescindibles<\/span>: Algunas cookies son esenciales para que usted pueda experimentar la funcionalidad completa de nuestro sitio. Nos permiten mantener las sesiones de los usuarios y prevenir cualquier amenaza a la seguridad. No recogen ni almacenan ninguna informaci\u00f3n personal. Por ejemplo, estas cookies le permiten iniciar sesi\u00f3n en su cuenta, a\u00f1adir productos a su cesta y pagar de forma segura.<\/p>\n<p><span style=\"font-weight: bold;\">Estad\u00edsticas:<\/span> Estas cookies almacenan informaci\u00f3n como el n\u00famero de visitantes del sitio web, el n\u00famero de visitantes \u00fanicos, qu\u00e9 p\u00e1ginas del sitio web se han visitado, el origen de la visita, etc. Estos datos nos ayudan a comprender y analizar el rendimiento del sitio web y los aspectos que deben mejorarse.<\/p>\n<p><span style=\"font-weight: bold;\">Marketing:<\/span> Nuestro sitio web muestra anuncios. Estas cookies se utilizan para personalizar los anuncios que le mostramos para que sean significativos para usted. Estas cookies tambi\u00e9n nos ayudan a realizar un seguimiento de la eficacia de estas campa\u00f1as publicitarias.<\/p>\n<p>La informaci\u00f3n almacenada en estas cookies tambi\u00e9n puede ser utilizada por los proveedores de publicidad de terceros para mostrarle anuncios en otros sitios web tambi\u00e9n en el navegador.<\/p>\n<p><span style=\"font-weight: bold;\">Funcionales:<\/span> Son las cookies que ayudan a ciertas funcionalidades no esenciales en nuestro sitio web. Estas funcionalidades incluyen incrustar contenidos como v\u00eddeos o compartir contenidos del sitio web en plataformas de redes sociales.<\/p>\n<p><span style=\"font-weight: bold;\">Preferencias:<\/span> Estas cookies nos ayudan a almacenar su configuraci\u00f3n y preferencias de navegaci\u00f3n, como las preferencias de idioma, para que tenga una experiencia mejor y m\u00e1s eficiente en futuras visitas al sitio web.<\/p>\n<p>[cookie_audit columns=\u00bbcookie,description\u00bb heading=\u00bbThe below list details the cookies used in our website.\u00bb]<\/p>\n<\/div>\n<h3>\u00bfC\u00f3mo puedo controlar las preferencias de cookies?<\/h3>\n<div>\n<p>Si decide cambiar sus preferencias m\u00e1s adelante durante su sesi\u00f3n de navegaci\u00f3n, puede hacer clic en la pesta\u00f1a \u00abPol\u00edtica de privacidad y cookies\u00bb de su pantalla. Aparecer\u00e1 de nuevo el aviso de consentimiento, que le permitir\u00e1 cambiar sus preferencias o retirar totalmente su consentimiento.<\/p>\n<p>Adem\u00e1s, los distintos navegadores ofrecen diferentes m\u00e9todos para bloquear y eliminar las cookies utilizadas por los sitios web. Puede cambiar la configuraci\u00f3n de su navegador para bloquear\/eliminar las cookies. Para obtener m\u00e1s informaci\u00f3n sobre c\u00f3mo gestionar y eliminar las cookies, visite <a href=\"https:\/\/en.wikipedia.org\/wiki\/HTTP_cookie\" target=\"_blank\" rel=\"nofollow noopener\">wikipedia.org<\/a>, <a href=\"http:\/\/www.allaboutcookies.org\/\" target=\"_blank\" rel=\"nofollow noopener\">www.allaboutcookies.org<\/a>.<\/p>\n<\/div>\n<\/div>\n","protected":false},"excerpt":{"rendered":"<p>Acerca de esta pol\u00edtica de cookies Esta Pol\u00edtica de Cookies explica qu\u00e9 son las cookies y c\u00f3mo las utilizamos. Deber\u00eda leer esta pol\u00edtica para entender qu\u00e9 son las cookies, c\u00f3mo las utilizamos, los tipos de cookies que utilizamos, es decir, la informaci\u00f3n que recopilamos utilizando cookies y c\u00f3mo se utiliza esa informaci\u00f3n y c\u00f3mo controlar [&hellip;]<\/p>\n","protected":false},"author":1,"featured_media":0,"parent":0,"menu_order":0,"comment_status":"closed","ping_status":"closed","template":"","meta":{"_et_pb_use_builder":"","_et_pb_old_content":"","_et_gb_content_width":"","content-type":"","footnotes":""},"class_list":["post-134256","page","type-page","status-publish","hentry"],"yoast_head":"<!-- This site is optimized with the Yoast SEO plugin v27.2 - https:\/\/yoast.com\/product\/yoast-seo-wordpress\/ -->\n<title>Pol\u00edtica de cookies - IVSS<\/title>\n<meta name=\"robots\" content=\"index, follow, max-snippet:-1, max-image-preview:large, max-video-preview:-1\" \/>\n<link rel=\"canonical\" href=\"https:\/\/ivssuk.com\/es\/politica-de-cookies-2\/\" \/>\n<meta property=\"og:locale\" content=\"es_ES\" \/>\n<meta property=\"og:type\" content=\"article\" \/>\n<meta property=\"og:title\" content=\"Pol\u00edtica de cookies - IVSS\" \/>\n<meta property=\"og:description\" content=\"Acerca de esta pol\u00edtica de cookies Esta Pol\u00edtica de Cookies explica qu\u00e9 son las cookies y c\u00f3mo las utilizamos. Deber\u00eda leer esta pol\u00edtica para entender qu\u00e9 son las cookies, c\u00f3mo las utilizamos, los tipos de cookies que utilizamos, es decir, la informaci\u00f3n que recopilamos utilizando cookies y c\u00f3mo se utiliza esa informaci\u00f3n y c\u00f3mo controlar [&hellip;]\" \/>\n<meta property=\"og:url\" content=\"https:\/\/ivssuk.com\/es\/politica-de-cookies-2\/\" \/>\n<meta property=\"og:site_name\" content=\"IVSS\" \/>\n<meta property=\"article:publisher\" content=\"https:\/\/www.facebook.com\/IVSSUK\" \/>\n<meta property=\"article:modified_time\" content=\"2025-03-18T09:55:00+00:00\" \/>\n<meta name=\"twitter:card\" content=\"summary_large_image\" \/>\n<meta name=\"twitter:site\" content=\"@ivssuk\" \/>\n<meta name=\"twitter:label1\" content=\"Tiempo de lectura\" \/>\n\t<meta name=\"twitter:data1\" content=\"4 minutos\" \/>\n<script type=\"application\/ld+json\" class=\"yoast-schema-graph\">{\"@context\":\"https:\/\/schema.org\",\"@graph\":[{\"@type\":\"WebPage\",\"@id\":\"https:\/\/ivssuk.com\/es\/politica-de-cookies-2\/\",\"url\":\"https:\/\/ivssuk.com\/es\/politica-de-cookies-2\/\",\"name\":\"Pol\u00edtica de cookies - IVSS\",\"isPartOf\":{\"@id\":\"https:\/\/ivssuk.com\/es\/#website\"},\"datePublished\":\"2023-08-18T21:18:36+00:00\",\"dateModified\":\"2025-03-18T09:55:00+00:00\",\"breadcrumb\":{\"@id\":\"https:\/\/ivssuk.com\/es\/politica-de-cookies-2\/#breadcrumb\"},\"inLanguage\":\"es\",\"potentialAction\":[{\"@type\":\"ReadAction\",\"target\":[\"https:\/\/ivssuk.com\/es\/politica-de-cookies-2\/\"]}]},{\"@type\":\"BreadcrumbList\",\"@id\":\"https:\/\/ivssuk.com\/es\/politica-de-cookies-2\/#breadcrumb\",\"itemListElement\":[{\"@type\":\"ListItem\",\"position\":1,\"name\":\"Casa\",\"item\":\"https:\/\/ivssuk.com\/es\/casa\/\"},{\"@type\":\"ListItem\",\"position\":2,\"name\":\"Pol\u00edtica de cookies\"}]},{\"@type\":\"WebSite\",\"@id\":\"https:\/\/ivssuk.com\/es\/#website\",\"url\":\"https:\/\/ivssuk.com\/es\/\",\"name\":\"IVSS\",\"description\":\"\",\"publisher\":{\"@id\":\"https:\/\/ivssuk.com\/es\/#organization\"},\"alternateName\":\"International Vehicle Shipping Services\",\"inLanguage\":\"es\"},{\"@type\":\"Organization\",\"@id\":\"https:\/\/ivssuk.com\/es\/#organization\",\"name\":\"Servicios internacionales de transporte de veh\u00edculos\",\"alternateName\":\"IVSS\",\"url\":\"https:\/\/ivssuk.com\/es\/\",\"logo\":{\"@type\":\"ImageObject\",\"inLanguage\":\"es\",\"@id\":\"https:\/\/ivssuk.com\/es\/#\/schema\/logo\/image\/\",\"url\":\"https:\/\/i0.wp.com\/ivssuk.com\/wp-content\/uploads\/2017\/01\/IVSS-Logo-420web.png?fit=420%2C125&ssl=1\",\"contentUrl\":\"https:\/\/i0.wp.com\/ivssuk.com\/wp-content\/uploads\/2017\/01\/IVSS-Logo-420web.png?fit=420%2C125&ssl=1\",\"width\":420,\"height\":125,\"caption\":\"Servicios internacionales de transporte de veh\u00edculos\"},\"image\":{\"@id\":\"https:\/\/ivssuk.com\/es\/#\/schema\/logo\/image\/\"},\"sameAs\":[\"https:\/\/www.facebook.com\/IVSSUK\",\"https:\/\/x.com\/ivssuk\"]}]}<\/script>\n<!-- \/ Yoast SEO plugin. -->","yoast_head_json":{"title":"Pol\u00edtica de cookies - IVSS","robots":{"index":"index","follow":"follow","max-snippet":"max-snippet:-1","max-image-preview":"max-image-preview:large","max-video-preview":"max-video-preview:-1"},"canonical":"https:\/\/ivssuk.com\/es\/politica-de-cookies-2\/","og_locale":"es_ES","og_type":"article","og_title":"Pol\u00edtica de cookies - IVSS","og_description":"Acerca de esta pol\u00edtica de cookies Esta Pol\u00edtica de Cookies explica qu\u00e9 son las cookies y c\u00f3mo las utilizamos. Deber\u00eda leer esta pol\u00edtica para entender qu\u00e9 son las cookies, c\u00f3mo las utilizamos, los tipos de cookies que utilizamos, es decir, la informaci\u00f3n que recopilamos utilizando cookies y c\u00f3mo se utiliza esa informaci\u00f3n y c\u00f3mo controlar [&hellip;]","og_url":"https:\/\/ivssuk.com\/es\/politica-de-cookies-2\/","og_site_name":"IVSS","article_publisher":"https:\/\/www.facebook.com\/IVSSUK","article_modified_time":"2025-03-18T09:55:00+00:00","twitter_card":"summary_large_image","twitter_site":"@ivssuk","twitter_misc":{"Tiempo de lectura":"4 minutos"},"schema":{"@context":"https:\/\/schema.org","@graph":[{"@type":"WebPage","@id":"https:\/\/ivssuk.com\/es\/politica-de-cookies-2\/","url":"https:\/\/ivssuk.com\/es\/politica-de-cookies-2\/","name":"Pol\u00edtica de cookies - IVSS","isPartOf":{"@id":"https:\/\/ivssuk.com\/es\/#website"},"datePublished":"2023-08-18T21:18:36+00:00","dateModified":"2025-03-18T09:55:00+00:00","breadcrumb":{"@id":"https:\/\/ivssuk.com\/es\/politica-de-cookies-2\/#breadcrumb"},"inLanguage":"es","potentialAction":[{"@type":"ReadAction","target":["https:\/\/ivssuk.com\/es\/politica-de-cookies-2\/"]}]},{"@type":"BreadcrumbList","@id":"https:\/\/ivssuk.com\/es\/politica-de-cookies-2\/#breadcrumb","itemListElement":[{"@type":"ListItem","position":1,"name":"Casa","item":"https:\/\/ivssuk.com\/es\/casa\/"},{"@type":"ListItem","position":2,"name":"Pol\u00edtica de cookies"}]},{"@type":"WebSite","@id":"https:\/\/ivssuk.com\/es\/#website","url":"https:\/\/ivssuk.com\/es\/","name":"IVSS","description":"","publisher":{"@id":"https:\/\/ivssuk.com\/es\/#organization"},"alternateName":"International Vehicle Shipping Services","inLanguage":"es"},{"@type":"Organization","@id":"https:\/\/ivssuk.com\/es\/#organization","name":"Servicios internacionales de transporte de veh\u00edculos","alternateName":"IVSS","url":"https:\/\/ivssuk.com\/es\/","logo":{"@type":"ImageObject","inLanguage":"es","@id":"https:\/\/ivssuk.com\/es\/#\/schema\/logo\/image\/","url":"https:\/\/i0.wp.com\/ivssuk.com\/wp-content\/uploads\/2017\/01\/IVSS-Logo-420web.png?fit=420%2C125&ssl=1","contentUrl":"https:\/\/i0.wp.com\/ivssuk.com\/wp-content\/uploads\/2017\/01\/IVSS-Logo-420web.png?fit=420%2C125&ssl=1","width":420,"height":125,"caption":"Servicios internacionales de transporte de veh\u00edculos"},"image":{"@id":"https:\/\/ivssuk.com\/es\/#\/schema\/logo\/image\/"},"sameAs":["https:\/\/www.facebook.com\/IVSSUK","https:\/\/x.com\/ivssuk"]}]}},"_links":{"self":[{"href":"https:\/\/ivssuk.com\/es\/wp-json\/wp\/v2\/pages\/134256","targetHints":{"allow":["GET"]}}],"collection":[{"href":"https:\/\/ivssuk.com\/es\/wp-json\/wp\/v2\/pages"}],"about":[{"href":"https:\/\/ivssuk.com\/es\/wp-json\/wp\/v2\/types\/page"}],"author":[{"embeddable":true,"href":"https:\/\/ivssuk.com\/es\/wp-json\/wp\/v2\/users\/1"}],"replies":[{"embeddable":true,"href":"https:\/\/ivssuk.com\/es\/wp-json\/wp\/v2\/comments?post=134256"}],"version-history":[{"count":0,"href":"https:\/\/ivssuk.com\/es\/wp-json\/wp\/v2\/pages\/134256\/revisions"}],"wp:attachment":[{"href":"https:\/\/ivssuk.com\/es\/wp-json\/wp\/v2\/media?parent=134256"}],"curies":[{"name":"wp","href":"https:\/\/api.w.org\/{rel}","templated":true}]}}