{"id":134297,"date":"2023-08-18T22:23:49","date_gmt":"2023-08-18T21:23:49","guid":{"rendered":"https:\/\/ivssuk.com\/verfolgung-von-schiffen-und-ladungen\/"},"modified":"2023-08-18T22:34:22","modified_gmt":"2023-08-18T21:34:22","slug":"verfolgung-von-schiffen-und-ladungen","status":"publish","type":"page","link":"https:\/\/ivssuk.com\/de\/verfolgung-von-schiffen-und-ladungen\/","title":{"rendered":"Verfolgung von Schiffen und Ladungen"},"content":{"rendered":"<p>[et_pb_section fb_built=&#8220;1&#8243; _builder_version=&#8220;4.16&#8243; global_colors_info=&#8220;{}&#8220;][et_pb_row _builder_version=&#8220;4.16&#8243; background_size=&#8220;initial&#8220; background_position=&#8220;top_left&#8220; background_repeat=&#8220;repeat&#8220; global_colors_info=&#8220;{}&#8220;][et_pb_column type=&#8220;4_4&#8243; _builder_version=&#8220;4.16&#8243; custom_padding=&#8220;|||&#8220; global_colors_info=&#8220;{}&#8220; custom_padding__hover=&#8220;|||&#8220;][et_pb_text _builder_version=&#8220;4.20.0&#8243; hover_enabled=&#8220;0&#8243; global_colors_info=&#8220;{}&#8220; sticky_enabled=&#8220;0&#8243;]<\/p>\n<h1><strong>Verfolgung von Schiffen und Ladungen<\/strong><\/h1>\n<p>&nbsp;<\/p>\n<p>Es gibt verschiedene M\u00f6glichkeiten, Ihre Fracht und das Schiff, auf dem sie sich befindet, zu verfolgen. Dabei ist zu beachten, dass nicht alle Spediteure eine Echtzeitverfolgung der Fracht anbieten.<\/p>\n<ul>\n<li>  Verfolgungssystem des Transportunternehmens &#8211; einige, aber nicht alle Transportunternehmen haben die M\u00f6glichkeit, die Fracht auf ihren Websites zu verfolgen.<\/li>\n<li>  Nutzung von Websites Dritter zur Schiffsverfolgung<\/li>\n<\/ul>\n<p>[\/et_pb_text][et_pb_text _builder_version=&#8220;4.20.0&#8243; hover_enabled=&#8220;0&#8243; global_colors_info=&#8220;{}&#8220; sticky_enabled=&#8220;0&#8243;]<\/p>\n<h3><strong>Roll on Roll Off Frachtverfolgung<\/strong><\/h3>\n<p>F\u00fcr die Verfolgung von Roll-on-Roll-off-Fracht ben\u00f6tigen Sie in der Regel Ihre Buchungsnummer oder die Nummer des Frachtbriefs. Wenn Sie diese nicht haben, setzen Sie sich bitte mit uns in Verbindung, und wir werden sie Ihnen mitteilen. Bitte beachten Sie, dass es in der Regel 1 bis 3 Arbeitstage dauern kann, bis die Sendungsverfolgung aktualisiert ist.<\/p>\n<h4><strong>Spediteure mit Sendungsverfolgung<\/strong><\/h4>\n<ul>\n<li>WWL (Wallenius Wilhelmsen) &#8211; bieten Echtzeit-Tracking auf ihrer <a href=\"https:\/\/www.walleniuswilhelmsen.com\/track-trace\">Website<\/a> &#8211; Sie ben\u00f6tigen Ihre Buchung oder die BL-Nummer<\/li>\n<li>Hoegh Auto Liners &#8211; bietet eine begrenzte Echtzeit-Verfolgung auf ihrer <a href=\"https:\/\/www.hoeghautoliners.com\/my-cargo\">Website <\/a> an &#8211; Sie ben\u00f6tigen entweder Ihre Fahrzeugnummer<\/li>\n<li>K-Line &#8211; bietet Echtzeit-Tracking auf ihrer <a href=\"https:\/\/apps.klineglobalroro.com\/tracking\/search\">Website<\/a> &#8211; Sie ben\u00f6tigen Ihre Buchung oder die BL-Nummer<\/li>\n<li>Eukor &#8211; bietet Echtzeit-Tracking auf ihrer <a href=\"https:\/\/www.eukor.com\/cargo-tracking\">Website<\/a> &#8211; Sie ben\u00f6tigen Ihre BL-Nummer<\/li>\n<li>ACL (Atlantic Container Line) &#8211; bietet Echtzeit-Tracking auf ihrer <a href=\"https:\/\/www.gnet.grimaldi-eservice.com\/GNET\/Pages_RoroTracking\/WFRoroTracking\">Website<\/a> &#8211; Sie ben\u00f6tigen Ihre BL-Nummer und VIN<\/li>\n<li>Grimaldi &#8211; bieten Echtzeit-Tracking auf ihrer <a href=\"https:\/\/www.gnet.grimaldi-eservice.com\/GNET\/Pages_RoroTracking\/WFRoroTracking\">Website<\/a> &#8211; Sie ben\u00f6tigen Ihre BL-Nummer &amp; VIN<\/li>\n<li>MOL &#8211; bietet Echtzeit-Tracking auf ihrer <a href=\"https:\/\/www.molace.com\/TRK\/Search\">Website<\/a> &#8211; Sie ben\u00f6tigen Ihre BL-Nummer<\/li>\n<\/ul>\n<h4><strong>Transporteure ohne Tracking<\/strong><\/h4>\n<p>Ohne Tracking m\u00fcssen Sie das jeweilige Schiff auf Websites von Drittanbietern, wie z. B. Marine Traffic, verfolgen oder die Fahrpl\u00e4ne im Auge behalten, die je nach Anbieter m\u00f6glicherweise nicht in Echtzeit aktualisiert werden.<\/p>\n<ul>\n<li>NYK &#8211; bietet kein Live-Tracking an &#8211; Sie m\u00fcssen die aktuellen Fahrpl\u00e4ne auf ihrer <a href=\"http:\/\/www.nykroro.com\/customer\/schedules.html\">Website<\/a> \u00fcberpr\u00fcfen<\/li>\n<\/ul>\n<p>[\/et_pb_text][et_pb_text _builder_version=&#8220;4.16&#8243; global_colors_info=&#8220;{}&#8220;]<\/p>\n<h2><strong>Live-Schiffsverfolgung<\/strong><\/h2>\n<p>Um ein bestimmtes Schiff aufzusp\u00fcren, k\u00f6nnen Sie die Suchfunktion auf der untenstehenden Karte nutzen. Sie ben\u00f6tigen dazu nur den Schiffsnamen<\/p>\n<p><script type=\"text\/javascript\"> width='100%';\t\/\/ the width of the embedded map in pixels or percentage height='750';\t\/\/ the height of the embedded map in pixels or percentage border='1';\t\/\/ the width of the border around the map (zero means no border) shownames='false';\t\/\/ to display ship names on the map (true or false) latitude='37.4460';\t\/\/ the latitude of the center of the map, in decimal degrees longitude='24.9467';\t\/\/ the longitude of the center of the map, in decimal degrees zoom='9';\t\/\/ the zoom level of the map (values between 2 and 17) maptype='1';\t\/\/ use 0 for Normal Map, 1 for Satellite, 2 for OpenStreetMap trackvessel='0';\t\/\/ MMSI of a vessel (note: vessel will be displayed only if within range of the system) - overrides \"zoom\" option fleet='';\t\/\/ the registered email address of a user-defined fleet (user's default fleet is used) <\/script> <script type=\"text\/javascript\" src=\"\/\/www.marinetraffic.com\/js\/embed.js\"><\/script><\/p>\n<p>[\/et_pb_text][\/et_pb_column][\/et_pb_row][\/et_pb_section]<\/p>\n","protected":false},"excerpt":{"rendered":"<p>Verfolgung von Schiffen und Ladungen &nbsp; Es gibt verschiedene M\u00f6glichkeiten, Ihre Fracht und das Schiff, auf dem sie sich befindet, zu verfolgen. Dabei ist zu beachten, dass nicht alle Spediteure eine Echtzeitverfolgung der Fracht anbieten. Verfolgungssystem des Transportunternehmens &#8211; einige, aber nicht alle Transportunternehmen haben die M\u00f6glichkeit, die Fracht auf ihren Websites zu verfolgen. Nutzung [&hellip;]<\/p>\n","protected":false},"author":1,"featured_media":0,"parent":0,"menu_order":0,"comment_status":"closed","ping_status":"closed","template":"","meta":{"_et_pb_use_builder":"on","_et_pb_old_content":"","_et_gb_content_width":"","content-type":"","footnotes":""},"class_list":["post-134297","page","type-page","status-publish","hentry"],"yoast_head":"<!-- This site is optimized with the Yoast SEO plugin v27.2 - https:\/\/yoast.com\/product\/yoast-seo-wordpress\/ -->\n<title>Roll on Roll off (RORO) Schiffs- und Frachtverfolgung<\/title>\n<meta name=\"description\" content=\"RORO Cargo Tracking f\u00fcr den Fahrzeugversand, Links und Informationen, wie und wo man die Fracht oder das Schiff verfolgt.\" \/>\n<meta name=\"robots\" content=\"index, follow, max-snippet:-1, max-image-preview:large, max-video-preview:-1\" \/>\n<link rel=\"canonical\" href=\"https:\/\/ivssuk.com\/de\/verfolgung-von-schiffen-und-ladungen\/\" \/>\n<meta property=\"og:locale\" content=\"de_DE\" \/>\n<meta property=\"og:type\" content=\"article\" \/>\n<meta property=\"og:title\" content=\"Roll on Roll off (RORO) Schiffs- und Frachtverfolgung\" \/>\n<meta property=\"og:description\" content=\"RORO Cargo Tracking f\u00fcr den Fahrzeugversand, Links und Informationen, wie und wo man die Fracht oder das Schiff verfolgt.\" \/>\n<meta property=\"og:url\" content=\"https:\/\/ivssuk.com\/de\/verfolgung-von-schiffen-und-ladungen\/\" \/>\n<meta property=\"og:site_name\" content=\"IVSS\" \/>\n<meta property=\"article:publisher\" content=\"https:\/\/www.facebook.com\/IVSSUK\" \/>\n<meta property=\"article:modified_time\" content=\"2023-08-18T21:34:22+00:00\" \/>\n<meta name=\"twitter:card\" content=\"summary_large_image\" \/>\n<meta name=\"twitter:site\" content=\"@ivssuk\" \/>\n<meta name=\"twitter:label1\" content=\"Gesch\u00e4tzte Lesezeit\" \/>\n\t<meta name=\"twitter:data1\" content=\"2\u00a0Minuten\" \/>\n<script type=\"application\/ld+json\" class=\"yoast-schema-graph\">{\"@context\":\"https:\/\/schema.org\",\"@graph\":[{\"@type\":\"WebPage\",\"@id\":\"https:\/\/ivssuk.com\/de\/verfolgung-von-schiffen-und-ladungen\/\",\"url\":\"https:\/\/ivssuk.com\/de\/verfolgung-von-schiffen-und-ladungen\/\",\"name\":\"Roll on Roll off (RORO) Schiffs- und Frachtverfolgung\",\"isPartOf\":{\"@id\":\"https:\/\/ivssuk.com\/de\/#website\"},\"datePublished\":\"2023-08-18T21:23:49+00:00\",\"dateModified\":\"2023-08-18T21:34:22+00:00\",\"description\":\"RORO Cargo Tracking f\u00fcr den Fahrzeugversand, Links und Informationen, wie und wo man die Fracht oder das Schiff verfolgt.\",\"breadcrumb\":{\"@id\":\"https:\/\/ivssuk.com\/de\/verfolgung-von-schiffen-und-ladungen\/#breadcrumb\"},\"inLanguage\":\"de\",\"potentialAction\":[{\"@type\":\"ReadAction\",\"target\":[\"https:\/\/ivssuk.com\/de\/verfolgung-von-schiffen-und-ladungen\/\"]}]},{\"@type\":\"BreadcrumbList\",\"@id\":\"https:\/\/ivssuk.com\/de\/verfolgung-von-schiffen-und-ladungen\/#breadcrumb\",\"itemListElement\":[{\"@type\":\"ListItem\",\"position\":1,\"name\":\"Startseite\",\"item\":\"https:\/\/ivssuk.com\/de\/startseite\/\"},{\"@type\":\"ListItem\",\"position\":2,\"name\":\"Verfolgung von Schiffen und Ladungen\"}]},{\"@type\":\"WebSite\",\"@id\":\"https:\/\/ivssuk.com\/de\/#website\",\"url\":\"https:\/\/ivssuk.com\/de\/\",\"name\":\"IVSS\",\"description\":\"\",\"publisher\":{\"@id\":\"https:\/\/ivssuk.com\/de\/#organization\"},\"alternateName\":\"International Vehicle Shipping Services\",\"inLanguage\":\"de\"},{\"@type\":\"Organization\",\"@id\":\"https:\/\/ivssuk.com\/de\/#organization\",\"name\":\"International Vehicle Shipping Services\",\"alternateName\":\"IVSS\",\"url\":\"https:\/\/ivssuk.com\/de\/\",\"logo\":{\"@type\":\"ImageObject\",\"inLanguage\":\"de\",\"@id\":\"https:\/\/ivssuk.com\/de\/#\/schema\/logo\/image\/\",\"url\":\"https:\/\/i0.wp.com\/ivssuk.com\/wp-content\/uploads\/2017\/01\/IVSS-Logo-420web.png?fit=420%2C125&ssl=1\",\"contentUrl\":\"https:\/\/i0.wp.com\/ivssuk.com\/wp-content\/uploads\/2017\/01\/IVSS-Logo-420web.png?fit=420%2C125&ssl=1\",\"width\":420,\"height\":125,\"caption\":\"International Vehicle Shipping Services\"},\"image\":{\"@id\":\"https:\/\/ivssuk.com\/de\/#\/schema\/logo\/image\/\"},\"sameAs\":[\"https:\/\/www.facebook.com\/IVSSUK\",\"https:\/\/x.com\/ivssuk\"]}]}<\/script>\n<!-- \/ Yoast SEO plugin. -->","yoast_head_json":{"title":"Roll on Roll off (RORO) Schiffs- und Frachtverfolgung","description":"RORO Cargo Tracking f\u00fcr den Fahrzeugversand, Links und Informationen, wie und wo man die Fracht oder das Schiff verfolgt.","robots":{"index":"index","follow":"follow","max-snippet":"max-snippet:-1","max-image-preview":"max-image-preview:large","max-video-preview":"max-video-preview:-1"},"canonical":"https:\/\/ivssuk.com\/de\/verfolgung-von-schiffen-und-ladungen\/","og_locale":"de_DE","og_type":"article","og_title":"Roll on Roll off (RORO) Schiffs- und Frachtverfolgung","og_description":"RORO Cargo Tracking f\u00fcr den Fahrzeugversand, Links und Informationen, wie und wo man die Fracht oder das Schiff verfolgt.","og_url":"https:\/\/ivssuk.com\/de\/verfolgung-von-schiffen-und-ladungen\/","og_site_name":"IVSS","article_publisher":"https:\/\/www.facebook.com\/IVSSUK","article_modified_time":"2023-08-18T21:34:22+00:00","twitter_card":"summary_large_image","twitter_site":"@ivssuk","twitter_misc":{"Gesch\u00e4tzte Lesezeit":"2\u00a0Minuten"},"schema":{"@context":"https:\/\/schema.org","@graph":[{"@type":"WebPage","@id":"https:\/\/ivssuk.com\/de\/verfolgung-von-schiffen-und-ladungen\/","url":"https:\/\/ivssuk.com\/de\/verfolgung-von-schiffen-und-ladungen\/","name":"Roll on Roll off (RORO) Schiffs- und Frachtverfolgung","isPartOf":{"@id":"https:\/\/ivssuk.com\/de\/#website"},"datePublished":"2023-08-18T21:23:49+00:00","dateModified":"2023-08-18T21:34:22+00:00","description":"RORO Cargo Tracking f\u00fcr den Fahrzeugversand, Links und Informationen, wie und wo man die Fracht oder das Schiff verfolgt.","breadcrumb":{"@id":"https:\/\/ivssuk.com\/de\/verfolgung-von-schiffen-und-ladungen\/#breadcrumb"},"inLanguage":"de","potentialAction":[{"@type":"ReadAction","target":["https:\/\/ivssuk.com\/de\/verfolgung-von-schiffen-und-ladungen\/"]}]},{"@type":"BreadcrumbList","@id":"https:\/\/ivssuk.com\/de\/verfolgung-von-schiffen-und-ladungen\/#breadcrumb","itemListElement":[{"@type":"ListItem","position":1,"name":"Startseite","item":"https:\/\/ivssuk.com\/de\/startseite\/"},{"@type":"ListItem","position":2,"name":"Verfolgung von Schiffen und Ladungen"}]},{"@type":"WebSite","@id":"https:\/\/ivssuk.com\/de\/#website","url":"https:\/\/ivssuk.com\/de\/","name":"IVSS","description":"","publisher":{"@id":"https:\/\/ivssuk.com\/de\/#organization"},"alternateName":"International Vehicle Shipping Services","inLanguage":"de"},{"@type":"Organization","@id":"https:\/\/ivssuk.com\/de\/#organization","name":"International Vehicle Shipping Services","alternateName":"IVSS","url":"https:\/\/ivssuk.com\/de\/","logo":{"@type":"ImageObject","inLanguage":"de","@id":"https:\/\/ivssuk.com\/de\/#\/schema\/logo\/image\/","url":"https:\/\/i0.wp.com\/ivssuk.com\/wp-content\/uploads\/2017\/01\/IVSS-Logo-420web.png?fit=420%2C125&ssl=1","contentUrl":"https:\/\/i0.wp.com\/ivssuk.com\/wp-content\/uploads\/2017\/01\/IVSS-Logo-420web.png?fit=420%2C125&ssl=1","width":420,"height":125,"caption":"International Vehicle Shipping Services"},"image":{"@id":"https:\/\/ivssuk.com\/de\/#\/schema\/logo\/image\/"},"sameAs":["https:\/\/www.facebook.com\/IVSSUK","https:\/\/x.com\/ivssuk"]}]}},"_links":{"self":[{"href":"https:\/\/ivssuk.com\/de\/wp-json\/wp\/v2\/pages\/134297","targetHints":{"allow":["GET"]}}],"collection":[{"href":"https:\/\/ivssuk.com\/de\/wp-json\/wp\/v2\/pages"}],"about":[{"href":"https:\/\/ivssuk.com\/de\/wp-json\/wp\/v2\/types\/page"}],"author":[{"embeddable":true,"href":"https:\/\/ivssuk.com\/de\/wp-json\/wp\/v2\/users\/1"}],"replies":[{"embeddable":true,"href":"https:\/\/ivssuk.com\/de\/wp-json\/wp\/v2\/comments?post=134297"}],"version-history":[{"count":0,"href":"https:\/\/ivssuk.com\/de\/wp-json\/wp\/v2\/pages\/134297\/revisions"}],"wp:attachment":[{"href":"https:\/\/ivssuk.com\/de\/wp-json\/wp\/v2\/media?parent=134297"}],"curies":[{"name":"wp","href":"https:\/\/api.w.org\/{rel}","templated":true}]}}