{"id":134254,"date":"2023-08-18T22:18:28","date_gmt":"2023-08-18T21:18:28","guid":{"rendered":"https:\/\/ivssuk.com\/cookie-politik-2\/"},"modified":"2025-03-18T09:55:44","modified_gmt":"2025-03-18T09:55:44","slug":"cookie-politik-2","status":"publish","type":"page","link":"https:\/\/ivssuk.com\/da\/cookie-politik-2\/","title":{"rendered":"Cookie-politik"},"content":{"rendered":"<div class=\"cli_pg_page_contaner\">\n<h3>Om denne cookiepolitik<\/h3>\n<div>\n<p>Denne cookiepolitik forklarer, hvad cookies er, og hvordan vi bruger dem. Du b\u00f8r l\u00e6se denne politik for at forst\u00e5, hvad cookies er, hvordan vi bruger dem, de typer cookies, vi bruger, dvs. de oplysninger, vi indsamler ved hj\u00e6lp af cookies, og hvordan disse oplysninger bruges, og hvordan du styrer cookieindstillingerne. For yderligere oplysninger om, hvordan vi bruger, opbevarer og sikrer dine personlige data, se vores privatlivspolitik.<\/p>\n<p>Du kan til enhver tid \u00e6ndre eller tr\u00e6kke dit samtykke tilbage fra cookiedeklarationen p\u00e5 vores hjemmeside.<\/p>\n<p>L\u00e6s mere om, hvem vi er, hvordan du kan kontakte os, og hvordan vi behandler persondata i vores privatlivspolitik.<\/p>\n<p>Dit samtykke g\u00e6lder for f\u00f8lgende dom\u00e6ner: <a href=\"https:\/\/ivssuk.com\">ivssuk.com<\/a><\/p>\n<p>[user_consent_state]<\/p>\n<\/div>\n<h3>Hvad er cookies?<\/h3>\n<div>\n<p>Cookies er sm\u00e5 tekstfiler, der bruges til at gemme sm\u00e5 stykker information. Cookies gemmes p\u00e5 din enhed, n\u00e5r hjemmesiden indl\u00e6ses i din browser. Disse cookies hj\u00e6lper os med at f\u00e5 hjemmesiden til at fungere korrekt, g\u00f8re hjemmesiden mere sikker, give en bedre brugeroplevelse og forst\u00e5, hvordan hjemmesiden fungerer, og analysere, hvad der fungerer, og hvor der er behov for forbedringer.<\/p>\n<\/div>\n<h3>Hvordan bruger vi cookies?<\/h3>\n<div>\n<p>Som de fleste onlinetjenester bruger vores hjemmeside f\u00f8rsteparts- og tredjepartscookies til en r\u00e6kke form\u00e5l. F\u00f8rstepartscookies er for det meste n\u00f8dvendige, for at hjemmesiden kan fungere korrekt, og de indsamler ikke nogen af dine personligt identificerbare data.<\/p>\n<p>De tredjepartscookies, der bruges p\u00e5 vores websteder, bruges prim\u00e6rt til at forst\u00e5, hvordan webstedet fungerer, hvordan du interagerer med vores websted, holde vores tjenester sikre, levere reklamer, der er relevante for dig, og alt i alt give dig en bedre og forbedret brugeroplevelse og hj\u00e6lpe med at fremskynde dine fremtidige interaktioner med vores websted.<\/p>\n<\/div>\n<h3>Hvilke typer cookies bruger vi?<\/h3>\n<div>\n<p><span style=\"font-weight: bold;\">Vigtigt<\/span>: Nogle cookies er afg\u00f8rende for, at du kan opleve den fulde funktionalitet p\u00e5 vores websted. De giver os mulighed for at opretholde brugersessioner og forhindre eventuelle sikkerhedstrusler. De indsamler eller gemmer ikke nogen personlige oplysninger. For eksempel giver disse cookies dig mulighed for at logge ind p\u00e5 din konto og tilf\u00f8je produkter til din kurv og g\u00e5 sikkert til kassen.<\/p>\n<p><span style=\"font-weight: bold;\">Statistik:<\/span> Disse cookies gemmer oplysninger som antallet af bes\u00f8gende p\u00e5 hjemmesiden, antallet af unikke bes\u00f8gende, hvilke sider p\u00e5 hjemmesiden der er blevet bes\u00f8gt, kilden til bes\u00f8get osv. Disse data hj\u00e6lper os med at forst\u00e5 og analysere, hvor godt hjemmesiden fungerer, og hvor den skal forbedres.<\/p>\n<p><span style=\"font-weight: bold;\">Markedsf\u00f8ring:<\/span> Vores hjemmeside viser reklamer. Disse cookies bruges til at tilpasse de reklamer, vi viser dig, s\u00e5 de er meningsfulde for dig. Disse cookies hj\u00e6lper os ogs\u00e5 med at holde styr p\u00e5 effektiviteten af disse annoncekampagner.<\/p>\n<p>De oplysninger, der gemmes i disse cookies, kan ogs\u00e5 bruges af tredjepartsannonceudbydere til at vise dig annoncer p\u00e5 andre websteder i browseren.<\/p>\n<p><span style=\"font-weight: bold;\">Funktionelle:<\/span> Dette er de cookies, der hj\u00e6lper visse ikke-v\u00e6sentlige funktioner p\u00e5 vores hjemmeside. Disse funktionaliteter omfatter indlejring af indhold som videoer eller deling af indhold p\u00e5 hjemmesiden p\u00e5 sociale medieplatforme.<\/p>\n<p><span style=\"font-weight: bold;\">Pr\u00e6ferencer:<\/span> Disse cookies hj\u00e6lper os med at gemme dine indstillinger og browsingpr\u00e6ferencer, f.eks. sprogpr\u00e6ferencer, s\u00e5 du f\u00e5r en bedre og mere effektiv oplevelse ved fremtidige bes\u00f8g p\u00e5 hjemmesiden.<\/p>\n<p>[cookie_audit columns=&#8221;cookie,description&#8221; heading=&#8221;The below list details the cookies used in our website.&#8221;]<\/p>\n<\/div>\n<h3>Hvordan kan jeg styre cookie-pr\u00e6ferencerne?<\/h3>\n<div>\n<p>Hvis du beslutter dig for at \u00e6ndre dine pr\u00e6ferencer senere i din browsersession, kan du klikke p\u00e5 fanen &#8220;Privacy &amp; Cookie Policy&#8221; p\u00e5 din sk\u00e6rm. Dette vil vise meddelelsen om samtykke igen, s\u00e5 du kan \u00e6ndre dine pr\u00e6ferencer eller tr\u00e6kke dit samtykke helt tilbage.<\/p>\n<p>Derudover tilbyder forskellige browsere forskellige metoder til at blokere og slette cookies, der bruges af hjemmesider. Du kan \u00e6ndre indstillingerne i din browser for at blokere\/slette cookies. For at finde ud af mere om, hvordan du administrerer og sletter cookies, bes\u00f8g <a href=\"https:\/\/en.wikipedia.org\/wiki\/HTTP_cookie\" target=\"_blank\" rel=\"nofollow noopener\">wikipedia.org<\/a>, <a href=\"http:\/\/www.allaboutcookies.org\/\" target=\"_blank\" rel=\"nofollow noopener\">www.allaboutcookies.org<\/a>.<\/p>\n<\/div>\n<\/div>\n","protected":false},"excerpt":{"rendered":"<p>Om denne cookiepolitik Denne cookiepolitik forklarer, hvad cookies er, og hvordan vi bruger dem. Du b\u00f8r l\u00e6se denne politik for at forst\u00e5, hvad cookies er, hvordan vi bruger dem, de typer cookies, vi bruger, dvs. de oplysninger, vi indsamler ved hj\u00e6lp af cookies, og hvordan disse oplysninger bruges, og hvordan du styrer cookieindstillingerne. For yderligere [&hellip;]<\/p>\n","protected":false},"author":1,"featured_media":0,"parent":0,"menu_order":0,"comment_status":"closed","ping_status":"closed","template":"","meta":{"_et_pb_use_builder":"","_et_pb_old_content":"","_et_gb_content_width":"","content-type":"","footnotes":""},"class_list":["post-134254","page","type-page","status-publish","hentry"],"yoast_head":"<!-- This site is optimized with the Yoast SEO plugin v27.2 - https:\/\/yoast.com\/product\/yoast-seo-wordpress\/ -->\n<title>Cookie-politik - IVSS<\/title>\n<meta name=\"robots\" content=\"index, follow, max-snippet:-1, max-image-preview:large, max-video-preview:-1\" \/>\n<link rel=\"canonical\" href=\"https:\/\/ivssuk.com\/da\/cookie-politik-2\/\" \/>\n<meta property=\"og:locale\" content=\"da_DK\" \/>\n<meta property=\"og:type\" content=\"article\" \/>\n<meta property=\"og:title\" content=\"Cookie-politik - IVSS\" \/>\n<meta property=\"og:description\" content=\"Om denne cookiepolitik Denne cookiepolitik forklarer, hvad cookies er, og hvordan vi bruger dem. Du b\u00f8r l\u00e6se denne politik for at forst\u00e5, hvad cookies er, hvordan vi bruger dem, de typer cookies, vi bruger, dvs. de oplysninger, vi indsamler ved hj\u00e6lp af cookies, og hvordan disse oplysninger bruges, og hvordan du styrer cookieindstillingerne. For yderligere [&hellip;]\" \/>\n<meta property=\"og:url\" content=\"https:\/\/ivssuk.com\/da\/cookie-politik-2\/\" \/>\n<meta property=\"og:site_name\" content=\"IVSS\" \/>\n<meta property=\"article:publisher\" content=\"https:\/\/www.facebook.com\/IVSSUK\" \/>\n<meta property=\"article:modified_time\" content=\"2025-03-18T09:55:44+00:00\" \/>\n<meta name=\"twitter:card\" content=\"summary_large_image\" \/>\n<meta name=\"twitter:site\" content=\"@ivssuk\" \/>\n<meta name=\"twitter:label1\" content=\"Estimeret l\u00e6setid\" \/>\n\t<meta name=\"twitter:data1\" content=\"3 minutter\" \/>\n<script type=\"application\/ld+json\" class=\"yoast-schema-graph\">{\"@context\":\"https:\/\/schema.org\",\"@graph\":[{\"@type\":\"WebPage\",\"@id\":\"https:\/\/ivssuk.com\/da\/cookie-politik-2\/\",\"url\":\"https:\/\/ivssuk.com\/da\/cookie-politik-2\/\",\"name\":\"Cookie-politik - IVSS\",\"isPartOf\":{\"@id\":\"https:\/\/ivssuk.com\/da\/#website\"},\"datePublished\":\"2023-08-18T21:18:28+00:00\",\"dateModified\":\"2025-03-18T09:55:44+00:00\",\"breadcrumb\":{\"@id\":\"https:\/\/ivssuk.com\/da\/cookie-politik-2\/#breadcrumb\"},\"inLanguage\":\"da-DK\",\"potentialAction\":[{\"@type\":\"ReadAction\",\"target\":[\"https:\/\/ivssuk.com\/da\/cookie-politik-2\/\"]}]},{\"@type\":\"BreadcrumbList\",\"@id\":\"https:\/\/ivssuk.com\/da\/cookie-politik-2\/#breadcrumb\",\"itemListElement\":[{\"@type\":\"ListItem\",\"position\":1,\"name\":\"Hjem\",\"item\":\"https:\/\/ivssuk.com\/da\/hjem\/\"},{\"@type\":\"ListItem\",\"position\":2,\"name\":\"Cookie-politik\"}]},{\"@type\":\"WebSite\",\"@id\":\"https:\/\/ivssuk.com\/da\/#website\",\"url\":\"https:\/\/ivssuk.com\/da\/\",\"name\":\"IVSS\",\"description\":\"\",\"publisher\":{\"@id\":\"https:\/\/ivssuk.com\/da\/#organization\"},\"alternateName\":\"International Vehicle Shipping Services\",\"inLanguage\":\"da-DK\"},{\"@type\":\"Organization\",\"@id\":\"https:\/\/ivssuk.com\/da\/#organization\",\"name\":\"International transport af k\u00f8ret\u00f8jer\",\"alternateName\":\"IVSS\",\"url\":\"https:\/\/ivssuk.com\/da\/\",\"logo\":{\"@type\":\"ImageObject\",\"inLanguage\":\"da-DK\",\"@id\":\"https:\/\/ivssuk.com\/da\/#\/schema\/logo\/image\/\",\"url\":\"https:\/\/i0.wp.com\/ivssuk.com\/wp-content\/uploads\/2017\/01\/IVSS-Logo-420web.png?fit=420%2C125&ssl=1\",\"contentUrl\":\"https:\/\/i0.wp.com\/ivssuk.com\/wp-content\/uploads\/2017\/01\/IVSS-Logo-420web.png?fit=420%2C125&ssl=1\",\"width\":420,\"height\":125,\"caption\":\"International transport af k\u00f8ret\u00f8jer\"},\"image\":{\"@id\":\"https:\/\/ivssuk.com\/da\/#\/schema\/logo\/image\/\"},\"sameAs\":[\"https:\/\/www.facebook.com\/IVSSUK\",\"https:\/\/x.com\/ivssuk\"]}]}<\/script>\n<!-- \/ Yoast SEO plugin. -->","yoast_head_json":{"title":"Cookie-politik - IVSS","robots":{"index":"index","follow":"follow","max-snippet":"max-snippet:-1","max-image-preview":"max-image-preview:large","max-video-preview":"max-video-preview:-1"},"canonical":"https:\/\/ivssuk.com\/da\/cookie-politik-2\/","og_locale":"da_DK","og_type":"article","og_title":"Cookie-politik - IVSS","og_description":"Om denne cookiepolitik Denne cookiepolitik forklarer, hvad cookies er, og hvordan vi bruger dem. Du b\u00f8r l\u00e6se denne politik for at forst\u00e5, hvad cookies er, hvordan vi bruger dem, de typer cookies, vi bruger, dvs. de oplysninger, vi indsamler ved hj\u00e6lp af cookies, og hvordan disse oplysninger bruges, og hvordan du styrer cookieindstillingerne. For yderligere [&hellip;]","og_url":"https:\/\/ivssuk.com\/da\/cookie-politik-2\/","og_site_name":"IVSS","article_publisher":"https:\/\/www.facebook.com\/IVSSUK","article_modified_time":"2025-03-18T09:55:44+00:00","twitter_card":"summary_large_image","twitter_site":"@ivssuk","twitter_misc":{"Estimeret l\u00e6setid":"3 minutter"},"schema":{"@context":"https:\/\/schema.org","@graph":[{"@type":"WebPage","@id":"https:\/\/ivssuk.com\/da\/cookie-politik-2\/","url":"https:\/\/ivssuk.com\/da\/cookie-politik-2\/","name":"Cookie-politik - IVSS","isPartOf":{"@id":"https:\/\/ivssuk.com\/da\/#website"},"datePublished":"2023-08-18T21:18:28+00:00","dateModified":"2025-03-18T09:55:44+00:00","breadcrumb":{"@id":"https:\/\/ivssuk.com\/da\/cookie-politik-2\/#breadcrumb"},"inLanguage":"da-DK","potentialAction":[{"@type":"ReadAction","target":["https:\/\/ivssuk.com\/da\/cookie-politik-2\/"]}]},{"@type":"BreadcrumbList","@id":"https:\/\/ivssuk.com\/da\/cookie-politik-2\/#breadcrumb","itemListElement":[{"@type":"ListItem","position":1,"name":"Hjem","item":"https:\/\/ivssuk.com\/da\/hjem\/"},{"@type":"ListItem","position":2,"name":"Cookie-politik"}]},{"@type":"WebSite","@id":"https:\/\/ivssuk.com\/da\/#website","url":"https:\/\/ivssuk.com\/da\/","name":"IVSS","description":"","publisher":{"@id":"https:\/\/ivssuk.com\/da\/#organization"},"alternateName":"International Vehicle Shipping Services","inLanguage":"da-DK"},{"@type":"Organization","@id":"https:\/\/ivssuk.com\/da\/#organization","name":"International transport af k\u00f8ret\u00f8jer","alternateName":"IVSS","url":"https:\/\/ivssuk.com\/da\/","logo":{"@type":"ImageObject","inLanguage":"da-DK","@id":"https:\/\/ivssuk.com\/da\/#\/schema\/logo\/image\/","url":"https:\/\/i0.wp.com\/ivssuk.com\/wp-content\/uploads\/2017\/01\/IVSS-Logo-420web.png?fit=420%2C125&ssl=1","contentUrl":"https:\/\/i0.wp.com\/ivssuk.com\/wp-content\/uploads\/2017\/01\/IVSS-Logo-420web.png?fit=420%2C125&ssl=1","width":420,"height":125,"caption":"International transport af k\u00f8ret\u00f8jer"},"image":{"@id":"https:\/\/ivssuk.com\/da\/#\/schema\/logo\/image\/"},"sameAs":["https:\/\/www.facebook.com\/IVSSUK","https:\/\/x.com\/ivssuk"]}]}},"_links":{"self":[{"href":"https:\/\/ivssuk.com\/da\/wp-json\/wp\/v2\/pages\/134254","targetHints":{"allow":["GET"]}}],"collection":[{"href":"https:\/\/ivssuk.com\/da\/wp-json\/wp\/v2\/pages"}],"about":[{"href":"https:\/\/ivssuk.com\/da\/wp-json\/wp\/v2\/types\/page"}],"author":[{"embeddable":true,"href":"https:\/\/ivssuk.com\/da\/wp-json\/wp\/v2\/users\/1"}],"replies":[{"embeddable":true,"href":"https:\/\/ivssuk.com\/da\/wp-json\/wp\/v2\/comments?post=134254"}],"version-history":[{"count":0,"href":"https:\/\/ivssuk.com\/da\/wp-json\/wp\/v2\/pages\/134254\/revisions"}],"wp:attachment":[{"href":"https:\/\/ivssuk.com\/da\/wp-json\/wp\/v2\/media?parent=134254"}],"curies":[{"name":"wp","href":"https:\/\/api.w.org\/{rel}","templated":true}]}}